{"id":1064,"date":"2020-05-05T17:49:02","date_gmt":"2020-05-05T22:49:02","guid":{"rendered":"https:\/\/covar.com.co\/?page_id=1064"},"modified":"2020-06-13T16:46:37","modified_gmt":"2020-06-13T21:46:37","slug":"nuestros-servicios-construccion-industrial","status":"publish","type":"page","link":"https:\/\/covar.com.co\/en\/home\/nuestros-servicios-construccion-industrial","title":{"rendered":"Our services"},"content":{"rendered":"<div class=\"wp-block-media-text alignwide is-stacked-on-mobile\"><figure class=\"wp-block-media-text__media\"><img loading=\"lazy\" decoding=\"async\" width=\"1024\" height=\"576\" src=\"https:\/\/covar.com.co\/wp-content\/uploads\/2020\/04\/foto-comercial-2-1024x576.jpg\" alt=\"Estructuras, estas obras son un conjunto de elementos de uno o m\u00e1s materiales que se unen, ensamblan o conectan entre s\u00ed, para recibir y soportar cargas. Estas cargas luego son transmitidas al suelo y de esta manera, la estructura u obra civil puede mantener su funci\u00f3n est\u00e1tica. Algunos de los servicios que podemos suministrar dentro de este tipo de obra son, por ejemplo: Cimentaciones, Estructuras en concreto en altura, Tanques de almacenamiento de fluidos, Estructuras met\u00e1licas yMuros de contenci\u00f3n. Construcci\u00f3n\" class=\"wp-image-998\" srcset=\"https:\/\/covar.com.co\/wp-content\/uploads\/2020\/04\/foto-comercial-2-1024x576.jpg 1024w, https:\/\/covar.com.co\/wp-content\/uploads\/2020\/04\/foto-comercial-2-300x169.jpg 300w, https:\/\/covar.com.co\/wp-content\/uploads\/2020\/04\/foto-comercial-2-768x432.jpg 768w\" sizes=\"auto, (max-width: 1024px) 100vw, 1024px\" \/><\/figure><div class=\"wp-block-media-text__content\">\n<h3 class=\"wp-block-heading\"><strong>Structures<\/strong><\/h3>\n\n\n\n<p><\/p>\n<\/div><\/div>\n\n\n\n<div style=\"height:20px\" aria-hidden=\"true\" class=\"wp-block-spacer\"><\/div>\n\n\n\n<ul class=\"wp-block-list\"><li>Foundations.<\/li><li>Structures in concrete in height.<\/li><li>Fluid storage tanks.<\/li><li>Metallic structures.<\/li><li>Retaining walls.<\/li><\/ul>\n\n\n\n<div style=\"height:20px\" aria-hidden=\"true\" class=\"wp-block-spacer\"><\/div>\n\n\n\n<div style=\"height:20px\" aria-hidden=\"true\" class=\"wp-block-spacer\"><\/div>\n\n\n\n<div class=\"wp-block-media-text alignwide has-media-on-the-right is-stacked-on-mobile\"><figure class=\"wp-block-media-text__media\"><img loading=\"lazy\" decoding=\"async\" width=\"1024\" height=\"768\" src=\"https:\/\/covar.com.co\/wp-content\/uploads\/2020\/06\/IMG_20200207_152821-1024x768.jpg\" alt=\"\" class=\"wp-image-1183\" srcset=\"https:\/\/covar.com.co\/wp-content\/uploads\/2020\/06\/IMG_20200207_152821-1024x768.jpg 1024w, https:\/\/covar.com.co\/wp-content\/uploads\/2020\/06\/IMG_20200207_152821-300x225.jpg 300w, https:\/\/covar.com.co\/wp-content\/uploads\/2020\/06\/IMG_20200207_152821-768x576.jpg 768w, https:\/\/covar.com.co\/wp-content\/uploads\/2020\/06\/IMG_20200207_152821-1536x1152.jpg 1536w, https:\/\/covar.com.co\/wp-content\/uploads\/2020\/06\/IMG_20200207_152821-2048x1536.jpg 2048w\" sizes=\"auto, (max-width: 1024px) 100vw, 1024px\" \/><\/figure><div class=\"wp-block-media-text__content\">\n<h3 class=\"wp-block-heading\"><strong>Earthmoving<\/strong><\/h3>\n\n\n\n<p><\/p>\n<\/div><\/div>\n\n\n\n<div style=\"height:20px\" aria-hidden=\"true\" class=\"wp-block-spacer\"><\/div>\n\n\n\n<ul class=\"wp-block-list\"><li>Excavations on land.<\/li><li>Rock Excavations.<\/li><li>Slope, filter and drainage stability.<\/li><\/ul>\n\n\n\n<div style=\"height:20px\" aria-hidden=\"true\" class=\"wp-block-spacer\"><\/div>\n\n\n\n<div style=\"height:20px\" aria-hidden=\"true\" class=\"wp-block-spacer\"><\/div>\n\n\n\n<div class=\"wp-block-media-text alignwide is-stacked-on-mobile\"><figure class=\"wp-block-media-text__media\"><img loading=\"lazy\" decoding=\"async\" width=\"1024\" height=\"891\" src=\"https:\/\/covar.com.co\/wp-content\/uploads\/2020\/04\/20191010_163045_001-2-2-1024x891.jpg\" alt=\"V\u00edas. Este tipo de obras son \u00e1reas de uso p\u00fablico, privado o mixto, destinadas para el tr\u00e1nsito de personas, veh\u00edculos y animales. Es decir, estas obras pueden ir desde las zonas vehiculares de los conjuntos residenciales, carreteras nacionales, hasta muelles fluviales de uso tur\u00edstico. A continuaci\u00f3n, mencionamos los principales servicios que en COVAR LTDA ofrecemos y que se encuentran relacionados con este tipo de obras. Pavimentos r\u00edgidos, Pavimentos Flexibles, V\u00edas de Red terciar\u00eda y v\u00edas Urbanas, Muelles en lagos y r\u00edos. Construcci\u00f3n\" class=\"wp-image-930\" srcset=\"https:\/\/covar.com.co\/wp-content\/uploads\/2020\/04\/20191010_163045_001-2-2-1024x891.jpg 1024w, https:\/\/covar.com.co\/wp-content\/uploads\/2020\/04\/20191010_163045_001-2-2-300x261.jpg 300w, https:\/\/covar.com.co\/wp-content\/uploads\/2020\/04\/20191010_163045_001-2-2-768x668.jpg 768w, https:\/\/covar.com.co\/wp-content\/uploads\/2020\/04\/20191010_163045_001-2-2-1536x1336.jpg 1536w, https:\/\/covar.com.co\/wp-content\/uploads\/2020\/04\/20191010_163045_001-2-2-2048x1781.jpg 2048w\" sizes=\"auto, (max-width: 1024px) 100vw, 1024px\" \/><\/figure><div class=\"wp-block-media-text__content\">\n<h3 class=\"wp-block-heading\"><strong>Ways<\/strong><\/h3>\n<\/div><\/div>\n\n\n\n<div style=\"height:20px\" aria-hidden=\"true\" class=\"wp-block-spacer\"><\/div>\n\n\n\n<ul class=\"wp-block-list\"><li>Rigid pavements.<\/li><li>Flexible Pavements.<\/li><li>Tertiary network roads and urban roads.<\/li><li>Docks in lakes and rivers.<\/li><\/ul>\n\n\n\n<div style=\"height:20px\" aria-hidden=\"true\" class=\"wp-block-spacer\"><\/div>\n\n\n\n<div style=\"height:20px\" aria-hidden=\"true\" class=\"wp-block-spacer\"><\/div>\n\n\n\n<div class=\"wp-block-media-text alignwide has-media-on-the-right is-stacked-on-mobile\"><figure class=\"wp-block-media-text__media\"><img loading=\"lazy\" decoding=\"async\" width=\"640\" height=\"640\" src=\"https:\/\/covar.com.co\/wp-content\/uploads\/2020\/05\/IMG-20200212-WA0063-1.jpg\" alt=\"Espacio p\u00fablico. Este tipo de obras hacen referencia al conjunto de inmuebles cuya destinaci\u00f3n es para el disfrute y uso del p\u00fablico en general. Estas obras pueden ser privadas, p\u00fablicas o mixtas, es decir, todas las construcciones y elementos arquitect\u00f3nicos de uso p\u00fablico en general. A continuaci\u00f3n, mencionamos algunos de los servicios que prestamos en COVAR LTDA, relacionados con este tipo de obras: Parques,Puentes y Cerramientos contra impacto en \u00e1reas deportivas. Construcci\u00f3n\" class=\"wp-image-1066\" srcset=\"https:\/\/covar.com.co\/wp-content\/uploads\/2020\/05\/IMG-20200212-WA0063-1.jpg 640w, https:\/\/covar.com.co\/wp-content\/uploads\/2020\/05\/IMG-20200212-WA0063-1-300x300.jpg 300w, https:\/\/covar.com.co\/wp-content\/uploads\/2020\/05\/IMG-20200212-WA0063-1-150x150.jpg 150w\" sizes=\"auto, (max-width: 640px) 100vw, 640px\" \/><\/figure><div class=\"wp-block-media-text__content\">\n<h3 class=\"wp-block-heading\"><strong>Public space<\/strong><\/h3>\n<\/div><\/div>\n\n\n\n<div style=\"height:20px\" aria-hidden=\"true\" class=\"wp-block-spacer\"><\/div>\n\n\n\n<ul class=\"wp-block-list\"><li>Parks<\/li><li>Bridges.<\/li><li>Enclosures against impact in sports areas.<\/li><\/ul>\n\n\n\n<div style=\"height:20px\" aria-hidden=\"true\" class=\"wp-block-spacer\"><\/div>\n\n\n\n<div style=\"height:20px\" aria-hidden=\"true\" class=\"wp-block-spacer\"><\/div>\n\n\n\n<div class=\"wp-block-media-text alignwide is-stacked-on-mobile\"><figure class=\"wp-block-media-text__media\"><img loading=\"lazy\" decoding=\"async\" width=\"5312\" height=\"2988\" src=\"https:\/\/covar.com.co\/wp-content\/uploads\/2020\/06\/Urbanismo-foto-1-1.webp\" alt=\"\" class=\"wp-image-1192\"\/><\/figure><div class=\"wp-block-media-text__content\">\n<h3 class=\"wp-block-heading\"><strong>Town planning<\/strong><\/h3>\n\n\n\n<p><\/p>\n<\/div><\/div>\n\n\n\n<div style=\"height:20px\" aria-hidden=\"true\" class=\"wp-block-spacer\"><\/div>\n\n\n\n<ul class=\"wp-block-list\"><li>Aqueduct and sewer networks.<\/li><li>Electrical networks.<\/li><li>Vehicular roads.<\/li><li>Pedestrian<\/li><\/ul>\n\n\n\n<div style=\"height:20px\" aria-hidden=\"true\" class=\"wp-block-spacer\"><\/div>\n\n\n\n<div style=\"height:20px\" aria-hidden=\"true\" class=\"wp-block-spacer\"><\/div>\n\n\n\n<div class=\"wp-block-media-text alignwide has-media-on-the-right is-stacked-on-mobile\"><figure class=\"wp-block-media-text__media\"><img loading=\"lazy\" decoding=\"async\" width=\"1024\" height=\"768\" src=\"https:\/\/covar.com.co\/wp-content\/uploads\/2020\/04\/DSC06373-1024x768.jpg\" alt=\"Estas obras se caracterizan por ser mejoras realizadas a los inmuebles. Este tipo de obras no afectan la infraestructura y no implican un cambio de la distribuci\u00f3n interna de los inmuebles. Adicional, estas obras se enfocan en cambios arquitect\u00f3nicos y de interiores, tales como remodelaci\u00f3n de ba\u00f1os, zonas comunes interiores, entre otras. A continuaci\u00f3n, mencionamos algunos de los servicios que ofrecemos para este tipo de obras: Impermiabilizaci\u00f3n de techos y paredes de edificaciones. Pintura de exteriores e interiores de edificios, conjuntos residenciales y casas. En general, todo tipo de reparaci\u00f3n y mantenimiento de Edificaciones. Construcci\u00f3n\" class=\"wp-image-1002\" srcset=\"https:\/\/covar.com.co\/wp-content\/uploads\/2020\/04\/DSC06373-1024x768.jpg 1024w, https:\/\/covar.com.co\/wp-content\/uploads\/2020\/04\/DSC06373-300x225.jpg 300w, https:\/\/covar.com.co\/wp-content\/uploads\/2020\/04\/DSC06373-768x576.jpg 768w, https:\/\/covar.com.co\/wp-content\/uploads\/2020\/04\/DSC06373-1536x1152.jpg 1536w, https:\/\/covar.com.co\/wp-content\/uploads\/2020\/04\/DSC06373.jpg 1632w\" sizes=\"auto, (max-width: 1024px) 100vw, 1024px\" \/><\/figure><div class=\"wp-block-media-text__content\">\n<h3 class=\"wp-block-heading\"><strong>Locative Works<\/strong><\/h3>\n<\/div><\/div>\n\n\n\n<div style=\"height:20px\" aria-hidden=\"true\" class=\"wp-block-spacer\"><\/div>\n\n\n\n<ul class=\"wp-block-list\"><li>Waterproofing of roofs and walls of buildings.<\/li><li>Painting of exteriors and interiors of buildings, residential complexes and houses.<\/li><li>In general, all types of building repair and maintenance.<\/li><\/ul>\n\n\n\n<div style=\"height:20px\" aria-hidden=\"true\" class=\"wp-block-spacer\"><\/div>\n\n\n\n<div style=\"height:20px\" aria-hidden=\"true\" class=\"wp-block-spacer\"><\/div>\n\n\n\n<div class=\"wp-block-media-text alignwide is-stacked-on-mobile\"><figure class=\"wp-block-media-text__media\"><img loading=\"lazy\" decoding=\"async\" width=\"5312\" height=\"2988\" src=\"https:\/\/covar.com.co\/wp-content\/uploads\/2020\/06\/foto-canalizaciones-y-reds.webp\" alt=\"\" class=\"wp-image-1194\"\/><\/figure><div class=\"wp-block-media-text__content\">\n<h3 class=\"wp-block-heading\"><strong>Building Networks<\/strong><\/h3>\n\n\n\n<p><\/p>\n<\/div><\/div>\n\n\n\n<div style=\"height:20px\" aria-hidden=\"true\" class=\"wp-block-spacer\"><\/div>\n\n\n\n<ul class=\"wp-block-list\"><li>Hydro - sanitary networks.<\/li><li>Sanitary Batteries.<\/li><li>Gas Networks. <\/li><li>Assemblies of Voice and Data Network Systems.<\/li><\/ul>\n\n\n\n<div style=\"height:20px\" aria-hidden=\"true\" class=\"wp-block-spacer\"><\/div>\n\n\n\n<div style=\"height:20px\" aria-hidden=\"true\" class=\"wp-block-spacer\"><\/div>\n\n\n\n<div class=\"wp-block-media-text alignwide has-media-on-the-right is-stacked-on-mobile\"><figure class=\"wp-block-media-text__media\"><img loading=\"lazy\" decoding=\"async\" width=\"1024\" height=\"576\" src=\"https:\/\/covar.com.co\/wp-content\/uploads\/2020\/04\/20200109_164628-2-1024x576.jpg\" alt=\"Montajes Industriales. Este tipo de obras se enfocan en adecuaciones, dise\u00f1o y construcci\u00f3n de instalaciones industriales para operar acorde a los requerimientos legales y ambientales estipulados por las autoridades competentes. Estas obras se pueden encontrar presentes en todos los procesos, es decir, desde la recepci\u00f3n de materias primas, hasta la disposici\u00f3n final de residuos. A continuaci\u00f3n, mencionaremos algunos de los servicios que en COVAR LTDA  suministramos a nuestros clientes: Cimentaciones para Montajes,Pernos de Anclaje,Anclajes ep\u00f3xicos,Embebidos,Topograf\u00eda de alta precisi\u00f3n,Estructuras met\u00e1licas,Segregaci\u00f3n de Aguas industriales,Bodegas,Hangares,Demoliciones,Reparaci\u00f3n de filtraciones e impermeabilizaciones,Cerramientos y Bater\u00edas Sanitarias. Construcci\u00f3n\" class=\"wp-image-932\" srcset=\"https:\/\/covar.com.co\/wp-content\/uploads\/2020\/04\/20200109_164628-2-1024x576.jpg 1024w, https:\/\/covar.com.co\/wp-content\/uploads\/2020\/04\/20200109_164628-2-300x169.jpg 300w, https:\/\/covar.com.co\/wp-content\/uploads\/2020\/04\/20200109_164628-2-768x432.jpg 768w\" sizes=\"auto, (max-width: 1024px) 100vw, 1024px\" \/><\/figure><div class=\"wp-block-media-text__content\">\n<h3 class=\"wp-block-heading\"><strong>Industrial Assemblies<\/strong><\/h3>\n\n\n\n<p><\/p>\n<\/div><\/div>\n\n\n\n<div style=\"height:20px\" aria-hidden=\"true\" class=\"wp-block-spacer\"><\/div>\n\n\n\n<ul class=\"wp-block-list\"><li>Foundations for Assemblies.<\/li><li>Anchor Bolts.<\/li><li>Epoxy anchors.<\/li><li>Embedded.<\/li><li>High precision topography.<\/li><li>Metallic structures.<\/li><li>Industrial Water Segregation.<\/li><li>Wineries.<\/li><li>Hangars.<\/li><li>Demolitions.<\/li><li>Repair of leaks and waterproofing.<\/li><li>Enclosures.<\/li><li>Sanitary Batteries.<\/li><\/ul>\n\n\n\n<div style=\"height:20px\" aria-hidden=\"true\" class=\"wp-block-spacer\"><\/div>\n\n\n\n<p class=\"has-text-align-justify has-medium-font-size\"><em>If you want to know more about Our Experience, we invite you to click&nbsp;<a rel=\"noreferrer noopener\" href=\"https:\/\/covar.com.co\/en\/front-page\/nuestra-experiencia\/\" target=\"_blank\">Here<\/a>&nbsp;or in the link&nbsp;<a href=\"https:\/\/covar.com.co\/en\/front-page\/nuestra-experiencia\/\">\u201cOUR EXPERIENCE\u201d<\/a><\/em> <em>found in the main menu<\/em>.<\/p>","protected":false},"excerpt":{"rendered":"<p>Estructuras Cimentaciones. Estructuras en concreto en altura. Tanques de almacenamiento de fluidos. Estructuras met\u00e1licas. Muros de contenci\u00f3n. Movimientos de Tierras &hellip; <a href=\"https:\/\/covar.com.co\/en\/home\/nuestros-servicios-construccion-industrial\" class=\"more-link\">Continue reading <span class=\"screen-reader-text\">Our services<\/span><\/a><\/p>","protected":false},"author":1,"featured_media":0,"parent":6,"menu_order":0,"comment_status":"closed","ping_status":"closed","template":"","meta":{"_monsterinsights_skip_tracking":false,"_monsterinsights_sitenote_active":false,"_monsterinsights_sitenote_note":"","_monsterinsights_sitenote_category":0,"_uf_show_specific_survey":0,"_uf_disable_surveys":false,"_joinchat":[],"footnotes":""},"class_list":["post-1064","page","type-page","status-publish","hentry"],"aioseo_notices":[],"yoast_head":"<!-- This site is optimized with the Yoast SEO plugin v27.6 - https:\/\/yoast.com\/product\/yoast-seo-wordpress\/ -->\n<title>Construcci\u00f3n y Dise\u00f1o arquitect\u00f3nico - Nuestros Servicios - COVAR LTDA<\/title>\n<meta name=\"description\" content=\"Aqu\u00ed podr\u00e1 encontrar los principales servicios de obras civiles, construcci\u00f3n, obras arquitect\u00f3nicas y de ingenier\u00eda civil, dise\u00f1ados para nuestros clientes\" \/>\n<meta name=\"robots\" content=\"index, follow, max-snippet:-1, max-image-preview:large, max-video-preview:-1\" \/>\n<link rel=\"canonical\" href=\"https:\/\/covar.com.co\/en\/home\/nuestros-servicios-construccion-industrial\" \/>\n<meta property=\"og:locale\" content=\"en_US\" \/>\n<meta property=\"og:type\" content=\"article\" \/>\n<meta property=\"og:title\" content=\"Construcci\u00f3n y Dise\u00f1o arquitect\u00f3nico - Nuestros Servicios - COVAR LTDA\" \/>\n<meta property=\"og:description\" content=\"Aqu\u00ed podr\u00e1 encontrar los principales servicios de obras civiles, construcci\u00f3n, obras arquitect\u00f3nicas y de ingenier\u00eda civil, dise\u00f1ados para nuestros clientes\" \/>\n<meta property=\"og:url\" content=\"https:\/\/covar.com.co\/en\/home\/nuestros-servicios-construccion-industrial\" \/>\n<meta property=\"og:site_name\" content=\"COVAR LTDA\" \/>\n<meta property=\"article:publisher\" content=\"https:\/\/www.facebook.com\/COVAR-101618024865970\" \/>\n<meta property=\"article:modified_time\" content=\"2020-06-13T21:46:37+00:00\" \/>\n<meta property=\"og:image\" content=\"https:\/\/covar.com.co\/wp-content\/uploads\/2020\/04\/foto-comercial-2-1024x576.jpg\" \/>\n<meta name=\"twitter:card\" content=\"summary_large_image\" \/>\n<meta name=\"twitter:site\" content=\"@covarltda\" \/>\n<meta name=\"twitter:label1\" content=\"Est. reading time\" \/>\n\t<meta name=\"twitter:data1\" content=\"1 minute\" \/>\n<script type=\"application\/ld+json\" class=\"yoast-schema-graph\">{\"@context\":\"https:\\\/\\\/schema.org\",\"@graph\":[{\"@type\":\"WebPage\",\"@id\":\"https:\\\/\\\/covar.com.co\\\/en\\\/home\\\/nuestros-servicios-construccion-industrial\",\"url\":\"https:\\\/\\\/covar.com.co\\\/en\\\/home\\\/nuestros-servicios-construccion-industrial\",\"name\":\"Construcci\u00f3n y Dise\u00f1o arquitect\u00f3nico - Nuestros Servicios - COVAR LTDA\",\"isPartOf\":{\"@id\":\"https:\\\/\\\/covar.com.co\\\/es\\\/#website\"},\"primaryImageOfPage\":{\"@id\":\"https:\\\/\\\/covar.com.co\\\/en\\\/home\\\/nuestros-servicios-construccion-industrial#primaryimage\"},\"image\":{\"@id\":\"https:\\\/\\\/covar.com.co\\\/en\\\/home\\\/nuestros-servicios-construccion-industrial#primaryimage\"},\"thumbnailUrl\":\"https:\\\/\\\/covar.com.co\\\/wp-content\\\/uploads\\\/2020\\\/04\\\/foto-comercial-2-1024x576.jpg\",\"datePublished\":\"2020-05-05T22:49:02+00:00\",\"dateModified\":\"2020-06-13T21:46:37+00:00\",\"description\":\"Aqu\u00ed podr\u00e1 encontrar los principales servicios de obras civiles, construcci\u00f3n, obras arquitect\u00f3nicas y de ingenier\u00eda civil, dise\u00f1ados para nuestros clientes\",\"breadcrumb\":{\"@id\":\"https:\\\/\\\/covar.com.co\\\/en\\\/home\\\/nuestros-servicios-construccion-industrial#breadcrumb\"},\"inLanguage\":\"en-US\",\"potentialAction\":[{\"@type\":\"ReadAction\",\"target\":[\"https:\\\/\\\/covar.com.co\\\/en\\\/home\\\/nuestros-servicios-construccion-industrial\"]}]},{\"@type\":\"ImageObject\",\"inLanguage\":\"en-US\",\"@id\":\"https:\\\/\\\/covar.com.co\\\/en\\\/home\\\/nuestros-servicios-construccion-industrial#primaryimage\",\"url\":\"https:\\\/\\\/covar.com.co\\\/wp-content\\\/uploads\\\/2020\\\/04\\\/foto-comercial-2-1024x576.jpg\",\"contentUrl\":\"https:\\\/\\\/covar.com.co\\\/wp-content\\\/uploads\\\/2020\\\/04\\\/foto-comercial-2-1024x576.jpg\"},{\"@type\":\"BreadcrumbList\",\"@id\":\"https:\\\/\\\/covar.com.co\\\/en\\\/home\\\/nuestros-servicios-construccion-industrial#breadcrumb\",\"itemListElement\":[{\"@type\":\"ListItem\",\"position\":1,\"name\":\"Portada\",\"item\":\"https:\\\/\\\/covar.com.co\\\/es\\\/\"},{\"@type\":\"ListItem\",\"position\":2,\"name\":\"Home\",\"item\":\"https:\\\/\\\/covar.com.co\\\/es\\\/\"},{\"@type\":\"ListItem\",\"position\":3,\"name\":\"Nuestros Servicios\"}]},{\"@type\":\"WebSite\",\"@id\":\"https:\\\/\\\/covar.com.co\\\/es\\\/#website\",\"url\":\"https:\\\/\\\/covar.com.co\\\/es\\\/\",\"name\":\"COVAR LTDA\",\"description\":\"Constructions that make a difference\",\"publisher\":{\"@id\":\"https:\\\/\\\/covar.com.co\\\/es\\\/#organization\"},\"potentialAction\":[{\"@type\":\"SearchAction\",\"target\":{\"@type\":\"EntryPoint\",\"urlTemplate\":\"https:\\\/\\\/covar.com.co\\\/es\\\/?s={search_term_string}\"},\"query-input\":{\"@type\":\"PropertyValueSpecification\",\"valueRequired\":true,\"valueName\":\"search_term_string\"}}],\"inLanguage\":\"en-US\"},{\"@type\":\"Organization\",\"@id\":\"https:\\\/\\\/covar.com.co\\\/es\\\/#organization\",\"name\":\"COVAR LTDA\",\"url\":\"https:\\\/\\\/covar.com.co\\\/es\\\/\",\"logo\":{\"@type\":\"ImageObject\",\"inLanguage\":\"en-US\",\"@id\":\"https:\\\/\\\/covar.com.co\\\/es\\\/#\\\/schema\\\/logo\\\/image\\\/\",\"url\":\"https:\\\/\\\/covar.com.co\\\/wp-content\\\/uploads\\\/2020\\\/01\\\/12-1.png\",\"contentUrl\":\"https:\\\/\\\/covar.com.co\\\/wp-content\\\/uploads\\\/2020\\\/01\\\/12-1.png\",\"width\":500,\"height\":500,\"caption\":\"COVAR LTDA\"},\"image\":{\"@id\":\"https:\\\/\\\/covar.com.co\\\/es\\\/#\\\/schema\\\/logo\\\/image\\\/\"},\"sameAs\":[\"https:\\\/\\\/www.facebook.com\\\/COVAR-101618024865970\",\"https:\\\/\\\/x.com\\\/covarltda\",\"https:\\\/\\\/www.linkedin.com\\\/in\\\/jaime-corredor-1589641a6\"]}]}<\/script>\n<!-- \/ Yoast SEO plugin. -->","yoast_head_json":{"title":"Construcci\u00f3n y Dise\u00f1o arquitect\u00f3nico - Nuestros Servicios - COVAR LTDA","description":"Aqu\u00ed podr\u00e1 encontrar los principales servicios de obras civiles, construcci\u00f3n, obras arquitect\u00f3nicas y de ingenier\u00eda civil, dise\u00f1ados para nuestros clientes","robots":{"index":"index","follow":"follow","max-snippet":"max-snippet:-1","max-image-preview":"max-image-preview:large","max-video-preview":"max-video-preview:-1"},"canonical":"https:\/\/covar.com.co\/en\/home\/nuestros-servicios-construccion-industrial","og_locale":"en_US","og_type":"article","og_title":"Construcci\u00f3n y Dise\u00f1o arquitect\u00f3nico - Nuestros Servicios - COVAR LTDA","og_description":"Aqu\u00ed podr\u00e1 encontrar los principales servicios de obras civiles, construcci\u00f3n, obras arquitect\u00f3nicas y de ingenier\u00eda civil, dise\u00f1ados para nuestros clientes","og_url":"https:\/\/covar.com.co\/en\/home\/nuestros-servicios-construccion-industrial","og_site_name":"COVAR LTDA","article_publisher":"https:\/\/www.facebook.com\/COVAR-101618024865970","article_modified_time":"2020-06-13T21:46:37+00:00","og_image":[{"url":"https:\/\/covar.com.co\/wp-content\/uploads\/2020\/04\/foto-comercial-2-1024x576.jpg","type":"","width":"","height":""}],"twitter_card":"summary_large_image","twitter_site":"@covarltda","twitter_misc":{"Est. reading time":"1 minute"},"schema":{"@context":"https:\/\/schema.org","@graph":[{"@type":"WebPage","@id":"https:\/\/covar.com.co\/en\/home\/nuestros-servicios-construccion-industrial","url":"https:\/\/covar.com.co\/en\/home\/nuestros-servicios-construccion-industrial","name":"Construcci\u00f3n y Dise\u00f1o arquitect\u00f3nico - Nuestros Servicios - COVAR LTDA","isPartOf":{"@id":"https:\/\/covar.com.co\/es\/#website"},"primaryImageOfPage":{"@id":"https:\/\/covar.com.co\/en\/home\/nuestros-servicios-construccion-industrial#primaryimage"},"image":{"@id":"https:\/\/covar.com.co\/en\/home\/nuestros-servicios-construccion-industrial#primaryimage"},"thumbnailUrl":"https:\/\/covar.com.co\/wp-content\/uploads\/2020\/04\/foto-comercial-2-1024x576.jpg","datePublished":"2020-05-05T22:49:02+00:00","dateModified":"2020-06-13T21:46:37+00:00","description":"Aqu\u00ed podr\u00e1 encontrar los principales servicios de obras civiles, construcci\u00f3n, obras arquitect\u00f3nicas y de ingenier\u00eda civil, dise\u00f1ados para nuestros clientes","breadcrumb":{"@id":"https:\/\/covar.com.co\/en\/home\/nuestros-servicios-construccion-industrial#breadcrumb"},"inLanguage":"en-US","potentialAction":[{"@type":"ReadAction","target":["https:\/\/covar.com.co\/en\/home\/nuestros-servicios-construccion-industrial"]}]},{"@type":"ImageObject","inLanguage":"en-US","@id":"https:\/\/covar.com.co\/en\/home\/nuestros-servicios-construccion-industrial#primaryimage","url":"https:\/\/covar.com.co\/wp-content\/uploads\/2020\/04\/foto-comercial-2-1024x576.jpg","contentUrl":"https:\/\/covar.com.co\/wp-content\/uploads\/2020\/04\/foto-comercial-2-1024x576.jpg"},{"@type":"BreadcrumbList","@id":"https:\/\/covar.com.co\/en\/home\/nuestros-servicios-construccion-industrial#breadcrumb","itemListElement":[{"@type":"ListItem","position":1,"name":"Portada","item":"https:\/\/covar.com.co\/es\/"},{"@type":"ListItem","position":2,"name":"Home","item":"https:\/\/covar.com.co\/es\/"},{"@type":"ListItem","position":3,"name":"Nuestros Servicios"}]},{"@type":"WebSite","@id":"https:\/\/covar.com.co\/es\/#website","url":"https:\/\/covar.com.co\/es\/","name":"COVAR LTDA","description":"Constructions that make a difference","publisher":{"@id":"https:\/\/covar.com.co\/es\/#organization"},"potentialAction":[{"@type":"SearchAction","target":{"@type":"EntryPoint","urlTemplate":"https:\/\/covar.com.co\/es\/?s={search_term_string}"},"query-input":{"@type":"PropertyValueSpecification","valueRequired":true,"valueName":"search_term_string"}}],"inLanguage":"en-US"},{"@type":"Organization","@id":"https:\/\/covar.com.co\/es\/#organization","name":"COVAR LTDA","url":"https:\/\/covar.com.co\/es\/","logo":{"@type":"ImageObject","inLanguage":"en-US","@id":"https:\/\/covar.com.co\/es\/#\/schema\/logo\/image\/","url":"https:\/\/covar.com.co\/wp-content\/uploads\/2020\/01\/12-1.png","contentUrl":"https:\/\/covar.com.co\/wp-content\/uploads\/2020\/01\/12-1.png","width":500,"height":500,"caption":"COVAR LTDA"},"image":{"@id":"https:\/\/covar.com.co\/es\/#\/schema\/logo\/image\/"},"sameAs":["https:\/\/www.facebook.com\/COVAR-101618024865970","https:\/\/x.com\/covarltda","https:\/\/www.linkedin.com\/in\/jaime-corredor-1589641a6"]}]}},"jetpack_sharing_enabled":true,"_links":{"self":[{"href":"https:\/\/covar.com.co\/en\/wp-json\/wp\/v2\/pages\/1064","targetHints":{"allow":["GET"]}}],"collection":[{"href":"https:\/\/covar.com.co\/en\/wp-json\/wp\/v2\/pages"}],"about":[{"href":"https:\/\/covar.com.co\/en\/wp-json\/wp\/v2\/types\/page"}],"author":[{"embeddable":true,"href":"https:\/\/covar.com.co\/en\/wp-json\/wp\/v2\/users\/1"}],"replies":[{"embeddable":true,"href":"https:\/\/covar.com.co\/en\/wp-json\/wp\/v2\/comments?post=1064"}],"version-history":[{"count":47,"href":"https:\/\/covar.com.co\/en\/wp-json\/wp\/v2\/pages\/1064\/revisions"}],"predecessor-version":[{"id":1196,"href":"https:\/\/covar.com.co\/en\/wp-json\/wp\/v2\/pages\/1064\/revisions\/1196"}],"up":[{"embeddable":true,"href":"https:\/\/covar.com.co\/en\/wp-json\/wp\/v2\/pages\/6"}],"wp:attachment":[{"href":"https:\/\/covar.com.co\/en\/wp-json\/wp\/v2\/media?parent=1064"}],"curies":[{"name":"wp","href":"https:\/\/api.w.org\/{rel}","templated":true}]}}