{"id":532,"date":"2020-03-23T13:03:07","date_gmt":"2020-03-23T18:03:07","guid":{"rendered":"http:\/\/covar.com.co\/?page_id=532"},"modified":"2020-11-09T22:12:42","modified_gmt":"2020-11-10T03:12:42","slug":"nuestra-experiencia","status":"publish","type":"page","link":"https:\/\/covar.com.co\/en\/home\/nuestra-experiencia","title":{"rendered":"Our experience"},"content":{"rendered":"<div class=\"wp-block-group\"><div class=\"wp-block-group__inner-container is-layout-flow wp-block-group-is-layout-flow\">\n<div style=\"height:20px\" aria-hidden=\"true\" class=\"wp-block-spacer\"><\/div>\n<\/div><\/div>\n\n\n\n<div class=\"wp-block-columns is-layout-flex wp-container-core-columns-is-layout-9d6595d7 wp-block-columns-is-layout-flex\">\n<div class=\"wp-block-column is-layout-flow wp-block-column-is-layout-flow\">\n<p class=\"has-text-align-center has-very-light-gray-color has-vivid-cyan-blue-background-color has-text-color has-background\"><strong>26 years <\/strong>of continuous experience of its founders.<\/p>\n<\/div>\n\n\n\n<div class=\"wp-block-column is-layout-flow wp-block-column-is-layout-flow\">\n<p class=\"has-text-align-center has-very-light-gray-color has-pale-cyan-blue-background-color has-text-color has-background\">We exceeded the <strong>34,280 Colombian Minimum Monthly Legal<\/strong> Wages in force of accumulated value of our works<\/p>\n<\/div>\n<\/div>\n\n\n\n<div class=\"wp-block-columns is-layout-flex wp-container-core-columns-is-layout-9d6595d7 wp-block-columns-is-layout-flex\">\n<div class=\"wp-block-column is-layout-flow wp-block-column-is-layout-flow\">\n<p class=\"has-text-align-center has-very-light-gray-color has-pale-cyan-blue-background-color has-text-color has-background\">More than <strong>43 obras <\/strong>works carried out successfully<\/p>\n<\/div>\n\n\n\n<div class=\"wp-block-column is-layout-flow wp-block-column-is-layout-flow\">\n<p class=\"has-text-align-center has-very-light-gray-color has-vivid-cyan-blue-background-color has-text-color has-background\">Therefore, more than <strong>23<\/strong> <strong>satisfied costumers<\/strong> satisfechos<\/p>\n<\/div>\n<\/div>\n\n\n\n<div style=\"height:42px\" aria-hidden=\"true\" class=\"wp-block-spacer\"><\/div>\n\n\n\n<h2 class=\"has-text-align-left wp-block-heading\">Most relevant works executed by business line<\/h2>\n\n\n\n<div style=\"height:20px\" aria-hidden=\"true\" class=\"wp-block-spacer\"><\/div>\n\n\n\n<div class=\"wp-block-media-text alignwide is-stacked-on-mobile\"><figure class=\"wp-block-media-text__media\"><img loading=\"lazy\" decoding=\"async\" width=\"1024\" height=\"576\" src=\"https:\/\/covar.com.co\/wp-content\/uploads\/2020\/04\/20200109_164628-1024x576.jpg\" alt=\"\" class=\"wp-image-914\" srcset=\"https:\/\/covar.com.co\/wp-content\/uploads\/2020\/04\/20200109_164628-1024x576.jpg 1024w, https:\/\/covar.com.co\/wp-content\/uploads\/2020\/04\/20200109_164628-300x169.jpg 300w, https:\/\/covar.com.co\/wp-content\/uploads\/2020\/04\/20200109_164628-768x432.jpg 768w\" sizes=\"auto, (max-width: 1024px) 100vw, 1024px\" \/><\/figure><div class=\"wp-block-media-text__content\">\n<h3 class=\"has-text-align-center wp-block-heading\">Industrial Line<\/h3>\n<\/div><\/div>\n\n\n\n<figure class=\"wp-block-table\"><table  class=\"table table-hover\" ><thead><tr><th><strong>Object of the work<\/strong><\/th><th class=\"has-text-align-center\" data-align=\"center\"><strong>Execution<br>Year<\/strong><\/th><th><strong>Contracting entity<\/strong><\/th><\/tr><\/thead><tbody><tr><td>Plantas PARMALAT ampliacion en Bogot\u00e1, Boyac\u00e1 y Tenjo.<\/td><td class=\"has-text-align-center\" data-align=\"center\">1995<\/td><td>PARMALAT<\/td><\/tr><tr><td>Construcci\u00f3n de 48 Unidades Sanitarias.<\/td><td class=\"has-text-align-center\" data-align=\"center\">2000<\/td><td>COMPA\u00d1\u00cdA EL\u00c9CTRICA DE SOCHAGOTA<\/td><\/tr><tr><td>Ampliaci\u00f3n \u00c1rea Administrativa<\/td><td class=\"has-text-align-center\" data-align=\"center\">2002<\/td><td>ACEROS BOYAC\u00c1<\/td><\/tr><tr><td>Remodelaci\u00f3n baterias sanitarias y habitaciones primer sector<\/td><td class=\"has-text-align-center\" data-align=\"center\">2003<\/td><td>HOTEL SOCHAGOTA<\/td><\/tr><tr><td>Construcci\u00f3n Box &#8211; Culbert v\u00eda Las Monjas<\/td><td class=\"has-text-align-center\" data-align=\"center\">2005<\/td><td>ARGOS S.A.<\/td><\/tr><tr><td>Proyecto de segregaci\u00f3n aguas residuales planta cpr argos , desarenadores ,pozos y colectores.<\/td><td class=\"has-text-align-center\" data-align=\"center\">2006<\/td><td>ARGOS S.A.<\/td><\/tr><tr><td>Construcci\u00f3n estructura de cimentaci\u00f3n y cubierta del Polideportivo Argos planta cpr<\/td><td class=\"has-text-align-center\" data-align=\"center\">2006<\/td><td>ARGOS S.A.<\/td><\/tr><tr><td>Proyecto de Potabilizaci\u00f3n Argos CPR.<\/td><td class=\"has-text-align-center\" data-align=\"center\">2007<\/td><td>ARGOS S.A.<\/td><\/tr><tr><td>Construcci\u00f3n de muro en concreto reforzado h=7m, l=20m, proyecto de trituraci\u00f3n mina Las Monjas ARGOS.<\/td><td class=\"has-text-align-center\" data-align=\"center\">2007<\/td><td>ARGOS S.A.<\/td><\/tr><tr><td>Mantenimiento y remodelaci\u00f3n bater\u00edas sanitarias planta cpr<\/td><td class=\"has-text-align-center\" data-align=\"center\">2008<\/td><td>ARGOS S.A.<\/td><\/tr><tr><td>Mantenimiento almac\u00e9n de repuestos planta cpr<\/td><td class=\"has-text-align-center\" data-align=\"center\">2008<\/td><td>ARGOS S.A.<\/td><\/tr><tr><td>Cambio de tuber\u00eda existente, acero al carb\u00f3n por pvc rd 21, 3&#8243; planta cpr<\/td><td class=\"has-text-align-center\" data-align=\"center\">2008<\/td><td>ARGOS S.A.<\/td><\/tr><tr><td>Construcci\u00f3n, instalaci\u00f3n y montaje de la columna met\u00e1licas vi-31 de la nave de laminaci\u00f3n en Acer\u00edas Paz del R\u00edo planta Belencito<\/td><td class=\"has-text-align-center\" data-align=\"center\">2008<\/td><td>ACER\u00cdAS PAZ DEL R\u00cdO<\/td><\/tr><tr><td>Construcci\u00f3n de la columna v1-31 de la nave de laminaci\u00f3n<\/td><td class=\"has-text-align-center\" data-align=\"center\">2008<\/td><td>ACER\u00cdAS PAZ DEL R\u00cdO<\/td><\/tr><tr><td>Obra civil oficinas del taller de margas. Bater\u00eda de ba\u00f1os<\/td><td class=\"has-text-align-center\" data-align=\"center\">2010<\/td><td>ARGOS S.A.<\/td><\/tr><tr><td>Cimentaciones para planta de concreto, desarenadores, rampas lavado de pipas<\/td><td class=\"has-text-align-center\" data-align=\"center\">2011<\/td><td>CEMEX COLOMBIA<\/td><\/tr><tr><td>Construcci\u00f3n oficinas \u00e1rea administrativa<\/td><td class=\"has-text-align-center\" data-align=\"center\">2011<\/td><td>MALPENSA<\/td><\/tr><tr><td>Construcci\u00f3n de 200 pilotes para cimentaci\u00f3n de la ampliaci\u00f3n<\/td><td class=\"has-text-align-center\" data-align=\"center\">2011<\/td><td>RIVAC BUSSINES CORP<\/td><\/tr><tr><td>Adecuaciones estructurales y reforzamiento de los pisos 11 y 12 Oficinas de la empresa Jeronimo Martins (Almacenes ARA) .<\/td><td class=\"has-text-align-center\" data-align=\"center\">2018<\/td><td>RALF KUNZLI ARQUITECTOS<\/td><\/tr><\/tbody><\/table><\/figure>\n\n\n\n<div style=\"height:20px\" aria-hidden=\"true\" class=\"wp-block-spacer\"><\/div>\n\n\n\n<div class=\"wp-block-media-text alignwide has-media-on-the-right is-stacked-on-mobile\"><figure class=\"wp-block-media-text__media\"><img loading=\"lazy\" decoding=\"async\" width=\"1024\" height=\"768\" src=\"https:\/\/covar.com.co\/wp-content\/uploads\/2020\/04\/Foto-comercial-1-1024x768.jpg\" alt=\"\" class=\"wp-image-963\" srcset=\"https:\/\/covar.com.co\/wp-content\/uploads\/2020\/04\/Foto-comercial-1-1024x768.jpg 1024w, https:\/\/covar.com.co\/wp-content\/uploads\/2020\/04\/Foto-comercial-1-300x225.jpg 300w, https:\/\/covar.com.co\/wp-content\/uploads\/2020\/04\/Foto-comercial-1-768x576.jpg 768w, https:\/\/covar.com.co\/wp-content\/uploads\/2020\/04\/Foto-comercial-1.jpg 1280w\" sizes=\"auto, (max-width: 1024px) 100vw, 1024px\" \/><\/figure><div class=\"wp-block-media-text__content\">\n<h3 class=\"has-text-align-center wp-block-heading\">Commercial Line<\/h3>\n<\/div><\/div>\n\n\n\n<figure class=\"wp-block-table\"><table  class=\"table table-hover\" ><thead><tr><th><strong>Object of the work<\/strong><\/th><th class=\"has-text-align-center\" data-align=\"center\"><strong>Execution<br>Year<\/strong><\/th><th><strong>Contracting entity<\/strong><\/th><\/tr><\/thead><tbody><tr><td>Construcci\u00f3n SEDE ADMINISTRATIVA DUITAMA<\/td><td class=\"has-text-align-center\" data-align=\"center\">2014 &#8211; 2015<\/td><td>CIRCULO DE VIAJES<\/td><\/tr><tr><td>Construcci\u00f3n SEDE ADMINISTRATIVA VILLAVICENCIO<\/td><td class=\"has-text-align-center\" data-align=\"center\">2015<\/td><td>CIRCULO DE VIAJES<\/td><\/tr><tr><td>Adecuaci\u00f3n SEDE ADMINISTRATIVA MEDELLIN<\/td><td class=\"has-text-align-center\" data-align=\"center\">2015<\/td><td>CIRCULO DE VIAJES<\/td><\/tr><tr><td>Construcci\u00f3n SEDE ADMINISTRATIVA CARTAGENA<\/td><td class=\"has-text-align-center\" data-align=\"center\">2015<\/td><td>CIRCULO DE VIAJES<\/td><\/tr><tr><td>Interventor\u00eda para la obra civil del montaje de la atracci\u00f3n mec\u00e1nica llamada Air Race del parque Mundo Aventura en Bogot\u00e1<\/td><td class=\"has-text-align-center\" data-align=\"center\">2019<\/td><td>CORPARQUES (FILIAL DE LA CAMAR\u00c1 DE COMERCIO DE BOGOT\u00c1)<\/td><\/tr><tr><td>Obras de Mantenimiento de la infraestructura de Parque Mundo Aventura Bogot\u00e1<\/td><td class=\"has-text-align-center\" data-align=\"center\">2019<\/td><td>CORPARQUES (FILIAL DE LA CAMAR\u00c1 DE COMERCIO DE BOGOT\u00c1)<\/td><\/tr><\/tbody><\/table><\/figure>\n\n\n\n<div style=\"height:20px\" aria-hidden=\"true\" class=\"wp-block-spacer\"><\/div>\n\n\n\n<div class=\"wp-block-media-text alignwide is-stacked-on-mobile\"><figure class=\"wp-block-media-text__media\"><img loading=\"lazy\" decoding=\"async\" width=\"640\" height=\"480\" src=\"https:\/\/covar.com.co\/wp-content\/uploads\/2020\/04\/residencial-campestre.jpg\" alt=\"\" class=\"wp-image-999\" srcset=\"https:\/\/covar.com.co\/wp-content\/uploads\/2020\/04\/residencial-campestre.jpg 640w, https:\/\/covar.com.co\/wp-content\/uploads\/2020\/04\/residencial-campestre-300x225.jpg 300w\" sizes=\"auto, (max-width: 640px) 100vw, 640px\" \/><\/figure><div class=\"wp-block-media-text__content\">\n<h3 class=\"has-text-align-center wp-block-heading\">Residential Line<\/h3>\n<\/div><\/div>\n\n\n\n<figure class=\"wp-block-table\"><table  class=\"table table-hover\" ><thead><tr><th><strong>Object of the work<\/strong><\/th><th class=\"has-text-align-center\" data-align=\"center\"><strong>Execution<br>Year<\/strong><\/th><th><strong>Contracting entity<\/strong><\/th><\/tr><\/thead><tbody><tr><td>Obras de urbanismo Ciudad Bolivar<\/td><td class=\"has-text-align-center\" data-align=\"center\">1990<\/td><td>PROSANTANA LTDA<\/td><\/tr><tr><td>Construcci\u00f3n de casa campestre<\/td><td class=\"has-text-align-center\" data-align=\"center\">1996<\/td><td>OBRA PROPIA<\/td><\/tr><tr><td>Obras de urbanismo Santa Barbara Central<\/td><td class=\"has-text-align-center\" data-align=\"center\">1997<\/td><td>PROSANTANA LTDA<\/td><\/tr><tr><td>Construcci\u00f3n Alcantarillado y acueducto Barrio Le\u00f3n XIII<\/td><td class=\"has-text-align-center\" data-align=\"center\">1997<\/td><td>MUNICIPIO DE DUITAMA<\/td><\/tr><tr><td>Construcci\u00f3n Vivienda Campestre Condominio El Cerezo-Paipa<\/td><td class=\"has-text-align-center\" data-align=\"center\">2008<\/td><td>MIGUEL ANGEL RUIZ<\/td><\/tr><tr><td>Construcci\u00f3n edificio&nbsp; de apartamentos&nbsp;( 8&nbsp;pisos y altillo)&nbsp;&nbsp;&nbsp;3.800 m2 de construcci\u00f3n<\/td><td class=\"has-text-align-center\" data-align=\"center\">2012 &#8211; 2013<\/td><td>OBRA PROPIA<\/td><\/tr><tr><td>Estructura met\u00e1lica Edificio Santa Mar\u00eda del Retiro<\/td><td class=\"has-text-align-center\" data-align=\"center\">2019<\/td><td>ORGANIZACI\u00d3N SANTA MAR\u00cdA<\/td><\/tr><\/tbody><\/table><\/figure>\n\n\n\n<div style=\"height:20px\" aria-hidden=\"true\" class=\"wp-block-spacer\"><\/div>\n\n\n\n<div class=\"wp-block-media-text alignwide has-media-on-the-right is-stacked-on-mobile\"><figure class=\"wp-block-media-text__media\"><img loading=\"lazy\" decoding=\"async\" width=\"1024\" height=\"576\" src=\"https:\/\/covar.com.co\/wp-content\/uploads\/2020\/04\/foto-cimentaciones-e-izajes-1-1024x576.jpg\" alt=\"\" class=\"wp-image-972\" srcset=\"https:\/\/covar.com.co\/wp-content\/uploads\/2020\/04\/foto-cimentaciones-e-izajes-1-1024x576.jpg 1024w, https:\/\/covar.com.co\/wp-content\/uploads\/2020\/04\/foto-cimentaciones-e-izajes-1-300x169.jpg 300w, https:\/\/covar.com.co\/wp-content\/uploads\/2020\/04\/foto-cimentaciones-e-izajes-1-768x432.jpg 768w\" sizes=\"auto, (max-width: 1024px) 100vw, 1024px\" \/><\/figure><div class=\"wp-block-media-text__content\">\n<h3 class=\"has-text-align-center wp-block-heading\">Institutional Line<\/h3>\n<\/div><\/div>\n\n\n\n<figure class=\"wp-block-table\"><table  class=\"table table-hover\" ><thead><tr><th><strong>Object of the work<\/strong><\/th><th class=\"has-text-align-center\" data-align=\"center\"><strong>Execution<br>Year<\/strong><\/th><th><strong>Contracting entity<\/strong><\/th><\/tr><\/thead><tbody><tr><td>Mejoramiento v\u00eda San Jos\u00e9 de Gacal Venta Quemada<\/td><td class=\"has-text-align-center\" data-align=\"center\">1996<\/td><td>GOBERNACI\u00d3N DE BOYAC\u00c1<\/td><\/tr><tr><td>Mejoramiento Camino Paipa &#8211; Rosal -. Tejar- Toibita<\/td><td class=\"has-text-align-center\" data-align=\"center\">1996<\/td><td>CAMINO VECINALES<\/td><\/tr><tr><td>Hospital San Vicente de Pa\u00fal Cubiertas y acabados.<\/td><td class=\"has-text-align-center\" data-align=\"center\">1997<\/td><td>MUNICIPIO DE PAIPA<\/td><\/tr><tr><td>Mejoramiento v\u00eda Higueras &#8211; Pantano de Vargas<\/td><td class=\"has-text-align-center\" data-align=\"center\">1998<\/td><td>CAMINO VECINALES<\/td><\/tr><tr><td>Mantenimiento v\u00eda Paipa &#8211; Pantano de Vargas<\/td><td class=\"has-text-align-center\" data-align=\"center\">2000<\/td><td>GOBERNACI\u00d3N DE BOYAC\u00c1<\/td><\/tr><tr><td>Batall\u00f3n Grupo Silva Plazas Restauraci\u00f3n Casino de Oficiales I Etapa.<\/td><td class=\"has-text-align-center\" data-align=\"center\">2000<\/td><td>EJERCITO NACIONAL<\/td><\/tr><tr><td>Construcci\u00f3n cerramiento costado noroccidental<\/td><td class=\"has-text-align-center\" data-align=\"center\">2000<\/td><td>HOSPITAL SAN ANTONIO-SOATA<\/td><\/tr><tr><td>Construcci\u00f3n II Etapa Colegio Juan Jos\u00e9 Rond\u00f3n<\/td><td class=\"has-text-align-center\" data-align=\"center\">2002<\/td><td>MUNICIPIO DE PAIPA<\/td><\/tr><tr><td>Construcci\u00f3n Subestaciones Red Subterran\u00e9a Sogamoso<\/td><td class=\"has-text-align-center\" data-align=\"center\">2004<\/td><td>EBSA<\/td><\/tr><tr><td>Levantamiento topogr\u00e1fico para la construcci\u00f3n de la nueva Sede Moniquira<\/td><td class=\"has-text-align-center\" data-align=\"center\">2008<\/td><td>HOSPITAL MONIQUIRA<\/td><\/tr><tr><td>Cerramiento contra impacto polideportivo EL BOSQUE.<\/td><td class=\"has-text-align-center\" data-align=\"center\">2017<\/td><td>MUNICIPIO DE PAIPA<\/td><\/tr><tr><td>Obras Preliminares , cerramiento y demoliciones del proyecto Edificio A y Edificio B dentro del Plan Maestro Colegio Helvetia.<\/td><td class=\"has-text-align-center\" data-align=\"center\">2018<\/td><td>PAYC S.A.S.<\/td><\/tr><tr><td>Construcci\u00f3n de tarima y carpa para exteriores del Club Militar Paipa, Boyac\u00e1.<\/td><td class=\"has-text-align-center\" data-align=\"center\">2019<\/td><td>CLUB MILITAR PAIPA<\/td><\/tr><\/tbody><\/table><\/figure>","protected":false},"excerpt":{"rendered":"<p>26 a\u00f1os de experiencia continua de sus fundadores. Superamos los 34.280 SMMLV de valor acumulado de nuestras obras M\u00e1s de &hellip; <a href=\"https:\/\/covar.com.co\/en\/home\/nuestra-experiencia\" class=\"more-link\">Continue reading <span class=\"screen-reader-text\">Our experience<\/span><\/a><\/p>","protected":false},"author":1,"featured_media":0,"parent":6,"menu_order":0,"comment_status":"closed","ping_status":"closed","template":"","meta":{"_monsterinsights_skip_tracking":false,"_monsterinsights_sitenote_active":false,"_monsterinsights_sitenote_note":"","_monsterinsights_sitenote_category":0,"_uf_show_specific_survey":0,"_uf_disable_surveys":false,"_joinchat":[],"footnotes":""},"class_list":["post-532","page","type-page","status-publish","hentry"],"aioseo_notices":[],"yoast_head":"<!-- This site is optimized with the Yoast SEO plugin v27.6 - https:\/\/yoast.com\/product\/yoast-seo-wordpress\/ -->\n<title>Nuestra Experiencia - COVAR LTDA<\/title>\n<meta name=\"robots\" content=\"index, follow, max-snippet:-1, max-image-preview:large, max-video-preview:-1\" \/>\n<link rel=\"canonical\" href=\"https:\/\/covar.com.co\/en\/home\/nuestra-experiencia\/\" \/>\n<meta property=\"og:locale\" content=\"en_US\" \/>\n<meta property=\"og:type\" content=\"article\" \/>\n<meta property=\"og:title\" content=\"Nuestra Experiencia - COVAR LTDA\" \/>\n<meta property=\"og:description\" content=\"26 a\u00f1os de experiencia continua de sus fundadores. Superamos los 34.280 SMMLV de valor acumulado de nuestras obras M\u00e1s de &hellip; Continue reading Nuestra Experiencia\" \/>\n<meta property=\"og:url\" content=\"https:\/\/covar.com.co\/en\/home\/nuestra-experiencia\/\" \/>\n<meta property=\"og:site_name\" content=\"COVAR LTDA\" \/>\n<meta property=\"article:publisher\" content=\"https:\/\/www.facebook.com\/COVAR-101618024865970\" \/>\n<meta property=\"article:modified_time\" content=\"2020-11-10T03:12:42+00:00\" \/>\n<meta property=\"og:image\" content=\"https:\/\/covar.com.co\/wp-content\/uploads\/2020\/04\/20200109_164628-1024x576.jpg\" \/>\n<meta name=\"twitter:card\" content=\"summary_large_image\" \/>\n<meta name=\"twitter:site\" content=\"@covarltda\" \/>\n<meta name=\"twitter:label1\" content=\"Est. reading time\" \/>\n\t<meta name=\"twitter:data1\" content=\"3 minutes\" \/>\n<script type=\"application\/ld+json\" class=\"yoast-schema-graph\">{\"@context\":\"https:\\\/\\\/schema.org\",\"@graph\":[{\"@type\":\"WebPage\",\"@id\":\"https:\\\/\\\/covar.com.co\\\/es\\\/home\\\/nuestra-experiencia\",\"url\":\"https:\\\/\\\/covar.com.co\\\/es\\\/home\\\/nuestra-experiencia\",\"name\":\"Nuestra Experiencia - COVAR LTDA\",\"isPartOf\":{\"@id\":\"https:\\\/\\\/covar.com.co\\\/es\\\/#website\"},\"primaryImageOfPage\":{\"@id\":\"https:\\\/\\\/covar.com.co\\\/es\\\/home\\\/nuestra-experiencia#primaryimage\"},\"image\":{\"@id\":\"https:\\\/\\\/covar.com.co\\\/es\\\/home\\\/nuestra-experiencia#primaryimage\"},\"thumbnailUrl\":\"https:\\\/\\\/covar.com.co\\\/wp-content\\\/uploads\\\/2020\\\/04\\\/20200109_164628-1024x576.jpg\",\"datePublished\":\"2020-03-23T18:03:07+00:00\",\"dateModified\":\"2020-11-10T03:12:42+00:00\",\"breadcrumb\":{\"@id\":\"https:\\\/\\\/covar.com.co\\\/es\\\/home\\\/nuestra-experiencia#breadcrumb\"},\"inLanguage\":\"en-US\",\"potentialAction\":[{\"@type\":\"ReadAction\",\"target\":[\"https:\\\/\\\/covar.com.co\\\/es\\\/home\\\/nuestra-experiencia\"]}]},{\"@type\":\"ImageObject\",\"inLanguage\":\"en-US\",\"@id\":\"https:\\\/\\\/covar.com.co\\\/es\\\/home\\\/nuestra-experiencia#primaryimage\",\"url\":\"https:\\\/\\\/covar.com.co\\\/wp-content\\\/uploads\\\/2020\\\/04\\\/20200109_164628-1024x576.jpg\",\"contentUrl\":\"https:\\\/\\\/covar.com.co\\\/wp-content\\\/uploads\\\/2020\\\/04\\\/20200109_164628-1024x576.jpg\"},{\"@type\":\"BreadcrumbList\",\"@id\":\"https:\\\/\\\/covar.com.co\\\/es\\\/home\\\/nuestra-experiencia#breadcrumb\",\"itemListElement\":[{\"@type\":\"ListItem\",\"position\":1,\"name\":\"Portada\",\"item\":\"https:\\\/\\\/covar.com.co\\\/es\\\/\"},{\"@type\":\"ListItem\",\"position\":2,\"name\":\"Home\",\"item\":\"https:\\\/\\\/covar.com.co\\\/es\\\/\"},{\"@type\":\"ListItem\",\"position\":3,\"name\":\"Nuestra Experiencia\"}]},{\"@type\":\"WebSite\",\"@id\":\"https:\\\/\\\/covar.com.co\\\/es\\\/#website\",\"url\":\"https:\\\/\\\/covar.com.co\\\/es\\\/\",\"name\":\"COVAR LTDA\",\"description\":\"Constructions that make a difference\",\"publisher\":{\"@id\":\"https:\\\/\\\/covar.com.co\\\/es\\\/#organization\"},\"potentialAction\":[{\"@type\":\"SearchAction\",\"target\":{\"@type\":\"EntryPoint\",\"urlTemplate\":\"https:\\\/\\\/covar.com.co\\\/es\\\/?s={search_term_string}\"},\"query-input\":{\"@type\":\"PropertyValueSpecification\",\"valueRequired\":true,\"valueName\":\"search_term_string\"}}],\"inLanguage\":\"en-US\"},{\"@type\":\"Organization\",\"@id\":\"https:\\\/\\\/covar.com.co\\\/es\\\/#organization\",\"name\":\"COVAR LTDA\",\"url\":\"https:\\\/\\\/covar.com.co\\\/es\\\/\",\"logo\":{\"@type\":\"ImageObject\",\"inLanguage\":\"en-US\",\"@id\":\"https:\\\/\\\/covar.com.co\\\/es\\\/#\\\/schema\\\/logo\\\/image\\\/\",\"url\":\"https:\\\/\\\/covar.com.co\\\/wp-content\\\/uploads\\\/2020\\\/01\\\/12-1.png\",\"contentUrl\":\"https:\\\/\\\/covar.com.co\\\/wp-content\\\/uploads\\\/2020\\\/01\\\/12-1.png\",\"width\":500,\"height\":500,\"caption\":\"COVAR LTDA\"},\"image\":{\"@id\":\"https:\\\/\\\/covar.com.co\\\/es\\\/#\\\/schema\\\/logo\\\/image\\\/\"},\"sameAs\":[\"https:\\\/\\\/www.facebook.com\\\/COVAR-101618024865970\",\"https:\\\/\\\/x.com\\\/covarltda\",\"https:\\\/\\\/www.linkedin.com\\\/in\\\/jaime-corredor-1589641a6\"]}]}<\/script>\n<!-- \/ Yoast SEO plugin. -->","yoast_head_json":{"title":"Nuestra Experiencia - COVAR LTDA","robots":{"index":"index","follow":"follow","max-snippet":"max-snippet:-1","max-image-preview":"max-image-preview:large","max-video-preview":"max-video-preview:-1"},"canonical":"https:\/\/covar.com.co\/en\/home\/nuestra-experiencia\/","og_locale":"en_US","og_type":"article","og_title":"Nuestra Experiencia - COVAR LTDA","og_description":"26 a\u00f1os de experiencia continua de sus fundadores. Superamos los 34.280 SMMLV de valor acumulado de nuestras obras M\u00e1s de &hellip; Continue reading Nuestra Experiencia","og_url":"https:\/\/covar.com.co\/en\/home\/nuestra-experiencia\/","og_site_name":"COVAR LTDA","article_publisher":"https:\/\/www.facebook.com\/COVAR-101618024865970","article_modified_time":"2020-11-10T03:12:42+00:00","og_image":[{"url":"https:\/\/covar.com.co\/wp-content\/uploads\/2020\/04\/20200109_164628-1024x576.jpg","type":"","width":"","height":""}],"twitter_card":"summary_large_image","twitter_site":"@covarltda","twitter_misc":{"Est. reading time":"3 minutes"},"schema":{"@context":"https:\/\/schema.org","@graph":[{"@type":"WebPage","@id":"https:\/\/covar.com.co\/es\/home\/nuestra-experiencia","url":"https:\/\/covar.com.co\/es\/home\/nuestra-experiencia","name":"Nuestra Experiencia - COVAR LTDA","isPartOf":{"@id":"https:\/\/covar.com.co\/es\/#website"},"primaryImageOfPage":{"@id":"https:\/\/covar.com.co\/es\/home\/nuestra-experiencia#primaryimage"},"image":{"@id":"https:\/\/covar.com.co\/es\/home\/nuestra-experiencia#primaryimage"},"thumbnailUrl":"https:\/\/covar.com.co\/wp-content\/uploads\/2020\/04\/20200109_164628-1024x576.jpg","datePublished":"2020-03-23T18:03:07+00:00","dateModified":"2020-11-10T03:12:42+00:00","breadcrumb":{"@id":"https:\/\/covar.com.co\/es\/home\/nuestra-experiencia#breadcrumb"},"inLanguage":"en-US","potentialAction":[{"@type":"ReadAction","target":["https:\/\/covar.com.co\/es\/home\/nuestra-experiencia"]}]},{"@type":"ImageObject","inLanguage":"en-US","@id":"https:\/\/covar.com.co\/es\/home\/nuestra-experiencia#primaryimage","url":"https:\/\/covar.com.co\/wp-content\/uploads\/2020\/04\/20200109_164628-1024x576.jpg","contentUrl":"https:\/\/covar.com.co\/wp-content\/uploads\/2020\/04\/20200109_164628-1024x576.jpg"},{"@type":"BreadcrumbList","@id":"https:\/\/covar.com.co\/es\/home\/nuestra-experiencia#breadcrumb","itemListElement":[{"@type":"ListItem","position":1,"name":"Portada","item":"https:\/\/covar.com.co\/es\/"},{"@type":"ListItem","position":2,"name":"Home","item":"https:\/\/covar.com.co\/es\/"},{"@type":"ListItem","position":3,"name":"Nuestra Experiencia"}]},{"@type":"WebSite","@id":"https:\/\/covar.com.co\/es\/#website","url":"https:\/\/covar.com.co\/es\/","name":"COVAR LTDA","description":"Constructions that make a difference","publisher":{"@id":"https:\/\/covar.com.co\/es\/#organization"},"potentialAction":[{"@type":"SearchAction","target":{"@type":"EntryPoint","urlTemplate":"https:\/\/covar.com.co\/es\/?s={search_term_string}"},"query-input":{"@type":"PropertyValueSpecification","valueRequired":true,"valueName":"search_term_string"}}],"inLanguage":"en-US"},{"@type":"Organization","@id":"https:\/\/covar.com.co\/es\/#organization","name":"COVAR LTDA","url":"https:\/\/covar.com.co\/es\/","logo":{"@type":"ImageObject","inLanguage":"en-US","@id":"https:\/\/covar.com.co\/es\/#\/schema\/logo\/image\/","url":"https:\/\/covar.com.co\/wp-content\/uploads\/2020\/01\/12-1.png","contentUrl":"https:\/\/covar.com.co\/wp-content\/uploads\/2020\/01\/12-1.png","width":500,"height":500,"caption":"COVAR LTDA"},"image":{"@id":"https:\/\/covar.com.co\/es\/#\/schema\/logo\/image\/"},"sameAs":["https:\/\/www.facebook.com\/COVAR-101618024865970","https:\/\/x.com\/covarltda","https:\/\/www.linkedin.com\/in\/jaime-corredor-1589641a6"]}]}},"jetpack_sharing_enabled":true,"_links":{"self":[{"href":"https:\/\/covar.com.co\/en\/wp-json\/wp\/v2\/pages\/532","targetHints":{"allow":["GET"]}}],"collection":[{"href":"https:\/\/covar.com.co\/en\/wp-json\/wp\/v2\/pages"}],"about":[{"href":"https:\/\/covar.com.co\/en\/wp-json\/wp\/v2\/types\/page"}],"author":[{"embeddable":true,"href":"https:\/\/covar.com.co\/en\/wp-json\/wp\/v2\/users\/1"}],"replies":[{"embeddable":true,"href":"https:\/\/covar.com.co\/en\/wp-json\/wp\/v2\/comments?post=532"}],"version-history":[{"count":13,"href":"https:\/\/covar.com.co\/en\/wp-json\/wp\/v2\/pages\/532\/revisions"}],"predecessor-version":[{"id":1206,"href":"https:\/\/covar.com.co\/en\/wp-json\/wp\/v2\/pages\/532\/revisions\/1206"}],"up":[{"embeddable":true,"href":"https:\/\/covar.com.co\/en\/wp-json\/wp\/v2\/pages\/6"}],"wp:attachment":[{"href":"https:\/\/covar.com.co\/en\/wp-json\/wp\/v2\/media?parent=532"}],"curies":[{"name":"wp","href":"https:\/\/api.w.org\/{rel}","templated":true}]}}