{"id":559,"date":"2020-03-23T13:02:31","date_gmt":"2020-03-23T18:02:31","guid":{"rendered":"http:\/\/covar.com.co\/?page_id=559"},"modified":"2020-06-01T13:32:40","modified_gmt":"2020-06-01T18:32:40","slug":"construimos-marcando-la-diferencia","status":"publish","type":"page","link":"https:\/\/covar.com.co\/en\/construimos-marcando-la-diferencia","title":{"rendered":"We build making a difference"},"content":{"rendered":"<p class=\"has-text-align-justify has-normal-font-size\">Next, we show our clients and the general public, what are the 5 reasons why all our works are characterized because \"We build making a difference\".<\/p>\n\n\n\n<div class=\"wp-block-columns is-layout-flex wp-container-core-columns-is-layout-9d6595d7 wp-block-columns-is-layout-flex\">\n<div class=\"wp-block-column is-layout-flow wp-block-column-is-layout-flow\">\n<div class=\"wp-block-image\"><figure class=\"aligncenter size-large is-resized\"><img loading=\"lazy\" decoding=\"async\" src=\"http:\/\/covar.com.co\/wp-content\/uploads\/2020\/03\/Flecha.png\" alt=\"Flexibilidad en magnitud y cronogramas para la ejecuci\u00f3n de los Proyectos. remodelaci\u00f3n. remodelacion. construimos. construccion.\" class=\"wp-image-586\" width=\"93\" height=\"100\" srcset=\"https:\/\/covar.com.co\/wp-content\/uploads\/2020\/03\/Flecha.png 342w, https:\/\/covar.com.co\/wp-content\/uploads\/2020\/03\/Flecha-278x300.png 278w\" sizes=\"auto, (max-width: 93px) 100vw, 93px\" \/><\/figure><\/div>\n\n\n\n<p class=\"has-text-align-center has-huge-font-size\">1<\/p>\n\n\n\n<p class=\"has-text-color has-text-align-center has-normal-font-size has-very-dark-gray-color\">Flexibility in magnitude and schedules for the execution of the Projects.<\/p>\n<\/div>\n\n\n\n<div class=\"wp-block-column is-layout-flow wp-block-column-is-layout-flow\">\n<div class=\"wp-block-image is-style-default\"><figure class=\"aligncenter size-large is-resized\"><img loading=\"lazy\" decoding=\"async\" src=\"http:\/\/covar.com.co\/wp-content\/uploads\/2020\/03\/Compas.png\" alt=\"Actualizaci\u00f3n constante de sus profesionales en las \u00faltimas tendencias de construcci\u00f3n y gesti\u00f3n de proyectos. remodelaci\u00f3n. remodelacion. construimos. construccion.\" class=\"wp-image-589\" width=\"62\" height=\"100\" srcset=\"https:\/\/covar.com.co\/wp-content\/uploads\/2020\/03\/Compas.png 223w, https:\/\/covar.com.co\/wp-content\/uploads\/2020\/03\/Compas-186x300.png 186w\" sizes=\"auto, (max-width: 62px) 100vw, 62px\" \/><\/figure><\/div>\n\n\n\n<p class=\"has-text-align-center has-huge-font-size\"> 2<\/p>\n\n\n\n<p class=\"has-text-color has-text-align-center has-normal-font-size has-very-dark-gray-color\">Constant updating of its professionals on the latest construction and project management trends.<\/p>\n<\/div>\n\n\n\n<div class=\"wp-block-column is-layout-flow wp-block-column-is-layout-flow\">\n<div class=\"wp-block-image\"><figure class=\"aligncenter size-large is-resized\"><img loading=\"lazy\" decoding=\"async\" src=\"http:\/\/covar.com.co\/wp-content\/uploads\/2020\/03\/Estrella-y-Chulo.png\" alt=\"Utilizaci\u00f3n de materiales y t\u00e9cnicas de construcci\u00f3n amigables con el medio ambiente. remodelaci\u00f3n. remodelacion. construimos. construccion.\" class=\"wp-image-590\" width=\"106\" height=\"100\" srcset=\"https:\/\/covar.com.co\/wp-content\/uploads\/2020\/03\/Estrella-y-Chulo.png 423w, https:\/\/covar.com.co\/wp-content\/uploads\/2020\/03\/Estrella-y-Chulo-300x286.png 300w\" sizes=\"auto, (max-width: 106px) 100vw, 106px\" \/><\/figure><\/div>\n\n\n\n<p class=\"has-text-align-center has-huge-font-size\">3<\/p>\n\n\n\n<p class=\"has-text-color has-text-align-center has-normal-font-size has-very-dark-gray-color\">Use of environmentally friendly construction materials and techniques.<\/p>\n<\/div>\n<\/div>\n\n\n\n<div class=\"wp-block-columns is-layout-flex wp-container-core-columns-is-layout-9d6595d7 wp-block-columns-is-layout-flex\">\n<div class=\"wp-block-column is-layout-flow wp-block-column-is-layout-flow\">\n<div class=\"wp-block-image\"><figure class=\"aligncenter size-large is-resized\"><img loading=\"lazy\" decoding=\"async\" src=\"http:\/\/covar.com.co\/wp-content\/uploads\/2020\/03\/Carta-o-Libro.png\" alt=\"Comunicaci\u00f3n e interacci\u00f3n permanente con nuestros clientes en el desarrollo de los proyectos. remodelaci\u00f3n. remodelacion. construimos. construccion.\" class=\"wp-image-616\" width=\"95\" height=\"100\" srcset=\"https:\/\/covar.com.co\/wp-content\/uploads\/2020\/03\/Carta-o-Libro.png 396w, https:\/\/covar.com.co\/wp-content\/uploads\/2020\/03\/Carta-o-Libro-286x300.png 286w\" sizes=\"auto, (max-width: 95px) 100vw, 95px\" \/><\/figure><\/div>\n\n\n\n<p class=\"has-text-align-center has-huge-font-size\">4<\/p>\n\n\n\n<p class=\"has-text-color has-text-align-center has-normal-font-size has-very-dark-gray-color\">Permanent communication and interaction with our clients in the development of projects.<\/p>\n<\/div>\n\n\n\n<div class=\"wp-block-column is-layout-flow wp-block-column-is-layout-flow\">\n<div class=\"wp-block-image\"><figure class=\"aligncenter size-large is-resized\"><img loading=\"lazy\" decoding=\"async\" src=\"http:\/\/covar.com.co\/wp-content\/uploads\/2020\/03\/Reloj.png\" alt=\"Entrega de informes peri\u00f3dicos a nuestros clientes del avance t\u00e9cnico y de inversi\u00f3n de los proyectos.\" class=\"wp-image-642\" width=\"106\" height=\"100\" srcset=\"https:\/\/covar.com.co\/wp-content\/uploads\/2020\/03\/Reloj.png 435w, https:\/\/covar.com.co\/wp-content\/uploads\/2020\/03\/Reloj-300x285.png 300w\" sizes=\"auto, (max-width: 106px) 100vw, 106px\" \/><\/figure><\/div>\n\n\n\n<p class=\"has-text-align-center has-huge-font-size\">5<\/p>\n\n\n\n<p class=\"has-text-color has-text-align-center has-normal-font-size has-very-dark-gray-color\">Delivery of periodic reports to our clients on the technical progress and investment of the projects.<\/p>\n<\/div>\n<\/div>\n\n\n\n<div style=\"height:20px\" aria-hidden=\"true\" class=\"wp-block-spacer\"><\/div>\n\n\n\n<p class=\"has-text-align-justify has-medium-font-size\"><em>If you want to know more about our business lines that we have designed for our clients, we invite you to click\u00a0<a rel=\"noreferrer noopener\" href=\"https:\/\/covar.com.co\/en\/home\/lineas-y-servicios-construccion-industri\/\" target=\"_blank\">Here<\/a>\u00a0or in the link\u00a0<a rel=\"noreferrer noopener\" href=\"https:\/\/covar.com.co\/en\/home\/lineas-y-servicios-construccion-industri\/\" target=\"_blank\">\"BUSINESS LINES\"<\/a><\/em>\u00a0<em>found in the main menu<\/em><\/p>\n\n\n\n<p><\/p>","protected":false},"excerpt":{"rendered":"<p>A continuaci\u00f3n, le mostramos a nuestros clientes y publico en general, cuales son las 5 razones por las cuales todas &hellip; <a href=\"https:\/\/covar.com.co\/en\/construimos-marcando-la-diferencia\" class=\"more-link\">Continue reading <span class=\"screen-reader-text\">We build making a difference<\/span><\/a><\/p>","protected":false},"author":1,"featured_media":0,"parent":0,"menu_order":0,"comment_status":"closed","ping_status":"closed","template":"","meta":{"_monsterinsights_skip_tracking":false,"_monsterinsights_sitenote_active":false,"_monsterinsights_sitenote_note":"","_monsterinsights_sitenote_category":0,"_uf_show_specific_survey":0,"_uf_disable_surveys":false,"_joinchat":[],"footnotes":""},"class_list":["post-559","page","type-page","status-publish","hentry"],"aioseo_notices":[],"yoast_head":"<!-- This site is optimized with the Yoast SEO plugin v27.6 - https:\/\/yoast.com\/product\/yoast-seo-wordpress\/ -->\n<title>Construimos marcando la diferencia - COVAR LTDA -<\/title>\n<meta name=\"description\" content=\"Por estas 5 razones en COVAR LTDA construimos marcando la diferencia y as\u00ed logramos que cada construcci\u00f3n para nuestros clientes cumpla con sus expectativas\" \/>\n<meta name=\"robots\" content=\"index, follow, max-snippet:-1, max-image-preview:large, max-video-preview:-1\" \/>\n<link rel=\"canonical\" href=\"https:\/\/covar.com.co\/en\/construimos-marcando-la-diferencia\/\" \/>\n<meta property=\"og:locale\" content=\"en_US\" \/>\n<meta property=\"og:type\" content=\"article\" \/>\n<meta property=\"og:title\" content=\"Construimos marcando la diferencia - COVAR LTDA -\" \/>\n<meta property=\"og:description\" content=\"Por estas 5 razones en COVAR LTDA construimos marcando la diferencia y as\u00ed logramos que cada construcci\u00f3n para nuestros clientes cumpla con sus expectativas\" \/>\n<meta property=\"og:url\" content=\"https:\/\/covar.com.co\/en\/construimos-marcando-la-diferencia\/\" \/>\n<meta property=\"og:site_name\" content=\"COVAR LTDA\" \/>\n<meta property=\"article:publisher\" content=\"https:\/\/www.facebook.com\/COVAR-101618024865970\" \/>\n<meta property=\"article:modified_time\" content=\"2020-06-01T18:32:40+00:00\" \/>\n<meta property=\"og:image\" content=\"http:\/\/covar.com.co\/wp-content\/uploads\/2020\/03\/Flecha.png\" \/>\n<meta name=\"twitter:card\" content=\"summary_large_image\" \/>\n<meta name=\"twitter:site\" content=\"@covarltda\" \/>\n<meta name=\"twitter:label1\" content=\"Est. reading time\" \/>\n\t<meta name=\"twitter:data1\" content=\"1 minute\" \/>\n<script type=\"application\/ld+json\" class=\"yoast-schema-graph\">{\"@context\":\"https:\\\/\\\/schema.org\",\"@graph\":[{\"@type\":\"WebPage\",\"@id\":\"https:\\\/\\\/covar.com.co\\\/es\\\/construimos-marcando-la-diferencia\",\"url\":\"https:\\\/\\\/covar.com.co\\\/es\\\/construimos-marcando-la-diferencia\",\"name\":\"Construimos marcando la diferencia - COVAR LTDA -\",\"isPartOf\":{\"@id\":\"https:\\\/\\\/covar.com.co\\\/es\\\/#website\"},\"primaryImageOfPage\":{\"@id\":\"https:\\\/\\\/covar.com.co\\\/es\\\/construimos-marcando-la-diferencia#primaryimage\"},\"image\":{\"@id\":\"https:\\\/\\\/covar.com.co\\\/es\\\/construimos-marcando-la-diferencia#primaryimage\"},\"thumbnailUrl\":\"http:\\\/\\\/covar.com.co\\\/wp-content\\\/uploads\\\/2020\\\/03\\\/Flecha.png\",\"datePublished\":\"2020-03-23T18:02:31+00:00\",\"dateModified\":\"2020-06-01T18:32:40+00:00\",\"description\":\"Por estas 5 razones en COVAR LTDA construimos marcando la diferencia y as\u00ed logramos que cada construcci\u00f3n para nuestros clientes cumpla con sus expectativas\",\"breadcrumb\":{\"@id\":\"https:\\\/\\\/covar.com.co\\\/es\\\/construimos-marcando-la-diferencia#breadcrumb\"},\"inLanguage\":\"en-US\",\"potentialAction\":[{\"@type\":\"ReadAction\",\"target\":[\"https:\\\/\\\/covar.com.co\\\/es\\\/construimos-marcando-la-diferencia\"]}]},{\"@type\":\"ImageObject\",\"inLanguage\":\"en-US\",\"@id\":\"https:\\\/\\\/covar.com.co\\\/es\\\/construimos-marcando-la-diferencia#primaryimage\",\"url\":\"http:\\\/\\\/covar.com.co\\\/wp-content\\\/uploads\\\/2020\\\/03\\\/Flecha.png\",\"contentUrl\":\"http:\\\/\\\/covar.com.co\\\/wp-content\\\/uploads\\\/2020\\\/03\\\/Flecha.png\"},{\"@type\":\"BreadcrumbList\",\"@id\":\"https:\\\/\\\/covar.com.co\\\/es\\\/construimos-marcando-la-diferencia#breadcrumb\",\"itemListElement\":[{\"@type\":\"ListItem\",\"position\":1,\"name\":\"Portada\",\"item\":\"https:\\\/\\\/covar.com.co\\\/es\\\/\"},{\"@type\":\"ListItem\",\"position\":2,\"name\":\"Construimos marcando la diferencia\"}]},{\"@type\":\"WebSite\",\"@id\":\"https:\\\/\\\/covar.com.co\\\/es\\\/#website\",\"url\":\"https:\\\/\\\/covar.com.co\\\/es\\\/\",\"name\":\"COVAR LTDA\",\"description\":\"Constructions that make a difference\",\"publisher\":{\"@id\":\"https:\\\/\\\/covar.com.co\\\/es\\\/#organization\"},\"potentialAction\":[{\"@type\":\"SearchAction\",\"target\":{\"@type\":\"EntryPoint\",\"urlTemplate\":\"https:\\\/\\\/covar.com.co\\\/es\\\/?s={search_term_string}\"},\"query-input\":{\"@type\":\"PropertyValueSpecification\",\"valueRequired\":true,\"valueName\":\"search_term_string\"}}],\"inLanguage\":\"en-US\"},{\"@type\":\"Organization\",\"@id\":\"https:\\\/\\\/covar.com.co\\\/es\\\/#organization\",\"name\":\"COVAR LTDA\",\"url\":\"https:\\\/\\\/covar.com.co\\\/es\\\/\",\"logo\":{\"@type\":\"ImageObject\",\"inLanguage\":\"en-US\",\"@id\":\"https:\\\/\\\/covar.com.co\\\/es\\\/#\\\/schema\\\/logo\\\/image\\\/\",\"url\":\"https:\\\/\\\/covar.com.co\\\/wp-content\\\/uploads\\\/2020\\\/01\\\/12-1.png\",\"contentUrl\":\"https:\\\/\\\/covar.com.co\\\/wp-content\\\/uploads\\\/2020\\\/01\\\/12-1.png\",\"width\":500,\"height\":500,\"caption\":\"COVAR LTDA\"},\"image\":{\"@id\":\"https:\\\/\\\/covar.com.co\\\/es\\\/#\\\/schema\\\/logo\\\/image\\\/\"},\"sameAs\":[\"https:\\\/\\\/www.facebook.com\\\/COVAR-101618024865970\",\"https:\\\/\\\/x.com\\\/covarltda\",\"https:\\\/\\\/www.linkedin.com\\\/in\\\/jaime-corredor-1589641a6\"]}]}<\/script>\n<!-- \/ Yoast SEO plugin. -->","yoast_head_json":{"title":"Construimos marcando la diferencia - COVAR LTDA -","description":"Por estas 5 razones en COVAR LTDA construimos marcando la diferencia y as\u00ed logramos que cada construcci\u00f3n para nuestros clientes cumpla con sus expectativas","robots":{"index":"index","follow":"follow","max-snippet":"max-snippet:-1","max-image-preview":"max-image-preview:large","max-video-preview":"max-video-preview:-1"},"canonical":"https:\/\/covar.com.co\/en\/construimos-marcando-la-diferencia\/","og_locale":"en_US","og_type":"article","og_title":"Construimos marcando la diferencia - COVAR LTDA -","og_description":"Por estas 5 razones en COVAR LTDA construimos marcando la diferencia y as\u00ed logramos que cada construcci\u00f3n para nuestros clientes cumpla con sus expectativas","og_url":"https:\/\/covar.com.co\/en\/construimos-marcando-la-diferencia\/","og_site_name":"COVAR LTDA","article_publisher":"https:\/\/www.facebook.com\/COVAR-101618024865970","article_modified_time":"2020-06-01T18:32:40+00:00","og_image":[{"url":"http:\/\/covar.com.co\/wp-content\/uploads\/2020\/03\/Flecha.png","type":"","width":"","height":""}],"twitter_card":"summary_large_image","twitter_site":"@covarltda","twitter_misc":{"Est. reading time":"1 minute"},"schema":{"@context":"https:\/\/schema.org","@graph":[{"@type":"WebPage","@id":"https:\/\/covar.com.co\/es\/construimos-marcando-la-diferencia","url":"https:\/\/covar.com.co\/es\/construimos-marcando-la-diferencia","name":"Construimos marcando la diferencia - COVAR LTDA -","isPartOf":{"@id":"https:\/\/covar.com.co\/es\/#website"},"primaryImageOfPage":{"@id":"https:\/\/covar.com.co\/es\/construimos-marcando-la-diferencia#primaryimage"},"image":{"@id":"https:\/\/covar.com.co\/es\/construimos-marcando-la-diferencia#primaryimage"},"thumbnailUrl":"http:\/\/covar.com.co\/wp-content\/uploads\/2020\/03\/Flecha.png","datePublished":"2020-03-23T18:02:31+00:00","dateModified":"2020-06-01T18:32:40+00:00","description":"Por estas 5 razones en COVAR LTDA construimos marcando la diferencia y as\u00ed logramos que cada construcci\u00f3n para nuestros clientes cumpla con sus expectativas","breadcrumb":{"@id":"https:\/\/covar.com.co\/es\/construimos-marcando-la-diferencia#breadcrumb"},"inLanguage":"en-US","potentialAction":[{"@type":"ReadAction","target":["https:\/\/covar.com.co\/es\/construimos-marcando-la-diferencia"]}]},{"@type":"ImageObject","inLanguage":"en-US","@id":"https:\/\/covar.com.co\/es\/construimos-marcando-la-diferencia#primaryimage","url":"http:\/\/covar.com.co\/wp-content\/uploads\/2020\/03\/Flecha.png","contentUrl":"http:\/\/covar.com.co\/wp-content\/uploads\/2020\/03\/Flecha.png"},{"@type":"BreadcrumbList","@id":"https:\/\/covar.com.co\/es\/construimos-marcando-la-diferencia#breadcrumb","itemListElement":[{"@type":"ListItem","position":1,"name":"Portada","item":"https:\/\/covar.com.co\/es\/"},{"@type":"ListItem","position":2,"name":"Construimos marcando la diferencia"}]},{"@type":"WebSite","@id":"https:\/\/covar.com.co\/es\/#website","url":"https:\/\/covar.com.co\/es\/","name":"COVAR LTDA","description":"Constructions that make a difference","publisher":{"@id":"https:\/\/covar.com.co\/es\/#organization"},"potentialAction":[{"@type":"SearchAction","target":{"@type":"EntryPoint","urlTemplate":"https:\/\/covar.com.co\/es\/?s={search_term_string}"},"query-input":{"@type":"PropertyValueSpecification","valueRequired":true,"valueName":"search_term_string"}}],"inLanguage":"en-US"},{"@type":"Organization","@id":"https:\/\/covar.com.co\/es\/#organization","name":"COVAR LTDA","url":"https:\/\/covar.com.co\/es\/","logo":{"@type":"ImageObject","inLanguage":"en-US","@id":"https:\/\/covar.com.co\/es\/#\/schema\/logo\/image\/","url":"https:\/\/covar.com.co\/wp-content\/uploads\/2020\/01\/12-1.png","contentUrl":"https:\/\/covar.com.co\/wp-content\/uploads\/2020\/01\/12-1.png","width":500,"height":500,"caption":"COVAR LTDA"},"image":{"@id":"https:\/\/covar.com.co\/es\/#\/schema\/logo\/image\/"},"sameAs":["https:\/\/www.facebook.com\/COVAR-101618024865970","https:\/\/x.com\/covarltda","https:\/\/www.linkedin.com\/in\/jaime-corredor-1589641a6"]}]}},"jetpack_sharing_enabled":true,"_links":{"self":[{"href":"https:\/\/covar.com.co\/en\/wp-json\/wp\/v2\/pages\/559","targetHints":{"allow":["GET"]}}],"collection":[{"href":"https:\/\/covar.com.co\/en\/wp-json\/wp\/v2\/pages"}],"about":[{"href":"https:\/\/covar.com.co\/en\/wp-json\/wp\/v2\/types\/page"}],"author":[{"embeddable":true,"href":"https:\/\/covar.com.co\/en\/wp-json\/wp\/v2\/users\/1"}],"replies":[{"embeddable":true,"href":"https:\/\/covar.com.co\/en\/wp-json\/wp\/v2\/comments?post=559"}],"version-history":[{"count":17,"href":"https:\/\/covar.com.co\/en\/wp-json\/wp\/v2\/pages\/559\/revisions"}],"predecessor-version":[{"id":1168,"href":"https:\/\/covar.com.co\/en\/wp-json\/wp\/v2\/pages\/559\/revisions\/1168"}],"wp:attachment":[{"href":"https:\/\/covar.com.co\/en\/wp-json\/wp\/v2\/media?parent=559"}],"curies":[{"name":"wp","href":"https:\/\/api.w.org\/{rel}","templated":true}]}}