{"id":710,"date":"2020-04-16T19:41:35","date_gmt":"2020-04-17T00:41:35","guid":{"rendered":"http:\/\/covar.com.co\/?page_id=710"},"modified":"2020-05-07T17:58:01","modified_gmt":"2020-05-07T22:58:01","slug":"contactenos","status":"publish","type":"page","link":"https:\/\/covar.com.co\/en\/contactenos","title":{"rendered":"Contact Us"},"content":{"rendered":"\n<p class=\"has-text-align-justify has-normal-font-size\">Para nosotros es importante estar en constante contacto con nuestros clientes y el p\u00fablico en general, por esta raz\u00f3n, cont\u00e1ctenos a trav\u00e9s de los distintos canales de comunicaci\u00f3n que hemos dise\u00f1ado para nuestros clientes y p\u00fablico en en general. Estos canales son los que mencionamos a continuaci\u00f3n.<\/p>\n\n\n\n<h2 class=\"has-text-align-left wp-block-heading\">Oficinas f\u00edsicas<\/h2>\n\n\n\n<div class=\"wp-block-columns is-layout-flex wp-container-core-columns-is-layout-9d6595d7 wp-block-columns-is-layout-flex\">\n<div class=\"wp-block-column is-layout-flow wp-block-column-is-layout-flow\" style=\"flex-basis:66.66%\">\n<iframe loading=\"lazy\" src=\"https:\/\/www.google.com\/maps\/embed?pb=!1m18!1m12!1m3!1d3969.196378139722!2d-73.03354773104023!3d5.827913399694277!2m3!1f0!2f0!3f0!3m2!1i1024!2i768!4f13.1!3m3!1m2!1s0x8e6a3f0c8e7f9733%3A0x675696eb6e2f9b!2zQ2wuIDE2ICMjMTUtNDcsIER1aXRhbWEsIEJveWFjw6E!5e0!3m2!1ses-419!2sco!4v1588176721432!5m2!1ses-419!2sco\" width=\"400\" height=\"300\" frameborder=\"0\" style=\"border:0;\" allowfullscreen=\"\" aria-hidden=\"false\" tabindex=\"0\"><\/iframe>\n<\/div>\n\n\n\n<div class=\"wp-block-column is-layout-flow wp-block-column-is-layout-flow\" style=\"flex-basis:33.33%\">\n<div class=\"wp-block-group\"><div class=\"wp-block-group__inner-container is-layout-flow wp-block-group-is-layout-flow\">\n<p class=\"has-text-align-justify has-medium-font-size\"><strong>SEDE DUITAMA<\/strong><\/p>\n\n\n\n<p class=\"has-text-align-justify has-normal-font-size\"><strong>Direcci\u00f3n:<\/strong> Calle 16 # 15 &#8211; 47, Oficina 302, Duitama, Boyac\u00e1, Colombia<\/p>\n\n\n\n<p class=\"has-text-align-justify has-normal-font-size\"><strong>C\u00f3digo Postal:<\/strong> 150040<\/p>\n\n\n\n<p class=\"has-text-align-justify has-normal-font-size\"><strong>e-mail: <\/strong>info@covar.com.co<\/p>\n\n\n\n<p class=\"has-text-align-justify has-normal-font-size\"><strong>Tel\u00e9fono:<\/strong> (57) 310 814 2144<\/p>\n<\/div><\/div>\n<\/div>\n<\/div>\n\n\n\n<div style=\"height:20px\" aria-hidden=\"true\" class=\"wp-block-spacer\"><\/div>\n\n\n\n<div class=\"wp-block-columns is-layout-flex wp-container-core-columns-is-layout-9d6595d7 wp-block-columns-is-layout-flex\">\n<div class=\"wp-block-column is-layout-flow wp-block-column-is-layout-flow\" style=\"flex-basis:33.33%\">\n<p class=\"has-text-align-justify has-medium-font-size\"><strong>SEDE<\/strong> <strong>BOGOT\u00c1 D.C.<\/strong><\/p>\n\n\n\n<p class=\"has-text-align-justify has-normal-font-size\"><strong>Direcci\u00f3n:<\/strong> Calle 125 # 19a &#8211; 52, Oficina 603, Bogot\u00e1 D.C., Colombia.<\/p>\n\n\n\n<p class=\"has-text-align-justify has-normal-font-size\"><strong>C\u00f3digo Postal:<\/strong> 110111<\/p>\n\n\n\n<p class=\"has-text-align-justify has-normal-font-size\"><strong>e-mail: <\/strong>info@covar.com.co<\/p>\n\n\n\n<p class=\"has-text-align-justify has-normal-font-size\"><strong>Tel\u00e9fono:<\/strong> (57) 310 814 2144<\/p>\n<\/div>\n\n\n\n<div class=\"wp-block-column is-layout-flow wp-block-column-is-layout-flow\" style=\"flex-basis:66.66%\">\n<iframe loading=\"lazy\" src=\"https:\/\/www.google.com\/maps\/embed?pb=!1m18!1m12!1m3!1d3976.3741407338266!2d-74.0523324862532!3d4.7048983965826805!2m3!1f0!2f0!3f0!3m2!1i1024!2i768!4f13.1!3m3!1m2!1s0x8e3f9ab4ddc5c68d%3A0x55a48fd24a0c5eb!2sCl.%20125%20%2319a2%2C%20Bogot%C3%A1!5e0!3m2!1ses-419!2sco!4v1588176378448!5m2!1ses-419!2sco\" width=\"400\" height=\"300\" frameborder=\"0\" style=\"border:0;\" allowfullscreen=\"\" aria-hidden=\"false\" tabindex=\"0\"><\/iframe>\n\n\n\n<p><\/p>\n<\/div>\n<\/div>\n\n\n\n<p class=\"has-text-align-justify has-normal-font-size\"><em>Si desea reunirse con nosotros o visitarnos en alguna de nuestras sedes f\u00edsicas, a continuaci\u00f3n, le invitamos a hacer clic <a rel=\"noreferrer noopener\" href=\"https:\/\/fb.com\/book\/101618024865970\/\" target=\"_blank\">AQU\u00cd<\/a>.  <\/em><\/p>\n\n\n\n<div style=\"height:20px\" aria-hidden=\"true\" class=\"wp-block-spacer\"><\/div>\n\n\n\n<div style=\"height:20px\" aria-hidden=\"true\" class=\"wp-block-spacer\"><\/div>\n\n\n\n<h2 class=\"wp-block-heading\">Cont\u00e1ctenos dejando un mensaje<\/h2>\n\n\n<div class=\"wpforms-container wpforms-container-full wpforms-block\" id=\"wpforms-833\"><form id=\"wpforms-form-833\" class=\"wpforms-validate wpforms-form\" data-formid=\"833\" method=\"post\" enctype=\"multipart\/form-data\" action=\"\/en\/wp-json\/wp\/v2\/pages\/710\" data-token=\"3a0dc0fafe899666b2ed4be18156f9df\" data-token-time=\"1778753696\"><noscript class=\"wpforms-error-noscript\">Please enable JavaScript in your browser to complete this form.<\/noscript><div class=\"wpforms-field-container\"><div id=\"wpforms-833-field_0-container\" class=\"wpforms-field wpforms-field-name\" data-field-id=\"0\"><label class=\"wpforms-field-label\">Nombre completo: <span class=\"wpforms-required-label\">*<\/span><\/label><div class=\"wpforms-field-row wpforms-field-medium\"><div class=\"wpforms-field-row-block wpforms-first wpforms-one-half\"><input type=\"text\" id=\"wpforms-833-field_0\" class=\"wpforms-field-name-first wpforms-field-required\" name=\"wpforms[fields][0][first]\" required><label for=\"wpforms-833-field_0\" class=\"wpforms-field-sublabel after\">First<\/label><\/div><div class=\"wpforms-field-row-block wpforms-one-half\"><input type=\"text\" id=\"wpforms-833-field_0-last\" class=\"wpforms-field-name-last wpforms-field-required\" name=\"wpforms[fields][0][last]\" required><label for=\"wpforms-833-field_0-last\" class=\"wpforms-field-sublabel after\">Last<\/label><\/div><\/div><\/div><div id=\"wpforms-833-field_1-container\" class=\"wpforms-field wpforms-field-email\" data-field-id=\"1\"><label class=\"wpforms-field-label\" for=\"wpforms-833-field_1\">Correo electr\u00f3nico: <span class=\"wpforms-required-label\">*<\/span><\/label><input type=\"email\" id=\"wpforms-833-field_1\" class=\"wpforms-field-medium wpforms-field-required\" name=\"wpforms[fields][1]\" spellcheck=\"false\" required><\/div><div id=\"wpforms-833-field_4-container\" class=\"wpforms-field wpforms-field-text\" data-field-id=\"4\"><label class=\"wpforms-field-label\" for=\"wpforms-833-field_4\">Asunto: <span class=\"wpforms-required-label\">*<\/span><\/label><input type=\"text\" id=\"wpforms-833-field_4\" class=\"wpforms-field-medium wpforms-field-required\" name=\"wpforms[fields][4]\" required><\/div><div id=\"wpforms-833-field_2-container\" class=\"wpforms-field wpforms-field-textarea\" data-field-id=\"2\"><label class=\"wpforms-field-label\" for=\"wpforms-833-field_2\">Comentario o mensaje <span class=\"wpforms-required-label\">*<\/span><\/label><textarea id=\"wpforms-833-field_2\" class=\"wpforms-field-medium wpforms-field-required\" name=\"wpforms[fields][2]\" required><\/textarea><\/div><\/div><!-- .wpforms-field-container --><div class=\"wpforms-field wpforms-field-hp\"><label for=\"wpforms-833-field-hp\" class=\"wpforms-field-label\">Website<\/label><input type=\"text\" name=\"wpforms[hp]\" id=\"wpforms-833-field-hp\" class=\"wpforms-field-medium\"><\/div><div class=\"wpforms-submit-container\" ><input type=\"hidden\" name=\"wpforms[id]\" value=\"833\"><input type=\"hidden\" name=\"page_title\" value=\"\"><input type=\"hidden\" name=\"page_url\" value=\"https:\/\/covar.com.co\/en\/wp-json\/wp\/v2\/pages\/710\"><input type=\"hidden\" name=\"url_referer\" value=\"\"><button type=\"submit\" name=\"wpforms[submit]\" id=\"wpforms-submit-833\" class=\"wpforms-submit\" data-alt-text=\"Enviando...\" data-submit-text=\"Enviar\" aria-live=\"assertive\" value=\"wpforms-submit\">Enviar<\/button><\/div><\/form><\/div>  <!-- .wpforms-container -->\n\n\n<div style=\"height:20px\" aria-hidden=\"true\" class=\"wp-block-spacer\"><\/div>\n\n\n\n<h2 class=\"wp-block-heading\">Cont\u00e1ctenos en nuestras Redes Sociales <\/h2>\n\n\n\n<p class=\"has-text-align-justify has-normal-font-size\">Si quiere conocer las ultimas noticias acerca de nosotros, entonces, lo invitamos a seguirnos en nuestras redes sociales. Adicional, cont\u00e1ctenos y deje su comentario en redes sociales.  <\/p>\n\n\n\n<ul class=\"wp-block-social-links is-style-logos-only is-layout-flex wp-block-social-links-is-layout-flex\">\n\n<li class=\"wp-social-link wp-social-link-facebook  wp-block-social-link\"><a href=\"https:\/\/www.facebook.com\/pg\/COVAR-101618024865970\" class=\"wp-block-social-link-anchor\"><svg width=\"24\" height=\"24\" viewBox=\"0 0 24 24\" version=\"1.1\" xmlns=\"http:\/\/www.w3.org\/2000\/svg\" aria-hidden=\"true\" focusable=\"false\"><path d=\"M12 2C6.5 2 2 6.5 2 12c0 5 3.7 9.1 8.4 9.9v-7H7.9V12h2.5V9.8c0-2.5 1.5-3.9 3.8-3.9 1.1 0 2.2.2 2.2.2v2.5h-1.3c-1.2 0-1.6.8-1.6 1.6V12h2.8l-.4 2.9h-2.3v7C18.3 21.1 22 17 22 12c0-5.5-4.5-10-10-10z\"><\/path><\/svg><span class=\"wp-block-social-link-label screen-reader-text\">Facebook<\/span><\/a><\/li>\n\n<li class=\"wp-social-link wp-social-link-twitter  wp-block-social-link\"><a href=\"https:\/\/twitter.com\/covarltda?s=20\" class=\"wp-block-social-link-anchor\"><svg width=\"24\" height=\"24\" viewBox=\"0 0 24 24\" version=\"1.1\" xmlns=\"http:\/\/www.w3.org\/2000\/svg\" aria-hidden=\"true\" focusable=\"false\"><path d=\"M22.23,5.924c-0.736,0.326-1.527,0.547-2.357,0.646c0.847-0.508,1.498-1.312,1.804-2.27 c-0.793,0.47-1.671,0.812-2.606,0.996C18.324,4.498,17.257,4,16.077,4c-2.266,0-4.103,1.837-4.103,4.103 c0,0.322,0.036,0.635,0.106,0.935C8.67,8.867,5.647,7.234,3.623,4.751C3.27,5.357,3.067,6.062,3.067,6.814 c0,1.424,0.724,2.679,1.825,3.415c-0.673-0.021-1.305-0.206-1.859-0.513c0,0.017,0,0.034,0,0.052c0,1.988,1.414,3.647,3.292,4.023 c-0.344,0.094-0.707,0.144-1.081,0.144c-0.264,0-0.521-0.026-0.772-0.074c0.522,1.63,2.038,2.816,3.833,2.85 c-1.404,1.1-3.174,1.756-5.096,1.756c-0.331,0-0.658-0.019-0.979-0.057c1.816,1.164,3.973,1.843,6.29,1.843 c7.547,0,11.675-6.252,11.675-11.675c0-0.178-0.004-0.355-0.012-0.531C20.985,7.47,21.68,6.747,22.23,5.924z\"><\/path><\/svg><span class=\"wp-block-social-link-label screen-reader-text\">Twitter<\/span><\/a><\/li>\n\n<li class=\"wp-social-link wp-social-link-linkedin  wp-block-social-link\"><a href=\"https:\/\/www.linkedin.com\/in\/jaime-corredor-1589641a6\/\" class=\"wp-block-social-link-anchor\"><svg width=\"24\" height=\"24\" viewBox=\"0 0 24 24\" version=\"1.1\" xmlns=\"http:\/\/www.w3.org\/2000\/svg\" aria-hidden=\"true\" focusable=\"false\"><path d=\"M19.7,3H4.3C3.582,3,3,3.582,3,4.3v15.4C3,20.418,3.582,21,4.3,21h15.4c0.718,0,1.3-0.582,1.3-1.3V4.3 C21,3.582,20.418,3,19.7,3z M8.339,18.338H5.667v-8.59h2.672V18.338z M7.004,8.574c-0.857,0-1.549-0.694-1.549-1.548 c0-0.855,0.691-1.548,1.549-1.548c0.854,0,1.547,0.694,1.547,1.548C8.551,7.881,7.858,8.574,7.004,8.574z M18.339,18.338h-2.669 v-4.177c0-0.996-0.017-2.278-1.387-2.278c-1.389,0-1.601,1.086-1.601,2.206v4.249h-2.667v-8.59h2.559v1.174h0.037 c0.356-0.675,1.227-1.387,2.526-1.387c2.703,0,3.203,1.779,3.203,4.092V18.338z\"><\/path><\/svg><span class=\"wp-block-social-link-label screen-reader-text\">LinkedIn<\/span><\/a><\/li><\/ul>\n\n\n\n<div style=\"height:20px\" aria-hidden=\"true\" class=\"wp-block-spacer\"><\/div>\n\n\n\n<p class=\"has-text-align-justify has-medium-font-size\"><em>Si la duda que usted tiene es acerca de los servicios que ofrecemos a nuestros clientes y p\u00fablico en general, le invitamos a hacer clic\u00a0<a rel=\"noreferrer noopener\" href=\"https:\/\/covar.com.co\/nuestros-servicios\" target=\"_blank\">Aqu\u00ed<\/a>\u00a0o en el enlace\u00a0<a rel=\"noreferrer noopener\" href=\"https:\/\/covar.com.co\/nuestros-servicios\" target=\"_blank\">\u201cNUESTROS SERVICIOS\u201d<\/a><\/em>\u00a0<em>que se encuentra en el men\u00fa principal<\/em>. Por otro lado, si tiene una duda adicional, cont\u00e1ctenos, siempre estaremos dispuestos a ayudarlo con lo que necesite.<\/p>\n","protected":false},"excerpt":{"rendered":"<p>Para nosotros es importante estar en constante contacto con nuestros clientes y el p\u00fablico en general, por esta raz\u00f3n, cont\u00e1ctenos &hellip; <a href=\"https:\/\/covar.com.co\/en\/contactenos\" class=\"more-link\">Continue reading <span class=\"screen-reader-text\">Contact Us<\/span><\/a><\/p>","protected":false},"author":1,"featured_media":0,"parent":0,"menu_order":0,"comment_status":"closed","ping_status":"closed","template":"","meta":{"_monsterinsights_skip_tracking":false,"_monsterinsights_sitenote_active":false,"_monsterinsights_sitenote_note":"","_monsterinsights_sitenote_category":0,"_uf_show_specific_survey":0,"_uf_disable_surveys":false,"_joinchat":[],"footnotes":""},"class_list":["post-710","page","type-page","status-publish","hentry"],"aioseo_notices":[],"yoast_head":"<!-- This site is optimized with the Yoast SEO plugin v27.6 - https:\/\/yoast.com\/product\/yoast-seo-wordpress\/ -->\n<title>Cont\u00e1ctenos - COVAR LTDA - constructions that make a difference<\/title>\n<meta name=\"description\" content=\"Aqu\u00ed encontrar\u00e1 los distintos canales de comunicaci\u00f3n con los que contamos en COVAR LTDA mantenernos en contacto con nuestros clientes, cont\u00e1ctenos\" \/>\n<meta name=\"robots\" content=\"index, follow, max-snippet:-1, max-image-preview:large, max-video-preview:-1\" \/>\n<link rel=\"canonical\" href=\"https:\/\/covar.com.co\/en\/contactenos\/\" \/>\n<meta property=\"og:locale\" content=\"en_US\" \/>\n<meta property=\"og:type\" content=\"article\" \/>\n<meta property=\"og:title\" content=\"Cont\u00e1ctenos - COVAR LTDA - constructions that make a difference\" \/>\n<meta property=\"og:description\" content=\"Aqu\u00ed encontrar\u00e1 los distintos canales de comunicaci\u00f3n con los que contamos en COVAR LTDA mantenernos en contacto con nuestros clientes, cont\u00e1ctenos\" \/>\n<meta property=\"og:url\" content=\"https:\/\/covar.com.co\/en\/contactenos\/\" \/>\n<meta property=\"og:site_name\" content=\"COVAR LTDA\" \/>\n<meta property=\"article:publisher\" content=\"https:\/\/www.facebook.com\/COVAR-101618024865970\" \/>\n<meta property=\"article:modified_time\" content=\"2020-05-07T22:58:01+00:00\" \/>\n<meta name=\"twitter:card\" content=\"summary_large_image\" \/>\n<meta name=\"twitter:site\" content=\"@covarltda\" \/>\n<meta name=\"twitter:label1\" content=\"Est. reading time\" \/>\n\t<meta name=\"twitter:data1\" content=\"1 minute\" \/>\n<script type=\"application\/ld+json\" class=\"yoast-schema-graph\">{\"@context\":\"https:\\\/\\\/schema.org\",\"@graph\":[{\"@type\":\"WebPage\",\"@id\":\"https:\\\/\\\/covar.com.co\\\/es\\\/contactenos\",\"url\":\"https:\\\/\\\/covar.com.co\\\/es\\\/contactenos\",\"name\":\"Cont\u00e1ctenos - COVAR LTDA - constructions that make a difference\",\"isPartOf\":{\"@id\":\"https:\\\/\\\/covar.com.co\\\/es\\\/#website\"},\"datePublished\":\"2020-04-17T00:41:35+00:00\",\"dateModified\":\"2020-05-07T22:58:01+00:00\",\"description\":\"Aqu\u00ed encontrar\u00e1 los distintos canales de comunicaci\u00f3n con los que contamos en COVAR LTDA mantenernos en contacto con nuestros clientes, cont\u00e1ctenos\",\"breadcrumb\":{\"@id\":\"https:\\\/\\\/covar.com.co\\\/es\\\/contactenos#breadcrumb\"},\"inLanguage\":\"en-US\",\"potentialAction\":[{\"@type\":\"ReadAction\",\"target\":[\"https:\\\/\\\/covar.com.co\\\/es\\\/contactenos\"]}]},{\"@type\":\"BreadcrumbList\",\"@id\":\"https:\\\/\\\/covar.com.co\\\/es\\\/contactenos#breadcrumb\",\"itemListElement\":[{\"@type\":\"ListItem\",\"position\":1,\"name\":\"Portada\",\"item\":\"https:\\\/\\\/covar.com.co\\\/es\\\/\"},{\"@type\":\"ListItem\",\"position\":2,\"name\":\"Cont\u00e1ctenos\"}]},{\"@type\":\"WebSite\",\"@id\":\"https:\\\/\\\/covar.com.co\\\/es\\\/#website\",\"url\":\"https:\\\/\\\/covar.com.co\\\/es\\\/\",\"name\":\"COVAR LTDA\",\"description\":\"Constructions that make a difference\",\"publisher\":{\"@id\":\"https:\\\/\\\/covar.com.co\\\/es\\\/#organization\"},\"potentialAction\":[{\"@type\":\"SearchAction\",\"target\":{\"@type\":\"EntryPoint\",\"urlTemplate\":\"https:\\\/\\\/covar.com.co\\\/es\\\/?s={search_term_string}\"},\"query-input\":{\"@type\":\"PropertyValueSpecification\",\"valueRequired\":true,\"valueName\":\"search_term_string\"}}],\"inLanguage\":\"en-US\"},{\"@type\":\"Organization\",\"@id\":\"https:\\\/\\\/covar.com.co\\\/es\\\/#organization\",\"name\":\"COVAR LTDA\",\"url\":\"https:\\\/\\\/covar.com.co\\\/es\\\/\",\"logo\":{\"@type\":\"ImageObject\",\"inLanguage\":\"en-US\",\"@id\":\"https:\\\/\\\/covar.com.co\\\/es\\\/#\\\/schema\\\/logo\\\/image\\\/\",\"url\":\"https:\\\/\\\/covar.com.co\\\/wp-content\\\/uploads\\\/2020\\\/01\\\/12-1.png\",\"contentUrl\":\"https:\\\/\\\/covar.com.co\\\/wp-content\\\/uploads\\\/2020\\\/01\\\/12-1.png\",\"width\":500,\"height\":500,\"caption\":\"COVAR LTDA\"},\"image\":{\"@id\":\"https:\\\/\\\/covar.com.co\\\/es\\\/#\\\/schema\\\/logo\\\/image\\\/\"},\"sameAs\":[\"https:\\\/\\\/www.facebook.com\\\/COVAR-101618024865970\",\"https:\\\/\\\/x.com\\\/covarltda\",\"https:\\\/\\\/www.linkedin.com\\\/in\\\/jaime-corredor-1589641a6\"]}]}<\/script>\n<!-- \/ Yoast SEO plugin. -->","yoast_head_json":{"title":"Cont\u00e1ctenos - COVAR LTDA - constructions that make a difference","description":"Aqu\u00ed encontrar\u00e1 los distintos canales de comunicaci\u00f3n con los que contamos en COVAR LTDA mantenernos en contacto con nuestros clientes, cont\u00e1ctenos","robots":{"index":"index","follow":"follow","max-snippet":"max-snippet:-1","max-image-preview":"max-image-preview:large","max-video-preview":"max-video-preview:-1"},"canonical":"https:\/\/covar.com.co\/en\/contactenos\/","og_locale":"en_US","og_type":"article","og_title":"Cont\u00e1ctenos - COVAR LTDA - constructions that make a difference","og_description":"Aqu\u00ed encontrar\u00e1 los distintos canales de comunicaci\u00f3n con los que contamos en COVAR LTDA mantenernos en contacto con nuestros clientes, cont\u00e1ctenos","og_url":"https:\/\/covar.com.co\/en\/contactenos\/","og_site_name":"COVAR LTDA","article_publisher":"https:\/\/www.facebook.com\/COVAR-101618024865970","article_modified_time":"2020-05-07T22:58:01+00:00","twitter_card":"summary_large_image","twitter_site":"@covarltda","twitter_misc":{"Est. reading time":"1 minute"},"schema":{"@context":"https:\/\/schema.org","@graph":[{"@type":"WebPage","@id":"https:\/\/covar.com.co\/es\/contactenos","url":"https:\/\/covar.com.co\/es\/contactenos","name":"Cont\u00e1ctenos - COVAR LTDA - constructions that make a difference","isPartOf":{"@id":"https:\/\/covar.com.co\/es\/#website"},"datePublished":"2020-04-17T00:41:35+00:00","dateModified":"2020-05-07T22:58:01+00:00","description":"Aqu\u00ed encontrar\u00e1 los distintos canales de comunicaci\u00f3n con los que contamos en COVAR LTDA mantenernos en contacto con nuestros clientes, cont\u00e1ctenos","breadcrumb":{"@id":"https:\/\/covar.com.co\/es\/contactenos#breadcrumb"},"inLanguage":"en-US","potentialAction":[{"@type":"ReadAction","target":["https:\/\/covar.com.co\/es\/contactenos"]}]},{"@type":"BreadcrumbList","@id":"https:\/\/covar.com.co\/es\/contactenos#breadcrumb","itemListElement":[{"@type":"ListItem","position":1,"name":"Portada","item":"https:\/\/covar.com.co\/es\/"},{"@type":"ListItem","position":2,"name":"Cont\u00e1ctenos"}]},{"@type":"WebSite","@id":"https:\/\/covar.com.co\/es\/#website","url":"https:\/\/covar.com.co\/es\/","name":"COVAR LTDA","description":"Constructions that make a difference","publisher":{"@id":"https:\/\/covar.com.co\/es\/#organization"},"potentialAction":[{"@type":"SearchAction","target":{"@type":"EntryPoint","urlTemplate":"https:\/\/covar.com.co\/es\/?s={search_term_string}"},"query-input":{"@type":"PropertyValueSpecification","valueRequired":true,"valueName":"search_term_string"}}],"inLanguage":"en-US"},{"@type":"Organization","@id":"https:\/\/covar.com.co\/es\/#organization","name":"COVAR LTDA","url":"https:\/\/covar.com.co\/es\/","logo":{"@type":"ImageObject","inLanguage":"en-US","@id":"https:\/\/covar.com.co\/es\/#\/schema\/logo\/image\/","url":"https:\/\/covar.com.co\/wp-content\/uploads\/2020\/01\/12-1.png","contentUrl":"https:\/\/covar.com.co\/wp-content\/uploads\/2020\/01\/12-1.png","width":500,"height":500,"caption":"COVAR LTDA"},"image":{"@id":"https:\/\/covar.com.co\/es\/#\/schema\/logo\/image\/"},"sameAs":["https:\/\/www.facebook.com\/COVAR-101618024865970","https:\/\/x.com\/covarltda","https:\/\/www.linkedin.com\/in\/jaime-corredor-1589641a6"]}]}},"jetpack_sharing_enabled":true,"_links":{"self":[{"href":"https:\/\/covar.com.co\/en\/wp-json\/wp\/v2\/pages\/710","targetHints":{"allow":["GET"]}}],"collection":[{"href":"https:\/\/covar.com.co\/en\/wp-json\/wp\/v2\/pages"}],"about":[{"href":"https:\/\/covar.com.co\/en\/wp-json\/wp\/v2\/types\/page"}],"author":[{"embeddable":true,"href":"https:\/\/covar.com.co\/en\/wp-json\/wp\/v2\/users\/1"}],"replies":[{"embeddable":true,"href":"https:\/\/covar.com.co\/en\/wp-json\/wp\/v2\/comments?post=710"}],"version-history":[{"count":26,"href":"https:\/\/covar.com.co\/en\/wp-json\/wp\/v2\/pages\/710\/revisions"}],"predecessor-version":[{"id":1151,"href":"https:\/\/covar.com.co\/en\/wp-json\/wp\/v2\/pages\/710\/revisions\/1151"}],"wp:attachment":[{"href":"https:\/\/covar.com.co\/en\/wp-json\/wp\/v2\/media?parent=710"}],"curies":[{"name":"wp","href":"https:\/\/api.w.org\/{rel}","templated":true}]}}