{"id":133,"date":"2020-02-11T23:50:38","date_gmt":"2020-02-11T23:50:38","guid":{"rendered":"http:\/\/covar.com.co\/?page_id=133"},"modified":"2020-06-01T12:37:00","modified_gmt":"2020-06-01T17:37:00","slug":"quienes-somos-servicios-de-construccion","status":"publish","type":"page","link":"https:\/\/covar.com.co\/es\/home\/quienes-somos-servicios-de-construccion","title":{"rendered":"Quienes somos"},"content":{"rendered":"\n<p class=\"has-text-align-justify has-normal-font-size\">COVAR LTDA es una empresa constructora especializada en el dise\u00f1o, construcci\u00f3n de obras civiles y de arquitectura. Nuestro enfoque y modelo de negocio se basa en la prestaci\u00f3n de un servicio integral. Es as\u00ed,  que nuestros servicios inician desde el asesoramiento hasta la ejecuci\u00f3n de cualquier proyecto de construcci\u00f3n.<\/p>\n\n\n\n<p class=\"has-text-align-justify has-normal-font-size\">La trayectoria de m\u00e1s de 20 a\u00f1os en el mercado nacional, hace que seamos una de las empresas reconocidas en el sector de la construcci\u00f3n. De esta manera, nos caracteriz\u00e1mos por la calidad de los procesos, el cuidado del medio ambiente y la confianza de nuestros clientes.&nbsp; Contamos con profesionales biling\u00fces en las \u00e1reas de dise\u00f1o, ingenier\u00eda y construcci\u00f3n.<\/p>\n\n\n\n<div style=\"height:20px\" aria-hidden=\"true\" class=\"wp-block-spacer\"><\/div>\n\n\n\n<h2 class=\"wp-block-heading\">Nuestra Historia<\/h2>\n\n\n\n<p class=\"has-text-align-justify has-normal-font-size\">COVAR LTDA se constituye en el a\u00f1o 2000 por la iniciativa de un Ingeniero Civil y una Dise\u00f1adora Industrial.<\/p>\n\n\n\n<p class=\"has-text-align-justify has-normal-font-size\">El objeto de la empresa desde sus inicios, es la de prestar servicios de construcci\u00f3n, ingenier\u00eda y arquitectura. Estos servicios se encuentran dirigidos a Clientes del sector p\u00fablico y privado, siempre alcanzando los m\u00e1s altos est\u00e1ndares de calidad, cumplimiento, seguridad industrial, salud ocupacional, cuidado riguroso del medio ambiente y compromiso social. De esta manera, con cada obra hemos obtenido el reconocimiento de nuestros clientes de car\u00e1cter Nacional e Internacional.<\/p>\n\n\n\n<p class=\"has-text-align-justify has-normal-font-size\">En la actualidad, COVAR LTDA contin\u00faa atendiendo a sus Clientes y planificando sus proyectos futuros enfocados hacia las necesidades reales de la gente y la mejor interacci\u00f3n con nuestro entorno.<\/p>\n\n\n\n<div style=\"height:20px\" aria-hidden=\"true\" class=\"wp-block-spacer\"><\/div>\n\n\n\n<p class=\"has-text-align-justify has-medium-font-size\"><em>Si desea conocer m\u00e1s acerca de nuestro Enfoque Estrat\u00e9gico, le invitamos a hacer clic&nbsp;<a rel=\"noreferrer noopener\" href=\"https:\/\/covar.com.co\/es\/front-page\/nuestro-enfoque-estrategico\" target=\"_blank\">Aqu\u00ed<\/a>&nbsp;o en el enlace&nbsp;<a rel=\"noreferrer noopener\" href=\"https:\/\/covar.com.co\/es\/front-page\/nuestro-enfoque-estrategico\" target=\"_blank\">\u201cNUESTRO ENFOQUE ESTRAT\u00c9GICO\u201d<\/a><\/em>&nbsp;<em>que se encuentra en el men\u00fa principal<\/em><\/p>\n","protected":false},"excerpt":{"rendered":"<p>COVAR LTDA es una empresa constructora especializada en el dise\u00f1o, construcci\u00f3n de obras civiles y de arquitectura. Nuestro enfoque y &hellip; <a href=\"https:\/\/covar.com.co\/es\/home\/quienes-somos-servicios-de-construccion\" class=\"more-link\">Continue reading <span class=\"screen-reader-text\">Quienes somos<\/span><\/a><\/p>\n","protected":false},"author":1,"featured_media":0,"parent":6,"menu_order":0,"comment_status":"closed","ping_status":"closed","template":"","meta":{"_monsterinsights_skip_tracking":false,"_monsterinsights_sitenote_active":false,"_monsterinsights_sitenote_note":"","_monsterinsights_sitenote_category":0,"_uf_show_specific_survey":0,"_uf_disable_surveys":false,"_joinchat":[],"footnotes":""},"class_list":["post-133","page","type-page","status-publish","hentry"],"aioseo_notices":[],"yoast_head":"<!-- This site is optimized with the Yoast SEO plugin v27.6 - https:\/\/yoast.com\/product\/yoast-seo-wordpress\/ -->\n<title>Quienes somos - COVAR LTDA - Constructions that make a difference<\/title>\n<meta name=\"description\" content=\"Conocer\u00e1 quienes somos, nuestra historia y cuales son aquellos elementos que caracterizan a nuestra empresa y nuestros servicios de construcci\u00f3n.\" \/>\n<meta name=\"robots\" content=\"index, follow, max-snippet:-1, max-image-preview:large, max-video-preview:-1\" \/>\n<link rel=\"canonical\" href=\"https:\/\/covar.com.co\/es\/home\/quienes-somos-servicios-de-construccion\/\" \/>\n<meta property=\"og:locale\" content=\"es_ES\" \/>\n<meta property=\"og:type\" content=\"article\" \/>\n<meta property=\"og:title\" content=\"Quienes somos - COVAR LTDA - Constructions that make a difference\" \/>\n<meta property=\"og:description\" content=\"Conocer\u00e1 quienes somos, nuestra historia y cuales son aquellos elementos que caracterizan a nuestra empresa y nuestros servicios de construcci\u00f3n.\" \/>\n<meta property=\"og:url\" content=\"https:\/\/covar.com.co\/es\/home\/quienes-somos-servicios-de-construccion\/\" \/>\n<meta property=\"og:site_name\" content=\"COVAR LTDA\" \/>\n<meta property=\"article:publisher\" content=\"https:\/\/www.facebook.com\/COVAR-101618024865970\" \/>\n<meta property=\"article:modified_time\" content=\"2020-06-01T17:37:00+00:00\" \/>\n<meta name=\"twitter:card\" content=\"summary_large_image\" \/>\n<meta name=\"twitter:site\" content=\"@covarltda\" \/>\n<meta name=\"twitter:label1\" content=\"Tiempo de lectura\" \/>\n\t<meta name=\"twitter:data1\" content=\"1 minuto\" \/>\n<script type=\"application\/ld+json\" class=\"yoast-schema-graph\">{\"@context\":\"https:\\\/\\\/schema.org\",\"@graph\":[{\"@type\":\"WebPage\",\"@id\":\"https:\\\/\\\/covar.com.co\\\/en\\\/home\\\/quienes-somos-servicios-de-construccion\",\"url\":\"https:\\\/\\\/covar.com.co\\\/en\\\/home\\\/quienes-somos-servicios-de-construccion\",\"name\":\"Quienes somos - COVAR LTDA - Constructions that make a difference\",\"isPartOf\":{\"@id\":\"https:\\\/\\\/covar.com.co\\\/es\\\/#website\"},\"datePublished\":\"2020-02-11T23:50:38+00:00\",\"dateModified\":\"2020-06-01T17:37:00+00:00\",\"description\":\"Conocer\u00e1 quienes somos, nuestra historia y cuales son aquellos elementos que caracterizan a nuestra empresa y nuestros servicios de construcci\u00f3n.\",\"breadcrumb\":{\"@id\":\"https:\\\/\\\/covar.com.co\\\/en\\\/home\\\/quienes-somos-servicios-de-construccion#breadcrumb\"},\"inLanguage\":\"es-CO\",\"potentialAction\":[{\"@type\":\"ReadAction\",\"target\":[\"https:\\\/\\\/covar.com.co\\\/en\\\/home\\\/quienes-somos-servicios-de-construccion\"]}]},{\"@type\":\"BreadcrumbList\",\"@id\":\"https:\\\/\\\/covar.com.co\\\/en\\\/home\\\/quienes-somos-servicios-de-construccion#breadcrumb\",\"itemListElement\":[{\"@type\":\"ListItem\",\"position\":1,\"name\":\"Portada\",\"item\":\"https:\\\/\\\/covar.com.co\\\/es\\\/\"},{\"@type\":\"ListItem\",\"position\":2,\"name\":\"Home\",\"item\":\"https:\\\/\\\/covar.com.co\\\/es\\\/\"},{\"@type\":\"ListItem\",\"position\":3,\"name\":\"Quienes somos\"}]},{\"@type\":\"WebSite\",\"@id\":\"https:\\\/\\\/covar.com.co\\\/es\\\/#website\",\"url\":\"https:\\\/\\\/covar.com.co\\\/es\\\/\",\"name\":\"COVAR LTDA\",\"description\":\"Constructions that make a difference\",\"publisher\":{\"@id\":\"https:\\\/\\\/covar.com.co\\\/es\\\/#organization\"},\"potentialAction\":[{\"@type\":\"SearchAction\",\"target\":{\"@type\":\"EntryPoint\",\"urlTemplate\":\"https:\\\/\\\/covar.com.co\\\/es\\\/?s={search_term_string}\"},\"query-input\":{\"@type\":\"PropertyValueSpecification\",\"valueRequired\":true,\"valueName\":\"search_term_string\"}}],\"inLanguage\":\"es-CO\"},{\"@type\":\"Organization\",\"@id\":\"https:\\\/\\\/covar.com.co\\\/es\\\/#organization\",\"name\":\"COVAR LTDA\",\"url\":\"https:\\\/\\\/covar.com.co\\\/es\\\/\",\"logo\":{\"@type\":\"ImageObject\",\"inLanguage\":\"es-CO\",\"@id\":\"https:\\\/\\\/covar.com.co\\\/es\\\/#\\\/schema\\\/logo\\\/image\\\/\",\"url\":\"https:\\\/\\\/covar.com.co\\\/wp-content\\\/uploads\\\/2020\\\/01\\\/12-1.png\",\"contentUrl\":\"https:\\\/\\\/covar.com.co\\\/wp-content\\\/uploads\\\/2020\\\/01\\\/12-1.png\",\"width\":500,\"height\":500,\"caption\":\"COVAR LTDA\"},\"image\":{\"@id\":\"https:\\\/\\\/covar.com.co\\\/es\\\/#\\\/schema\\\/logo\\\/image\\\/\"},\"sameAs\":[\"https:\\\/\\\/www.facebook.com\\\/COVAR-101618024865970\",\"https:\\\/\\\/x.com\\\/covarltda\",\"https:\\\/\\\/www.linkedin.com\\\/in\\\/jaime-corredor-1589641a6\"]}]}<\/script>\n<!-- \/ Yoast SEO plugin. -->","yoast_head_json":{"title":"Quienes somos - COVAR LTDA - Constructions that make a difference","description":"Conocer\u00e1 quienes somos, nuestra historia y cuales son aquellos elementos que caracterizan a nuestra empresa y nuestros servicios de construcci\u00f3n.","robots":{"index":"index","follow":"follow","max-snippet":"max-snippet:-1","max-image-preview":"max-image-preview:large","max-video-preview":"max-video-preview:-1"},"canonical":"https:\/\/covar.com.co\/es\/home\/quienes-somos-servicios-de-construccion\/","og_locale":"es_ES","og_type":"article","og_title":"Quienes somos - COVAR LTDA - Constructions that make a difference","og_description":"Conocer\u00e1 quienes somos, nuestra historia y cuales son aquellos elementos que caracterizan a nuestra empresa y nuestros servicios de construcci\u00f3n.","og_url":"https:\/\/covar.com.co\/es\/home\/quienes-somos-servicios-de-construccion\/","og_site_name":"COVAR LTDA","article_publisher":"https:\/\/www.facebook.com\/COVAR-101618024865970","article_modified_time":"2020-06-01T17:37:00+00:00","twitter_card":"summary_large_image","twitter_site":"@covarltda","twitter_misc":{"Tiempo de lectura":"1 minuto"},"schema":{"@context":"https:\/\/schema.org","@graph":[{"@type":"WebPage","@id":"https:\/\/covar.com.co\/en\/home\/quienes-somos-servicios-de-construccion","url":"https:\/\/covar.com.co\/en\/home\/quienes-somos-servicios-de-construccion","name":"Quienes somos - COVAR LTDA - Constructions that make a difference","isPartOf":{"@id":"https:\/\/covar.com.co\/es\/#website"},"datePublished":"2020-02-11T23:50:38+00:00","dateModified":"2020-06-01T17:37:00+00:00","description":"Conocer\u00e1 quienes somos, nuestra historia y cuales son aquellos elementos que caracterizan a nuestra empresa y nuestros servicios de construcci\u00f3n.","breadcrumb":{"@id":"https:\/\/covar.com.co\/en\/home\/quienes-somos-servicios-de-construccion#breadcrumb"},"inLanguage":"es-CO","potentialAction":[{"@type":"ReadAction","target":["https:\/\/covar.com.co\/en\/home\/quienes-somos-servicios-de-construccion"]}]},{"@type":"BreadcrumbList","@id":"https:\/\/covar.com.co\/en\/home\/quienes-somos-servicios-de-construccion#breadcrumb","itemListElement":[{"@type":"ListItem","position":1,"name":"Portada","item":"https:\/\/covar.com.co\/es\/"},{"@type":"ListItem","position":2,"name":"Home","item":"https:\/\/covar.com.co\/es\/"},{"@type":"ListItem","position":3,"name":"Quienes somos"}]},{"@type":"WebSite","@id":"https:\/\/covar.com.co\/es\/#website","url":"https:\/\/covar.com.co\/es\/","name":"COVAR LTDA","description":"Constructions that make a difference","publisher":{"@id":"https:\/\/covar.com.co\/es\/#organization"},"potentialAction":[{"@type":"SearchAction","target":{"@type":"EntryPoint","urlTemplate":"https:\/\/covar.com.co\/es\/?s={search_term_string}"},"query-input":{"@type":"PropertyValueSpecification","valueRequired":true,"valueName":"search_term_string"}}],"inLanguage":"es-CO"},{"@type":"Organization","@id":"https:\/\/covar.com.co\/es\/#organization","name":"COVAR LTDA","url":"https:\/\/covar.com.co\/es\/","logo":{"@type":"ImageObject","inLanguage":"es-CO","@id":"https:\/\/covar.com.co\/es\/#\/schema\/logo\/image\/","url":"https:\/\/covar.com.co\/wp-content\/uploads\/2020\/01\/12-1.png","contentUrl":"https:\/\/covar.com.co\/wp-content\/uploads\/2020\/01\/12-1.png","width":500,"height":500,"caption":"COVAR LTDA"},"image":{"@id":"https:\/\/covar.com.co\/es\/#\/schema\/logo\/image\/"},"sameAs":["https:\/\/www.facebook.com\/COVAR-101618024865970","https:\/\/x.com\/covarltda","https:\/\/www.linkedin.com\/in\/jaime-corredor-1589641a6"]}]}},"jetpack_sharing_enabled":true,"_links":{"self":[{"href":"https:\/\/covar.com.co\/es\/wp-json\/wp\/v2\/pages\/133","targetHints":{"allow":["GET"]}}],"collection":[{"href":"https:\/\/covar.com.co\/es\/wp-json\/wp\/v2\/pages"}],"about":[{"href":"https:\/\/covar.com.co\/es\/wp-json\/wp\/v2\/types\/page"}],"author":[{"embeddable":true,"href":"https:\/\/covar.com.co\/es\/wp-json\/wp\/v2\/users\/1"}],"replies":[{"embeddable":true,"href":"https:\/\/covar.com.co\/es\/wp-json\/wp\/v2\/comments?post=133"}],"version-history":[{"count":18,"href":"https:\/\/covar.com.co\/es\/wp-json\/wp\/v2\/pages\/133\/revisions"}],"predecessor-version":[{"id":1163,"href":"https:\/\/covar.com.co\/es\/wp-json\/wp\/v2\/pages\/133\/revisions\/1163"}],"up":[{"embeddable":true,"href":"https:\/\/covar.com.co\/es\/wp-json\/wp\/v2\/pages\/6"}],"wp:attachment":[{"href":"https:\/\/covar.com.co\/es\/wp-json\/wp\/v2\/media?parent=133"}],"curies":[{"name":"wp","href":"https:\/\/api.w.org\/{rel}","templated":true}]}}