{"id":528,"date":"2020-03-19T19:56:30","date_gmt":"2020-03-20T00:56:30","guid":{"rendered":"http:\/\/covar.com.co\/?page_id=528"},"modified":"2020-06-08T18:14:18","modified_gmt":"2020-06-08T23:14:18","slug":"nuestro-enfoque-estrategico","status":"publish","type":"page","link":"https:\/\/covar.com.co\/es\/home\/nuestro-enfoque-estrategico","title":{"rendered":"Nuestro Enfoque Estrat\u00e9gico"},"content":{"rendered":"\n<div style=\"height:20px\" aria-hidden=\"true\" class=\"wp-block-spacer\"><\/div>\n\n\n\n<h2 class=\"wp-block-heading\">Misi\u00f3n<\/h2>\n\n\n\n<p class=\"has-normal-font-size\">COVAR LTDA. es una organizaci\u00f3n que desarrolla y ejecuta proyectos de obras civiles, arquitectura y dise\u00f1o de acuerdo con las necesidades de los clientes, para esto cuenta con la infraestructura necesaria y un equipo humano competente, que garantiza la correcta ejecuci\u00f3n de sus proyectos. <\/p>\n\n\n\n<div style=\"height:20px\" aria-hidden=\"true\" class=\"wp-block-spacer\"><\/div>\n\n\n\n<h2 class=\"wp-block-heading\">Visi\u00f3n<\/h2>\n\n\n\n<p class=\"has-normal-font-size\">Ser una empresa l\u00edder en el campo de la construcci\u00f3n, obras civiles y dise\u00f1o, que ofrezca a sus clientes excelencia en los servicios.<\/p>\n\n\n\n<div style=\"height:20px\" aria-hidden=\"true\" class=\"wp-block-spacer\"><\/div>\n\n\n\n<h2 class=\"wp-block-heading\">Nuestros Valores<\/h2>\n\n\n\n<p class=\"has-normal-font-size\">En COVAR nuestros valores marcan nuestro proceder y esos valores son los siguientes:<\/p>\n\n\n\n<ul class=\"wp-block-list\"><li>Excelencia<\/li><li>Profesionalismo<\/li><li>Calidad<\/li><li>Eficiencia<\/li><li>Liderazgo<\/li><li>Disciplina<\/li><li>Adaptabilidad<\/li><li>Pertenencia<\/li><li>Asertividad<\/li><li>Flexibilidad<\/li><\/ul>\n\n\n\n<div style=\"height:20px\" aria-hidden=\"true\" class=\"wp-block-spacer\"><\/div>\n\n\n\n<h2 class=\"wp-block-heading\">Objetivos<\/h2>\n\n\n\n<ul class=\"wp-block-list\"><li>Cumplir con los requisitos y las especificaciones pactadas con el cliente.<\/li><\/ul>\n\n\n\n<ul class=\"wp-block-list\"><li>Mantener un mejoramiento continuo de nuestros procesos.<\/li><\/ul>\n\n\n\n<ul class=\"wp-block-list\"><li>Prestar servicio eficiente y oportuno.<\/li><\/ul>\n\n\n\n<ul class=\"wp-block-list\"><li>Promover capacitaci\u00f3n para mejorar la competencia laboral.<\/li><\/ul>\n\n\n\n<div style=\"height:20px\" aria-hidden=\"true\" class=\"wp-block-spacer\"><\/div>\n\n\n\n<p class=\"has-text-align-justify has-medium-font-size\"><em>Si desea conocer m\u00e1s acerca de como Construimos marcando la diferencia, le invitamos a hacer clic\u00a0<a rel=\"noreferrer noopener\" href=\"https:\/\/covar.com.co\/es\/construimos-marcando-la-diferencia\" target=\"_blank\">Aqu\u00ed<\/a>\u00a0o en el enlace\u00a0<a href=\"https:\/\/covar.com.co\/es\/construimos-marcando-la-diferencia\" target=\"_blank\" rel=\"noreferrer noopener\">\u201cCONSTRUIMOS MARCANDO LA DIFERENCIA\u201d<\/a><\/em>\u00a0<em>que se encuentra en el men\u00fa principal<\/em><\/p>\n","protected":false},"excerpt":{"rendered":"<p>Misi\u00f3n COVAR LTDA. es una organizaci\u00f3n que desarrolla y ejecuta proyectos de obras civiles, arquitectura y dise\u00f1o de acuerdo con &hellip; <a href=\"https:\/\/covar.com.co\/es\/home\/nuestro-enfoque-estrategico\" class=\"more-link\">Continue reading <span class=\"screen-reader-text\">Nuestro Enfoque Estrat\u00e9gico<\/span><\/a><\/p>\n","protected":false},"author":1,"featured_media":0,"parent":6,"menu_order":0,"comment_status":"closed","ping_status":"closed","template":"","meta":{"_monsterinsights_skip_tracking":false,"_monsterinsights_sitenote_active":false,"_monsterinsights_sitenote_note":"","_monsterinsights_sitenote_category":0,"_uf_show_specific_survey":0,"_uf_disable_surveys":false,"_joinchat":[],"footnotes":""},"class_list":["post-528","page","type-page","status-publish","hentry"],"aioseo_notices":[],"yoast_head":"<!-- This site is optimized with the Yoast SEO plugin v27.6 - https:\/\/yoast.com\/product\/yoast-seo-wordpress\/ -->\n<title>Nuestro Enfoque Estrat\u00e9gico - COVAR LTDA<\/title>\n<meta name=\"robots\" content=\"index, follow, max-snippet:-1, max-image-preview:large, max-video-preview:-1\" \/>\n<link rel=\"canonical\" href=\"https:\/\/covar.com.co\/es\/home\/nuestro-enfoque-estrategico\" \/>\n<meta property=\"og:locale\" content=\"es_ES\" \/>\n<meta property=\"og:type\" content=\"article\" \/>\n<meta property=\"og:title\" content=\"Nuestro Enfoque Estrat\u00e9gico - COVAR LTDA\" \/>\n<meta property=\"og:description\" content=\"Misi\u00f3n COVAR LTDA. es una organizaci\u00f3n que desarrolla y ejecuta proyectos de obras civiles, arquitectura y dise\u00f1o de acuerdo con &hellip; Continue reading Nuestro Enfoque Estrat\u00e9gico\" \/>\n<meta property=\"og:url\" content=\"https:\/\/covar.com.co\/es\/home\/nuestro-enfoque-estrategico\" \/>\n<meta property=\"og:site_name\" content=\"COVAR LTDA\" \/>\n<meta property=\"article:publisher\" content=\"https:\/\/www.facebook.com\/COVAR-101618024865970\" \/>\n<meta property=\"article:modified_time\" content=\"2020-06-08T23:14:18+00:00\" \/>\n<meta name=\"twitter:card\" content=\"summary_large_image\" \/>\n<meta name=\"twitter:site\" content=\"@covarltda\" \/>\n<meta name=\"twitter:label1\" content=\"Tiempo de lectura\" \/>\n\t<meta name=\"twitter:data1\" content=\"1 minuto\" \/>\n<script type=\"application\/ld+json\" class=\"yoast-schema-graph\">{\"@context\":\"https:\\\/\\\/schema.org\",\"@graph\":[{\"@type\":\"WebPage\",\"@id\":\"https:\\\/\\\/covar.com.co\\\/es\\\/home\\\/nuestro-enfoque-estrategico\",\"url\":\"https:\\\/\\\/covar.com.co\\\/es\\\/home\\\/nuestro-enfoque-estrategico\",\"name\":\"Nuestro Enfoque Estrat\u00e9gico - COVAR LTDA\",\"isPartOf\":{\"@id\":\"https:\\\/\\\/covar.com.co\\\/es\\\/#website\"},\"datePublished\":\"2020-03-20T00:56:30+00:00\",\"dateModified\":\"2020-06-08T23:14:18+00:00\",\"breadcrumb\":{\"@id\":\"https:\\\/\\\/covar.com.co\\\/es\\\/home\\\/nuestro-enfoque-estrategico#breadcrumb\"},\"inLanguage\":\"es-CO\",\"potentialAction\":[{\"@type\":\"ReadAction\",\"target\":[\"https:\\\/\\\/covar.com.co\\\/es\\\/home\\\/nuestro-enfoque-estrategico\"]}]},{\"@type\":\"BreadcrumbList\",\"@id\":\"https:\\\/\\\/covar.com.co\\\/es\\\/home\\\/nuestro-enfoque-estrategico#breadcrumb\",\"itemListElement\":[{\"@type\":\"ListItem\",\"position\":1,\"name\":\"Portada\",\"item\":\"https:\\\/\\\/covar.com.co\\\/es\\\/\"},{\"@type\":\"ListItem\",\"position\":2,\"name\":\"Home\",\"item\":\"https:\\\/\\\/covar.com.co\\\/es\\\/\"},{\"@type\":\"ListItem\",\"position\":3,\"name\":\"Nuestro Enfoque Estrat\u00e9gico\"}]},{\"@type\":\"WebSite\",\"@id\":\"https:\\\/\\\/covar.com.co\\\/es\\\/#website\",\"url\":\"https:\\\/\\\/covar.com.co\\\/es\\\/\",\"name\":\"COVAR LTDA\",\"description\":\"Constructions that make a difference\",\"publisher\":{\"@id\":\"https:\\\/\\\/covar.com.co\\\/es\\\/#organization\"},\"potentialAction\":[{\"@type\":\"SearchAction\",\"target\":{\"@type\":\"EntryPoint\",\"urlTemplate\":\"https:\\\/\\\/covar.com.co\\\/es\\\/?s={search_term_string}\"},\"query-input\":{\"@type\":\"PropertyValueSpecification\",\"valueRequired\":true,\"valueName\":\"search_term_string\"}}],\"inLanguage\":\"es-CO\"},{\"@type\":\"Organization\",\"@id\":\"https:\\\/\\\/covar.com.co\\\/es\\\/#organization\",\"name\":\"COVAR LTDA\",\"url\":\"https:\\\/\\\/covar.com.co\\\/es\\\/\",\"logo\":{\"@type\":\"ImageObject\",\"inLanguage\":\"es-CO\",\"@id\":\"https:\\\/\\\/covar.com.co\\\/es\\\/#\\\/schema\\\/logo\\\/image\\\/\",\"url\":\"https:\\\/\\\/covar.com.co\\\/wp-content\\\/uploads\\\/2020\\\/01\\\/12-1.png\",\"contentUrl\":\"https:\\\/\\\/covar.com.co\\\/wp-content\\\/uploads\\\/2020\\\/01\\\/12-1.png\",\"width\":500,\"height\":500,\"caption\":\"COVAR LTDA\"},\"image\":{\"@id\":\"https:\\\/\\\/covar.com.co\\\/es\\\/#\\\/schema\\\/logo\\\/image\\\/\"},\"sameAs\":[\"https:\\\/\\\/www.facebook.com\\\/COVAR-101618024865970\",\"https:\\\/\\\/x.com\\\/covarltda\",\"https:\\\/\\\/www.linkedin.com\\\/in\\\/jaime-corredor-1589641a6\"]}]}<\/script>\n<!-- \/ Yoast SEO plugin. -->","yoast_head_json":{"title":"Nuestro Enfoque Estrat\u00e9gico - COVAR LTDA","robots":{"index":"index","follow":"follow","max-snippet":"max-snippet:-1","max-image-preview":"max-image-preview:large","max-video-preview":"max-video-preview:-1"},"canonical":"https:\/\/covar.com.co\/es\/home\/nuestro-enfoque-estrategico","og_locale":"es_ES","og_type":"article","og_title":"Nuestro Enfoque Estrat\u00e9gico - COVAR LTDA","og_description":"Misi\u00f3n COVAR LTDA. es una organizaci\u00f3n que desarrolla y ejecuta proyectos de obras civiles, arquitectura y dise\u00f1o de acuerdo con &hellip; Continue reading Nuestro Enfoque Estrat\u00e9gico","og_url":"https:\/\/covar.com.co\/es\/home\/nuestro-enfoque-estrategico","og_site_name":"COVAR LTDA","article_publisher":"https:\/\/www.facebook.com\/COVAR-101618024865970","article_modified_time":"2020-06-08T23:14:18+00:00","twitter_card":"summary_large_image","twitter_site":"@covarltda","twitter_misc":{"Tiempo de lectura":"1 minuto"},"schema":{"@context":"https:\/\/schema.org","@graph":[{"@type":"WebPage","@id":"https:\/\/covar.com.co\/es\/home\/nuestro-enfoque-estrategico","url":"https:\/\/covar.com.co\/es\/home\/nuestro-enfoque-estrategico","name":"Nuestro Enfoque Estrat\u00e9gico - COVAR LTDA","isPartOf":{"@id":"https:\/\/covar.com.co\/es\/#website"},"datePublished":"2020-03-20T00:56:30+00:00","dateModified":"2020-06-08T23:14:18+00:00","breadcrumb":{"@id":"https:\/\/covar.com.co\/es\/home\/nuestro-enfoque-estrategico#breadcrumb"},"inLanguage":"es-CO","potentialAction":[{"@type":"ReadAction","target":["https:\/\/covar.com.co\/es\/home\/nuestro-enfoque-estrategico"]}]},{"@type":"BreadcrumbList","@id":"https:\/\/covar.com.co\/es\/home\/nuestro-enfoque-estrategico#breadcrumb","itemListElement":[{"@type":"ListItem","position":1,"name":"Portada","item":"https:\/\/covar.com.co\/es\/"},{"@type":"ListItem","position":2,"name":"Home","item":"https:\/\/covar.com.co\/es\/"},{"@type":"ListItem","position":3,"name":"Nuestro Enfoque Estrat\u00e9gico"}]},{"@type":"WebSite","@id":"https:\/\/covar.com.co\/es\/#website","url":"https:\/\/covar.com.co\/es\/","name":"COVAR LTDA","description":"Constructions that make a difference","publisher":{"@id":"https:\/\/covar.com.co\/es\/#organization"},"potentialAction":[{"@type":"SearchAction","target":{"@type":"EntryPoint","urlTemplate":"https:\/\/covar.com.co\/es\/?s={search_term_string}"},"query-input":{"@type":"PropertyValueSpecification","valueRequired":true,"valueName":"search_term_string"}}],"inLanguage":"es-CO"},{"@type":"Organization","@id":"https:\/\/covar.com.co\/es\/#organization","name":"COVAR LTDA","url":"https:\/\/covar.com.co\/es\/","logo":{"@type":"ImageObject","inLanguage":"es-CO","@id":"https:\/\/covar.com.co\/es\/#\/schema\/logo\/image\/","url":"https:\/\/covar.com.co\/wp-content\/uploads\/2020\/01\/12-1.png","contentUrl":"https:\/\/covar.com.co\/wp-content\/uploads\/2020\/01\/12-1.png","width":500,"height":500,"caption":"COVAR LTDA"},"image":{"@id":"https:\/\/covar.com.co\/es\/#\/schema\/logo\/image\/"},"sameAs":["https:\/\/www.facebook.com\/COVAR-101618024865970","https:\/\/x.com\/covarltda","https:\/\/www.linkedin.com\/in\/jaime-corredor-1589641a6"]}]}},"jetpack_sharing_enabled":true,"_links":{"self":[{"href":"https:\/\/covar.com.co\/es\/wp-json\/wp\/v2\/pages\/528","targetHints":{"allow":["GET"]}}],"collection":[{"href":"https:\/\/covar.com.co\/es\/wp-json\/wp\/v2\/pages"}],"about":[{"href":"https:\/\/covar.com.co\/es\/wp-json\/wp\/v2\/types\/page"}],"author":[{"embeddable":true,"href":"https:\/\/covar.com.co\/es\/wp-json\/wp\/v2\/users\/1"}],"replies":[{"embeddable":true,"href":"https:\/\/covar.com.co\/es\/wp-json\/wp\/v2\/comments?post=528"}],"version-history":[{"count":10,"href":"https:\/\/covar.com.co\/es\/wp-json\/wp\/v2\/pages\/528\/revisions"}],"predecessor-version":[{"id":1175,"href":"https:\/\/covar.com.co\/es\/wp-json\/wp\/v2\/pages\/528\/revisions\/1175"}],"up":[{"embeddable":true,"href":"https:\/\/covar.com.co\/es\/wp-json\/wp\/v2\/pages\/6"}],"wp:attachment":[{"href":"https:\/\/covar.com.co\/es\/wp-json\/wp\/v2\/media?parent=528"}],"curies":[{"name":"wp","href":"https:\/\/api.w.org\/{rel}","templated":true}]}}