{"id":133,"date":"2020-02-11T23:50:38","date_gmt":"2020-02-11T23:50:38","guid":{"rendered":"http:\/\/covar.com.co\/?page_id=133"},"modified":"2020-06-01T12:37:00","modified_gmt":"2020-06-01T17:37:00","slug":"quienes-somos-servicios-de-construccion","status":"publish","type":"page","link":"https:\/\/covar.com.co\/fr\/home\/quienes-somos-servicios-de-construccion","title":{"rendered":"Qui sommes nous"},"content":{"rendered":"<p class=\"has-text-align-justify has-normal-font-size\">COVAR LTDA est une entreprise de construction sp\u00e9cialis\u00e9e dans la conception, la construction d'ouvrages civils et architecturaux. Notre approche et notre mod\u00e8le commercial reposent sur la fourniture d'un service complet. Ainsi, nos services partent du conseil jusqu'\u00e0 l'ex\u00e9cution de tout projet de construction.<\/p>\n\n\n\n<p class=\"has-text-align-justify has-normal-font-size\">La trajectoire de plus de 20 ans sur le march\u00e9 national, fait de nous l'une des entreprises reconnues dans le secteur de la construction. De cette mani\u00e8re, nous sommes caract\u00e9ris\u00e9s par la qualit\u00e9 des processus, le soin de l'environnement et la confiance de nos clients. Nous avons des professionnels bilingues dans les domaines de la conception, de l'ing\u00e9nierie et de la construction.<\/p>\n\n\n\n<div style=\"height:20px\" aria-hidden=\"true\" class=\"wp-block-spacer\"><\/div>\n\n\n\n<h2 class=\"wp-block-heading\">Notre histoire<\/h2>\n\n\n\n<p class=\"has-text-align-justify has-normal-font-size\">COVAR LTDA a \u00e9t\u00e9 cr\u00e9\u00e9 en 2000 \u00e0 l'initiative d'un ing\u00e9nieur civil et d'un designer industriel.<\/p>\n\n\n\n<p class=\"has-text-align-justify has-normal-font-size\">Le but de l'entreprise depuis sa cr\u00e9ation est de fournir des services de construction, d'ing\u00e9nierie et d'architecture. Ces services s'adressent aux clients du secteur public et priv\u00e9, atteignant toujours les plus hauts standards de qualit\u00e9, de conformit\u00e9, de s\u00e9curit\u00e9 industrielle, de sant\u00e9 au travail, de respect rigoureux de l'environnement et d'engagement social. De cette fa\u00e7on, \u00e0 chaque travail nous avons obtenu la reconnaissance de nos clients nationaux et internationaux.<\/p>\n\n\n\n<p class=\"has-text-align-justify has-normal-font-size\">Actuellement, COVAR LTDA continue de servir ses clients et de planifier leurs futurs projets ax\u00e9s sur les besoins r\u00e9els des personnes et la meilleure interaction avec notre environnement.<\/p>\n\n\n\n<div style=\"height:20px\" aria-hidden=\"true\" class=\"wp-block-spacer\"><\/div>\n\n\n\n<p class=\"has-text-align-justify has-medium-font-size\"><em>Si vous souhaitez en savoir plus sur notre approche strat\u00e9gique, nous vous invitons \u00e0 cliquer&nbsp;<a rel=\"noreferrer noopener\" href=\"https:\/\/covar.com.co\/fr\/front-page\/nuestro-enfoque-estrategico\/\" target=\"_blank\">Ici<\/a>&nbsp;ou dans le lien&nbsp;<a rel=\"noreferrer noopener\" href=\"https:\/\/covar.com.co\/fr\/front-page\/nuestro-enfoque-estrategico\/\" target=\"_blank\">\"NOTRE APPROCHE STRAT\u00c9GIQUE\"<\/a><\/em>&nbsp;<em>trouv\u00e9 dans le menu principal<\/em><\/p>","protected":false},"excerpt":{"rendered":"<p>COVAR LTDA es una empresa constructora especializada en el dise\u00f1o, construcci\u00f3n de obras civiles y de arquitectura. Nuestro enfoque y &hellip; <a href=\"https:\/\/covar.com.co\/fr\/home\/quienes-somos-servicios-de-construccion\" class=\"more-link\">Continue reading <span class=\"screen-reader-text\">Qui sommes nous<\/span><\/a><\/p>","protected":false},"author":1,"featured_media":0,"parent":6,"menu_order":0,"comment_status":"closed","ping_status":"closed","template":"","meta":{"_monsterinsights_skip_tracking":false,"_monsterinsights_sitenote_active":false,"_monsterinsights_sitenote_note":"","_monsterinsights_sitenote_category":0,"_uf_show_specific_survey":0,"_uf_disable_surveys":false,"_joinchat":[],"footnotes":""},"class_list":["post-133","page","type-page","status-publish","hentry"],"aioseo_notices":[],"yoast_head":"<!-- This site is optimized with the Yoast SEO plugin v27.6 - https:\/\/yoast.com\/product\/yoast-seo-wordpress\/ -->\n<title>Quienes somos - COVAR LTDA - Constructions that make a difference<\/title>\n<meta name=\"description\" content=\"Conocer\u00e1 quienes somos, nuestra historia y cuales son aquellos elementos que caracterizan a nuestra empresa y nuestros servicios de construcci\u00f3n.\" \/>\n<meta name=\"robots\" content=\"index, follow, max-snippet:-1, max-image-preview:large, max-video-preview:-1\" \/>\n<link rel=\"canonical\" href=\"https:\/\/covar.com.co\/fr\/home\/quienes-somos-servicios-de-construccion\/\" \/>\n<meta property=\"og:locale\" content=\"fr_FR\" \/>\n<meta property=\"og:type\" content=\"article\" \/>\n<meta property=\"og:title\" content=\"Quienes somos - COVAR LTDA - Constructions that make a difference\" \/>\n<meta property=\"og:description\" content=\"Conocer\u00e1 quienes somos, nuestra historia y cuales son aquellos elementos que caracterizan a nuestra empresa y nuestros servicios de construcci\u00f3n.\" \/>\n<meta property=\"og:url\" content=\"https:\/\/covar.com.co\/fr\/home\/quienes-somos-servicios-de-construccion\/\" \/>\n<meta property=\"og:site_name\" content=\"COVAR LTDA\" \/>\n<meta property=\"article:publisher\" content=\"https:\/\/www.facebook.com\/COVAR-101618024865970\" \/>\n<meta property=\"article:modified_time\" content=\"2020-06-01T17:37:00+00:00\" \/>\n<meta name=\"twitter:card\" content=\"summary_large_image\" \/>\n<meta name=\"twitter:site\" content=\"@covarltda\" \/>\n<meta name=\"twitter:label1\" content=\"Dur\u00e9e de lecture estim\u00e9e\" \/>\n\t<meta name=\"twitter:data1\" content=\"1 minute\" \/>\n<script type=\"application\/ld+json\" class=\"yoast-schema-graph\">{\"@context\":\"https:\\\/\\\/schema.org\",\"@graph\":[{\"@type\":\"WebPage\",\"@id\":\"https:\\\/\\\/covar.com.co\\\/en\\\/home\\\/quienes-somos-servicios-de-construccion\",\"url\":\"https:\\\/\\\/covar.com.co\\\/en\\\/home\\\/quienes-somos-servicios-de-construccion\",\"name\":\"Quienes somos - COVAR LTDA - Constructions that make a difference\",\"isPartOf\":{\"@id\":\"https:\\\/\\\/covar.com.co\\\/es\\\/#website\"},\"datePublished\":\"2020-02-11T23:50:38+00:00\",\"dateModified\":\"2020-06-01T17:37:00+00:00\",\"description\":\"Conocer\u00e1 quienes somos, nuestra historia y cuales son aquellos elementos que caracterizan a nuestra empresa y nuestros servicios de construcci\u00f3n.\",\"breadcrumb\":{\"@id\":\"https:\\\/\\\/covar.com.co\\\/en\\\/home\\\/quienes-somos-servicios-de-construccion#breadcrumb\"},\"inLanguage\":\"fr-FR\",\"potentialAction\":[{\"@type\":\"ReadAction\",\"target\":[\"https:\\\/\\\/covar.com.co\\\/en\\\/home\\\/quienes-somos-servicios-de-construccion\"]}]},{\"@type\":\"BreadcrumbList\",\"@id\":\"https:\\\/\\\/covar.com.co\\\/en\\\/home\\\/quienes-somos-servicios-de-construccion#breadcrumb\",\"itemListElement\":[{\"@type\":\"ListItem\",\"position\":1,\"name\":\"Portada\",\"item\":\"https:\\\/\\\/covar.com.co\\\/es\\\/\"},{\"@type\":\"ListItem\",\"position\":2,\"name\":\"Home\",\"item\":\"https:\\\/\\\/covar.com.co\\\/es\\\/\"},{\"@type\":\"ListItem\",\"position\":3,\"name\":\"Quienes somos\"}]},{\"@type\":\"WebSite\",\"@id\":\"https:\\\/\\\/covar.com.co\\\/es\\\/#website\",\"url\":\"https:\\\/\\\/covar.com.co\\\/es\\\/\",\"name\":\"COVAR LTDA\",\"description\":\"Constructions that make a difference\",\"publisher\":{\"@id\":\"https:\\\/\\\/covar.com.co\\\/es\\\/#organization\"},\"potentialAction\":[{\"@type\":\"SearchAction\",\"target\":{\"@type\":\"EntryPoint\",\"urlTemplate\":\"https:\\\/\\\/covar.com.co\\\/es\\\/?s={search_term_string}\"},\"query-input\":{\"@type\":\"PropertyValueSpecification\",\"valueRequired\":true,\"valueName\":\"search_term_string\"}}],\"inLanguage\":\"fr-FR\"},{\"@type\":\"Organization\",\"@id\":\"https:\\\/\\\/covar.com.co\\\/es\\\/#organization\",\"name\":\"COVAR LTDA\",\"url\":\"https:\\\/\\\/covar.com.co\\\/es\\\/\",\"logo\":{\"@type\":\"ImageObject\",\"inLanguage\":\"fr-FR\",\"@id\":\"https:\\\/\\\/covar.com.co\\\/es\\\/#\\\/schema\\\/logo\\\/image\\\/\",\"url\":\"https:\\\/\\\/covar.com.co\\\/wp-content\\\/uploads\\\/2020\\\/01\\\/12-1.png\",\"contentUrl\":\"https:\\\/\\\/covar.com.co\\\/wp-content\\\/uploads\\\/2020\\\/01\\\/12-1.png\",\"width\":500,\"height\":500,\"caption\":\"COVAR LTDA\"},\"image\":{\"@id\":\"https:\\\/\\\/covar.com.co\\\/es\\\/#\\\/schema\\\/logo\\\/image\\\/\"},\"sameAs\":[\"https:\\\/\\\/www.facebook.com\\\/COVAR-101618024865970\",\"https:\\\/\\\/x.com\\\/covarltda\",\"https:\\\/\\\/www.linkedin.com\\\/in\\\/jaime-corredor-1589641a6\"]}]}<\/script>\n<!-- \/ Yoast SEO plugin. -->","yoast_head_json":{"title":"Quienes somos - COVAR LTDA - Constructions that make a difference","description":"Conocer\u00e1 quienes somos, nuestra historia y cuales son aquellos elementos que caracterizan a nuestra empresa y nuestros servicios de construcci\u00f3n.","robots":{"index":"index","follow":"follow","max-snippet":"max-snippet:-1","max-image-preview":"max-image-preview:large","max-video-preview":"max-video-preview:-1"},"canonical":"https:\/\/covar.com.co\/fr\/home\/quienes-somos-servicios-de-construccion\/","og_locale":"fr_FR","og_type":"article","og_title":"Quienes somos - COVAR LTDA - Constructions that make a difference","og_description":"Conocer\u00e1 quienes somos, nuestra historia y cuales son aquellos elementos que caracterizan a nuestra empresa y nuestros servicios de construcci\u00f3n.","og_url":"https:\/\/covar.com.co\/fr\/home\/quienes-somos-servicios-de-construccion\/","og_site_name":"COVAR LTDA","article_publisher":"https:\/\/www.facebook.com\/COVAR-101618024865970","article_modified_time":"2020-06-01T17:37:00+00:00","twitter_card":"summary_large_image","twitter_site":"@covarltda","twitter_misc":{"Dur\u00e9e de lecture estim\u00e9e":"1 minute"},"schema":{"@context":"https:\/\/schema.org","@graph":[{"@type":"WebPage","@id":"https:\/\/covar.com.co\/en\/home\/quienes-somos-servicios-de-construccion","url":"https:\/\/covar.com.co\/en\/home\/quienes-somos-servicios-de-construccion","name":"Quienes somos - COVAR LTDA - Constructions that make a difference","isPartOf":{"@id":"https:\/\/covar.com.co\/es\/#website"},"datePublished":"2020-02-11T23:50:38+00:00","dateModified":"2020-06-01T17:37:00+00:00","description":"Conocer\u00e1 quienes somos, nuestra historia y cuales son aquellos elementos que caracterizan a nuestra empresa y nuestros servicios de construcci\u00f3n.","breadcrumb":{"@id":"https:\/\/covar.com.co\/en\/home\/quienes-somos-servicios-de-construccion#breadcrumb"},"inLanguage":"fr-FR","potentialAction":[{"@type":"ReadAction","target":["https:\/\/covar.com.co\/en\/home\/quienes-somos-servicios-de-construccion"]}]},{"@type":"BreadcrumbList","@id":"https:\/\/covar.com.co\/en\/home\/quienes-somos-servicios-de-construccion#breadcrumb","itemListElement":[{"@type":"ListItem","position":1,"name":"Portada","item":"https:\/\/covar.com.co\/es\/"},{"@type":"ListItem","position":2,"name":"Home","item":"https:\/\/covar.com.co\/es\/"},{"@type":"ListItem","position":3,"name":"Quienes somos"}]},{"@type":"WebSite","@id":"https:\/\/covar.com.co\/es\/#website","url":"https:\/\/covar.com.co\/es\/","name":"COVAR LTDA","description":"Constructions that make a difference","publisher":{"@id":"https:\/\/covar.com.co\/es\/#organization"},"potentialAction":[{"@type":"SearchAction","target":{"@type":"EntryPoint","urlTemplate":"https:\/\/covar.com.co\/es\/?s={search_term_string}"},"query-input":{"@type":"PropertyValueSpecification","valueRequired":true,"valueName":"search_term_string"}}],"inLanguage":"fr-FR"},{"@type":"Organization","@id":"https:\/\/covar.com.co\/es\/#organization","name":"COVAR LTDA","url":"https:\/\/covar.com.co\/es\/","logo":{"@type":"ImageObject","inLanguage":"fr-FR","@id":"https:\/\/covar.com.co\/es\/#\/schema\/logo\/image\/","url":"https:\/\/covar.com.co\/wp-content\/uploads\/2020\/01\/12-1.png","contentUrl":"https:\/\/covar.com.co\/wp-content\/uploads\/2020\/01\/12-1.png","width":500,"height":500,"caption":"COVAR LTDA"},"image":{"@id":"https:\/\/covar.com.co\/es\/#\/schema\/logo\/image\/"},"sameAs":["https:\/\/www.facebook.com\/COVAR-101618024865970","https:\/\/x.com\/covarltda","https:\/\/www.linkedin.com\/in\/jaime-corredor-1589641a6"]}]}},"jetpack_sharing_enabled":true,"_links":{"self":[{"href":"https:\/\/covar.com.co\/fr\/wp-json\/wp\/v2\/pages\/133","targetHints":{"allow":["GET"]}}],"collection":[{"href":"https:\/\/covar.com.co\/fr\/wp-json\/wp\/v2\/pages"}],"about":[{"href":"https:\/\/covar.com.co\/fr\/wp-json\/wp\/v2\/types\/page"}],"author":[{"embeddable":true,"href":"https:\/\/covar.com.co\/fr\/wp-json\/wp\/v2\/users\/1"}],"replies":[{"embeddable":true,"href":"https:\/\/covar.com.co\/fr\/wp-json\/wp\/v2\/comments?post=133"}],"version-history":[{"count":18,"href":"https:\/\/covar.com.co\/fr\/wp-json\/wp\/v2\/pages\/133\/revisions"}],"predecessor-version":[{"id":1163,"href":"https:\/\/covar.com.co\/fr\/wp-json\/wp\/v2\/pages\/133\/revisions\/1163"}],"up":[{"embeddable":true,"href":"https:\/\/covar.com.co\/fr\/wp-json\/wp\/v2\/pages\/6"}],"wp:attachment":[{"href":"https:\/\/covar.com.co\/fr\/wp-json\/wp\/v2\/media?parent=133"}],"curies":[{"name":"wp","href":"https:\/\/api.w.org\/{rel}","templated":true}]}}