{"id":528,"date":"2020-03-19T19:56:30","date_gmt":"2020-03-20T00:56:30","guid":{"rendered":"http:\/\/covar.com.co\/?page_id=528"},"modified":"2020-06-08T18:14:18","modified_gmt":"2020-06-08T23:14:18","slug":"nuestro-enfoque-estrategico","status":"publish","type":"page","link":"https:\/\/covar.com.co\/fr\/home\/nuestro-enfoque-estrategico","title":{"rendered":"Notre approche strat\u00e9gique"},"content":{"rendered":"<div style=\"height:20px\" aria-hidden=\"true\" class=\"wp-block-spacer\"><\/div>\n\n\n\n<h2 class=\"wp-block-heading\">Mission<\/h2>\n\n\n\n<p class=\"has-normal-font-size\">COVAR LTDA. est une organisation qui d\u00e9veloppe et ex\u00e9cute des projets de g\u00e9nie civil, d'architecture et de conception en fonction des besoins des clients, pour cela, elle dispose de l'infrastructure n\u00e9cessaire et d'une \u00e9quipe humaine comp\u00e9tente, ce qui garantit la bonne ex\u00e9cution de ses projets. <\/p>\n\n\n\n<div style=\"height:20px\" aria-hidden=\"true\" class=\"wp-block-spacer\"><\/div>\n\n\n\n<h2 class=\"wp-block-heading\">Vue<\/h2>\n\n\n\n<p class=\"has-normal-font-size\">Etre une entreprise leader dans le domaine de la construction, des travaux publics et du design, qui offre \u00e0 ses clients l'excellence des services.<\/p>\n\n\n\n<div style=\"height:20px\" aria-hidden=\"true\" class=\"wp-block-spacer\"><\/div>\n\n\n\n<h2 class=\"wp-block-heading\">Nos Valeurs<\/h2>\n\n\n\n<p class=\"has-normal-font-size\">Chez COVAR, nos valeurs marquent notre conduite et ces valeurs sont les suivantes:<\/p>\n\n\n\n<ul class=\"wp-block-list\"><li>Excellence<\/li><li>Professionnalisme<\/li><li>Qualit\u00e9<\/li><li>Efficacit\u00e9<\/li><li>Direction<\/li><li>La discipline<\/li><li>Adaptabilit\u00e9<\/li><li>Qui appartiennent<\/li><li>Assurance<\/li><li>Souplesse<\/li><\/ul>\n\n\n\n<div style=\"height:20px\" aria-hidden=\"true\" class=\"wp-block-spacer\"><\/div>\n\n\n\n<h2 class=\"wp-block-heading\">Objectifs<\/h2>\n\n\n\n<ul class=\"wp-block-list\"><li>Se conformer aux exigences et sp\u00e9cifications convenues avec le client.<\/li><\/ul>\n\n\n\n<ul class=\"wp-block-list\"><li>Maintenir une am\u00e9lioration continue de nos processus.<\/li><\/ul>\n\n\n\n<ul class=\"wp-block-list\"><li>Fournir un service efficace et rapide.<\/li><\/ul>\n\n\n\n<ul class=\"wp-block-list\"><li>Promouvoir la formation pour am\u00e9liorer les comp\u00e9tences professionnelles.<\/li><\/ul>\n\n\n\n<div style=\"height:20px\" aria-hidden=\"true\" class=\"wp-block-spacer\"><\/div>\n\n\n\n<p class=\"has-text-align-justify has-medium-font-size\"><em>Si vous souhaitez en savoir plus sur la fa\u00e7on dont nous construisons en faisant la diff\u00e9rence, nous vous invitons \u00e0 cliquer\u00a0<a rel=\"noreferrer noopener\" href=\"https:\/\/covar.com.co\/fr\/construimos-marcando-la-diferencia\/\" target=\"_blank\">Ici<\/a>\u00a0ou dans le lien\u00a0<a href=\"https:\/\/covar.com.co\/fr\/construimos-marcando-la-diferencia\/\" target=\"_blank\" rel=\"noreferrer noopener\">\u00abNous construisons en faisant la diff\u00e9rence\u00bb<\/a><\/em>\u00a0<em>trouv\u00e9 dans le menu principal<\/em><\/p>","protected":false},"excerpt":{"rendered":"<p>Misi\u00f3n COVAR LTDA. es una organizaci\u00f3n que desarrolla y ejecuta proyectos de obras civiles, arquitectura y dise\u00f1o de acuerdo con &hellip; <a href=\"https:\/\/covar.com.co\/fr\/home\/nuestro-enfoque-estrategico\" class=\"more-link\">Continue reading <span class=\"screen-reader-text\">Notre approche strat\u00e9gique<\/span><\/a><\/p>","protected":false},"author":1,"featured_media":0,"parent":6,"menu_order":0,"comment_status":"closed","ping_status":"closed","template":"","meta":{"_monsterinsights_skip_tracking":false,"_monsterinsights_sitenote_active":false,"_monsterinsights_sitenote_note":"","_monsterinsights_sitenote_category":0,"_uf_show_specific_survey":0,"_uf_disable_surveys":false,"_joinchat":[],"footnotes":""},"class_list":["post-528","page","type-page","status-publish","hentry"],"aioseo_notices":[],"yoast_head":"<!-- This site is optimized with the Yoast SEO plugin v27.6 - https:\/\/yoast.com\/product\/yoast-seo-wordpress\/ -->\n<title>Nuestro Enfoque Estrat\u00e9gico - COVAR LTDA<\/title>\n<meta name=\"robots\" content=\"index, follow, max-snippet:-1, max-image-preview:large, max-video-preview:-1\" \/>\n<link rel=\"canonical\" href=\"https:\/\/covar.com.co\/fr\/home\/nuestro-enfoque-estrategico\/\" \/>\n<meta property=\"og:locale\" content=\"fr_FR\" \/>\n<meta property=\"og:type\" content=\"article\" \/>\n<meta property=\"og:title\" content=\"Nuestro Enfoque Estrat\u00e9gico - COVAR LTDA\" \/>\n<meta property=\"og:description\" content=\"Misi\u00f3n COVAR LTDA. es una organizaci\u00f3n que desarrolla y ejecuta proyectos de obras civiles, arquitectura y dise\u00f1o de acuerdo con &hellip; Continue reading Nuestro Enfoque Estrat\u00e9gico\" \/>\n<meta property=\"og:url\" content=\"https:\/\/covar.com.co\/fr\/home\/nuestro-enfoque-estrategico\/\" \/>\n<meta property=\"og:site_name\" content=\"COVAR LTDA\" \/>\n<meta property=\"article:publisher\" content=\"https:\/\/www.facebook.com\/COVAR-101618024865970\" \/>\n<meta property=\"article:modified_time\" content=\"2020-06-08T23:14:18+00:00\" \/>\n<meta name=\"twitter:card\" content=\"summary_large_image\" \/>\n<meta name=\"twitter:site\" content=\"@covarltda\" \/>\n<meta name=\"twitter:label1\" content=\"Dur\u00e9e de lecture estim\u00e9e\" \/>\n\t<meta name=\"twitter:data1\" content=\"1 minute\" \/>\n<script type=\"application\/ld+json\" class=\"yoast-schema-graph\">{\"@context\":\"https:\\\/\\\/schema.org\",\"@graph\":[{\"@type\":\"WebPage\",\"@id\":\"https:\\\/\\\/covar.com.co\\\/es\\\/home\\\/nuestro-enfoque-estrategico\",\"url\":\"https:\\\/\\\/covar.com.co\\\/es\\\/home\\\/nuestro-enfoque-estrategico\",\"name\":\"Nuestro Enfoque Estrat\u00e9gico - COVAR LTDA\",\"isPartOf\":{\"@id\":\"https:\\\/\\\/covar.com.co\\\/es\\\/#website\"},\"datePublished\":\"2020-03-20T00:56:30+00:00\",\"dateModified\":\"2020-06-08T23:14:18+00:00\",\"breadcrumb\":{\"@id\":\"https:\\\/\\\/covar.com.co\\\/es\\\/home\\\/nuestro-enfoque-estrategico#breadcrumb\"},\"inLanguage\":\"fr-FR\",\"potentialAction\":[{\"@type\":\"ReadAction\",\"target\":[\"https:\\\/\\\/covar.com.co\\\/es\\\/home\\\/nuestro-enfoque-estrategico\"]}]},{\"@type\":\"BreadcrumbList\",\"@id\":\"https:\\\/\\\/covar.com.co\\\/es\\\/home\\\/nuestro-enfoque-estrategico#breadcrumb\",\"itemListElement\":[{\"@type\":\"ListItem\",\"position\":1,\"name\":\"Portada\",\"item\":\"https:\\\/\\\/covar.com.co\\\/es\\\/\"},{\"@type\":\"ListItem\",\"position\":2,\"name\":\"Home\",\"item\":\"https:\\\/\\\/covar.com.co\\\/es\\\/\"},{\"@type\":\"ListItem\",\"position\":3,\"name\":\"Nuestro Enfoque Estrat\u00e9gico\"}]},{\"@type\":\"WebSite\",\"@id\":\"https:\\\/\\\/covar.com.co\\\/es\\\/#website\",\"url\":\"https:\\\/\\\/covar.com.co\\\/es\\\/\",\"name\":\"COVAR LTDA\",\"description\":\"Constructions that make a difference\",\"publisher\":{\"@id\":\"https:\\\/\\\/covar.com.co\\\/es\\\/#organization\"},\"potentialAction\":[{\"@type\":\"SearchAction\",\"target\":{\"@type\":\"EntryPoint\",\"urlTemplate\":\"https:\\\/\\\/covar.com.co\\\/es\\\/?s={search_term_string}\"},\"query-input\":{\"@type\":\"PropertyValueSpecification\",\"valueRequired\":true,\"valueName\":\"search_term_string\"}}],\"inLanguage\":\"fr-FR\"},{\"@type\":\"Organization\",\"@id\":\"https:\\\/\\\/covar.com.co\\\/es\\\/#organization\",\"name\":\"COVAR LTDA\",\"url\":\"https:\\\/\\\/covar.com.co\\\/es\\\/\",\"logo\":{\"@type\":\"ImageObject\",\"inLanguage\":\"fr-FR\",\"@id\":\"https:\\\/\\\/covar.com.co\\\/es\\\/#\\\/schema\\\/logo\\\/image\\\/\",\"url\":\"https:\\\/\\\/covar.com.co\\\/wp-content\\\/uploads\\\/2020\\\/01\\\/12-1.png\",\"contentUrl\":\"https:\\\/\\\/covar.com.co\\\/wp-content\\\/uploads\\\/2020\\\/01\\\/12-1.png\",\"width\":500,\"height\":500,\"caption\":\"COVAR LTDA\"},\"image\":{\"@id\":\"https:\\\/\\\/covar.com.co\\\/es\\\/#\\\/schema\\\/logo\\\/image\\\/\"},\"sameAs\":[\"https:\\\/\\\/www.facebook.com\\\/COVAR-101618024865970\",\"https:\\\/\\\/x.com\\\/covarltda\",\"https:\\\/\\\/www.linkedin.com\\\/in\\\/jaime-corredor-1589641a6\"]}]}<\/script>\n<!-- \/ Yoast SEO plugin. -->","yoast_head_json":{"title":"Nuestro Enfoque Estrat\u00e9gico - COVAR LTDA","robots":{"index":"index","follow":"follow","max-snippet":"max-snippet:-1","max-image-preview":"max-image-preview:large","max-video-preview":"max-video-preview:-1"},"canonical":"https:\/\/covar.com.co\/fr\/home\/nuestro-enfoque-estrategico\/","og_locale":"fr_FR","og_type":"article","og_title":"Nuestro Enfoque Estrat\u00e9gico - COVAR LTDA","og_description":"Misi\u00f3n COVAR LTDA. es una organizaci\u00f3n que desarrolla y ejecuta proyectos de obras civiles, arquitectura y dise\u00f1o de acuerdo con &hellip; Continue reading Nuestro Enfoque Estrat\u00e9gico","og_url":"https:\/\/covar.com.co\/fr\/home\/nuestro-enfoque-estrategico\/","og_site_name":"COVAR LTDA","article_publisher":"https:\/\/www.facebook.com\/COVAR-101618024865970","article_modified_time":"2020-06-08T23:14:18+00:00","twitter_card":"summary_large_image","twitter_site":"@covarltda","twitter_misc":{"Dur\u00e9e de lecture estim\u00e9e":"1 minute"},"schema":{"@context":"https:\/\/schema.org","@graph":[{"@type":"WebPage","@id":"https:\/\/covar.com.co\/es\/home\/nuestro-enfoque-estrategico","url":"https:\/\/covar.com.co\/es\/home\/nuestro-enfoque-estrategico","name":"Nuestro Enfoque Estrat\u00e9gico - COVAR LTDA","isPartOf":{"@id":"https:\/\/covar.com.co\/es\/#website"},"datePublished":"2020-03-20T00:56:30+00:00","dateModified":"2020-06-08T23:14:18+00:00","breadcrumb":{"@id":"https:\/\/covar.com.co\/es\/home\/nuestro-enfoque-estrategico#breadcrumb"},"inLanguage":"fr-FR","potentialAction":[{"@type":"ReadAction","target":["https:\/\/covar.com.co\/es\/home\/nuestro-enfoque-estrategico"]}]},{"@type":"BreadcrumbList","@id":"https:\/\/covar.com.co\/es\/home\/nuestro-enfoque-estrategico#breadcrumb","itemListElement":[{"@type":"ListItem","position":1,"name":"Portada","item":"https:\/\/covar.com.co\/es\/"},{"@type":"ListItem","position":2,"name":"Home","item":"https:\/\/covar.com.co\/es\/"},{"@type":"ListItem","position":3,"name":"Nuestro Enfoque Estrat\u00e9gico"}]},{"@type":"WebSite","@id":"https:\/\/covar.com.co\/es\/#website","url":"https:\/\/covar.com.co\/es\/","name":"COVAR LTDA","description":"Constructions that make a difference","publisher":{"@id":"https:\/\/covar.com.co\/es\/#organization"},"potentialAction":[{"@type":"SearchAction","target":{"@type":"EntryPoint","urlTemplate":"https:\/\/covar.com.co\/es\/?s={search_term_string}"},"query-input":{"@type":"PropertyValueSpecification","valueRequired":true,"valueName":"search_term_string"}}],"inLanguage":"fr-FR"},{"@type":"Organization","@id":"https:\/\/covar.com.co\/es\/#organization","name":"COVAR LTDA","url":"https:\/\/covar.com.co\/es\/","logo":{"@type":"ImageObject","inLanguage":"fr-FR","@id":"https:\/\/covar.com.co\/es\/#\/schema\/logo\/image\/","url":"https:\/\/covar.com.co\/wp-content\/uploads\/2020\/01\/12-1.png","contentUrl":"https:\/\/covar.com.co\/wp-content\/uploads\/2020\/01\/12-1.png","width":500,"height":500,"caption":"COVAR LTDA"},"image":{"@id":"https:\/\/covar.com.co\/es\/#\/schema\/logo\/image\/"},"sameAs":["https:\/\/www.facebook.com\/COVAR-101618024865970","https:\/\/x.com\/covarltda","https:\/\/www.linkedin.com\/in\/jaime-corredor-1589641a6"]}]}},"jetpack_sharing_enabled":true,"_links":{"self":[{"href":"https:\/\/covar.com.co\/fr\/wp-json\/wp\/v2\/pages\/528","targetHints":{"allow":["GET"]}}],"collection":[{"href":"https:\/\/covar.com.co\/fr\/wp-json\/wp\/v2\/pages"}],"about":[{"href":"https:\/\/covar.com.co\/fr\/wp-json\/wp\/v2\/types\/page"}],"author":[{"embeddable":true,"href":"https:\/\/covar.com.co\/fr\/wp-json\/wp\/v2\/users\/1"}],"replies":[{"embeddable":true,"href":"https:\/\/covar.com.co\/fr\/wp-json\/wp\/v2\/comments?post=528"}],"version-history":[{"count":10,"href":"https:\/\/covar.com.co\/fr\/wp-json\/wp\/v2\/pages\/528\/revisions"}],"predecessor-version":[{"id":1175,"href":"https:\/\/covar.com.co\/fr\/wp-json\/wp\/v2\/pages\/528\/revisions\/1175"}],"up":[{"embeddable":true,"href":"https:\/\/covar.com.co\/fr\/wp-json\/wp\/v2\/pages\/6"}],"wp:attachment":[{"href":"https:\/\/covar.com.co\/fr\/wp-json\/wp\/v2\/media?parent=528"}],"curies":[{"name":"wp","href":"https:\/\/api.w.org\/{rel}","templated":true}]}}