{"id":6,"date":"2020-01-13T16:06:52","date_gmt":"2020-01-13T16:06:52","guid":{"rendered":"https:\/\/covar.000webhostapp.com\/front-page"},"modified":"2020-05-07T11:24:11","modified_gmt":"2020-05-07T16:24:11","slug":"home","status":"publish","type":"page","link":"https:\/\/covar.com.co\/fr\/","title":{"rendered":"Home"},"content":{"rendered":"<figure class=\"wp-block-table\"><table  class=\"table table-hover\" ><tbody><tr><td>Construcci\u00f3n, es decir, construccion<\/td><\/tr><tr><td>Construcciones Industriales, por otro lado, construcci\u00f3n industrial<\/td><\/tr><tr><td>Montajes Industriales, en otras palabras, montaje industrial<\/td><\/tr><tr><td>Estructuras de concreto <\/td><\/tr><tr><td>Estructuras met\u00e1licas<\/td><\/tr><tr><td>Cimentaciones<\/td><\/tr><tr><td>Obras de mitigaci\u00f3n ambiental<\/td><\/tr><tr><td>Pavimentos r\u00edgidos<\/td><\/tr><tr><td>Alcantarillados industriales<\/td><\/tr><tr><td>Pisos industriales<\/td><\/tr><tr><td>Redes industriales<\/td><\/tr><tr><td>Canalizaciones Industriales<\/td><\/tr><tr><td>Redes de alcantarillado<\/td><\/tr><tr><td>Redes de acueducto<\/td><\/tr><tr><td>Remodelaciones de Edificios<\/td><\/tr><tr><td>Remodelaciones hoteleras<\/td><\/tr><tr><td>arquitect\u00f3nicas<\/td><\/tr><tr><td>Redes de protecci\u00f3n contra incendios<\/td><\/tr><tr><td>Tanques de almacenamiento de fluidos<\/td><\/tr><tr><td>Mantenimientos locativos<\/td><\/tr><tr><td>Dise\u00f1o arquitect\u00f3nico<\/td><\/tr><tr><td>Obras de Ingenier\u00eda Civil<\/td><\/tr><tr><td>Obras de arquitectura<\/td><\/tr><tr><td>Empresa de construcci\u00f3n<\/td><\/tr><\/tbody><\/table><\/figure>\n\n\n\n<h2 class=\"wp-block-heading\">Nous construisons en faisant la diff\u00e9rence<\/h2>\n\n\n\n<p class=\"has-text-align-justify\">Construimos marcando la diferencia, es decir, la forma como nos dedicamos a la construcci\u00f3n de una obra civil y arquitect\u00f3nica.<\/p>\n\n\n\n<h2 class=\"wp-block-heading\">Qui sommes nous<\/h2>\n\n\n\n<p class=\"has-text-align-justify\">Quienes somos, en esta parte usted observar\u00e1 lo que caracteriza a nuestra empresa, como es nuestra historia y valores. Adicional, aqu\u00ed encontrar\u00e1 todo lo relacionado con la construcci\u00f3n de una obra civil y arquitect\u00f3nica. Por estos motivos, lo invitamos a leer esta secci\u00f3n.<\/p>\n\n\n\n<h2 class=\"wp-block-heading\">Nos m\u00e9tiers et services<\/h2>\n\n\n\n<p>Aqu\u00ed encontrar\u00e1 nuestros servicios relacionados con obra civil, construcci\u00f3n, construcciones industriales, remodelaci\u00f3n, dise\u00f1o arquitect\u00f3nico, es decir, todos nuestros servicios.<\/p>\n\n\n\n<h2 class=\"wp-block-heading\">Nuestra experiencia<\/h2>\n\n\n\n<p>Adquirida durante m\u00e1s de 20 a\u00f1os, por lo tanto, somos expertos en la evaluaci\u00f3n, planificaci\u00f3n y ejecuci\u00f3n de proyectos de infraestructura a nivel nacional. <\/p>\n\n\n\n<h2 class=\"wp-block-heading\">Certains de nos clients<\/h2>\n\n\n\n<p>En esta secci\u00f3n, usted podr\u00e1 encontrar algunos de nuestros clientes relacionados con construcci\u00f3n, obra civil y arquitect\u00f3nica, por lo mencionado anteriormente, no est\u00e1n incluidos todos nuestros clientes.<\/p>\n\n\n\n<p>Derechos reservados y protegidos por COVAR INVERSIONES LTDA 2020, en otras palabras, COVAR es el due\u00f1o de esta empresa de construcci\u00f3n, obra civil y arquitect\u00f3nica.<\/p>\n\n\n\n<h2 class=\"wp-block-heading\">Contactez nous<\/h2>\n\n\n\n<p class=\"has-text-align-justify\">Tenemos distintos canales de comunicaci\u00f3n dispuestos para usted, por este motivo, lo invitamos a ponerse en contacto con nosotros.<\/p>\n\n\n\n<p>La construcci\u00f3n es una actividad que se enfoca en mejorar la vida de las personas y los trabajadores, en otras palabras, la construcci\u00f3n es una forma de transformar la vida.<\/p>\n\n\n\n<p>Una obra civil es una construcci\u00f3n relacionada con la ingenier\u00eda civil, por lo tanto, esto puede ser desde un movimiento de tierra hasta un muro.<\/p>\n\n\n\n<p>Las estructuras met\u00e1licas son un tipo de obra civil, por esta raz\u00f3n, somos una de las mejores empresas en Colombia que los fabrican.<\/p>\n\n\n\n<p>Cimentaciones, es una obra civil que se utiliza para poder construir encima de ellas un edificaci\u00f3n, es decir, una casa o edificio.<\/p>\n\n\n\n<p>redes de acueducto, es una obra de construcci\u00f3n que se utiliza para transportar agua por debajo de la tierra, por lo tanto, son muy importantes para las ciudades y su poblaci\u00f3n.<\/p>\n\n\n\n<h2 class=\"wp-block-heading\">Obra civil<\/h2>\n\n\n\n<p><em>Si desea conocer m\u00e1s acerca de q<\/em>uienes somos<em>, le invitamos a hacer clic&nbsp;<\/em><a href=\"https:\/\/covar.com.co\/fr\/home\/quienes-somos-construccion\/\">aqu\u00ed<em>&nbsp;<\/em><\/a><em>ou dans le lien&nbsp;<\/em><a href=\"https:\/\/covar.com.co\/fr\/home\/quienes-somos-construccion\/\">QUIENES SOMOS<\/a> <em>trouv\u00e9 dans le menu principal<\/em><\/p>\n\n\n\n<figure class=\"wp-block-image size-large\"><img loading=\"lazy\" decoding=\"async\" width=\"681\" height=\"1024\" src=\"https:\/\/covar.com.co\/wp-content\/uploads\/2020\/04\/foto-edificacion-residencial-681x1024.jpg\" alt=\"Nuestras l\u00edneas de negocios y servicios. Aqu\u00ed encontrar\u00e1 nuestros servicios relacionados con obra civil, construcci\u00f3n, construcciones industriales, remodelaci\u00f3n, dise\u00f1o arquitect\u00f3nico, es decir, todos nuestros servicios.\" class=\"wp-image-959\" srcset=\"https:\/\/covar.com.co\/wp-content\/uploads\/2020\/04\/foto-edificacion-residencial-681x1024.jpg 681w, https:\/\/covar.com.co\/wp-content\/uploads\/2020\/04\/foto-edificacion-residencial-199x300.jpg 199w, https:\/\/covar.com.co\/wp-content\/uploads\/2020\/04\/foto-edificacion-residencial-768x1155.jpg 768w, https:\/\/covar.com.co\/wp-content\/uploads\/2020\/04\/foto-edificacion-residencial.jpg 851w\" sizes=\"auto, (max-width: 681px) 100vw, 681px\" \/><\/figure>","protected":false},"excerpt":{"rendered":"<p>Construcci\u00f3n, es decir, construccion Construcciones Industriales, por otro lado, construcci\u00f3n industrial Montajes Industriales, en otras palabras, montaje industrial Estructuras de &hellip; <a href=\"https:\/\/covar.com.co\/fr\/\" class=\"more-link\">Continue reading <span class=\"screen-reader-text\">Home<\/span><\/a><\/p>","protected":false},"author":1,"featured_media":0,"parent":0,"menu_order":0,"comment_status":"closed","ping_status":"closed","template":"page-templates\/template-home.php","meta":{"_monsterinsights_skip_tracking":false,"_monsterinsights_sitenote_active":false,"_monsterinsights_sitenote_note":"","_monsterinsights_sitenote_category":0,"_uf_show_specific_survey":0,"_uf_disable_surveys":false,"_joinchat":[],"footnotes":""},"class_list":["post-6","page","type-page","status-publish","hentry"],"aioseo_notices":[],"yoast_head":"<!-- This site is optimized with the Yoast SEO plugin v27.6 - https:\/\/yoast.com\/product\/yoast-seo-wordpress\/ -->\n<title>Home - COVAR LTDA - Constructions that make a difference - Obra Civil<\/title>\n<meta name=\"description\" content=\"En COVAR LTDA, le ofrecemos una viriedad de servicios de construcci\u00f3n, como dise\u00f1o arquitect\u00f3nico, obra civil y ejecuci\u00f3n de proyectos, en general\" \/>\n<meta name=\"robots\" content=\"index, follow, max-snippet:-1, max-image-preview:large, max-video-preview:-1\" \/>\n<link rel=\"canonical\" href=\"https:\/\/covar.com.co\/fr\/\" \/>\n<meta property=\"og:locale\" content=\"fr_FR\" \/>\n<meta property=\"og:type\" content=\"article\" \/>\n<meta property=\"og:title\" content=\"Home - COVAR LTDA - Constructions that make a difference - Obra Civil\" \/>\n<meta property=\"og:description\" content=\"En COVAR LTDA, le ofrecemos una viriedad de servicios de construcci\u00f3n, como dise\u00f1o arquitect\u00f3nico, obra civil y ejecuci\u00f3n de proyectos, en general\" \/>\n<meta property=\"og:url\" content=\"https:\/\/covar.com.co\/fr\/\" \/>\n<meta property=\"og:site_name\" content=\"COVAR LTDA\" \/>\n<meta property=\"article:publisher\" content=\"https:\/\/www.facebook.com\/COVAR-101618024865970\" \/>\n<meta property=\"article:modified_time\" content=\"2020-05-07T16:24:11+00:00\" \/>\n<meta property=\"og:image\" content=\"https:\/\/covar.com.co\/wp-content\/uploads\/2020\/04\/foto-edificacion-residencial-681x1024.jpg\" \/>\n<meta name=\"twitter:card\" content=\"summary_large_image\" \/>\n<meta name=\"twitter:site\" content=\"@covarltda\" \/>\n<meta name=\"twitter:label1\" content=\"Dur\u00e9e de lecture estim\u00e9e\" \/>\n\t<meta name=\"twitter:data1\" content=\"2 minutes\" \/>\n<script type=\"application\/ld+json\" class=\"yoast-schema-graph\">{\"@context\":\"https:\\\/\\\/schema.org\",\"@graph\":[{\"@type\":\"WebPage\",\"@id\":\"https:\\\/\\\/covar.com.co\\\/es\\\/\",\"url\":\"https:\\\/\\\/covar.com.co\\\/es\\\/\",\"name\":\"Home - COVAR LTDA - Constructions that make a difference - Obra Civil\",\"isPartOf\":{\"@id\":\"https:\\\/\\\/covar.com.co\\\/es\\\/#website\"},\"primaryImageOfPage\":{\"@id\":\"https:\\\/\\\/covar.com.co\\\/es\\\/#primaryimage\"},\"image\":{\"@id\":\"https:\\\/\\\/covar.com.co\\\/es\\\/#primaryimage\"},\"thumbnailUrl\":\"https:\\\/\\\/covar.com.co\\\/wp-content\\\/uploads\\\/2020\\\/04\\\/foto-edificacion-residencial-681x1024.jpg\",\"datePublished\":\"2020-01-13T16:06:52+00:00\",\"dateModified\":\"2020-05-07T16:24:11+00:00\",\"description\":\"En COVAR LTDA, le ofrecemos una viriedad de servicios de construcci\u00f3n, como dise\u00f1o arquitect\u00f3nico, obra civil y ejecuci\u00f3n de proyectos, en general\",\"breadcrumb\":{\"@id\":\"https:\\\/\\\/covar.com.co\\\/es\\\/#breadcrumb\"},\"inLanguage\":\"fr-FR\",\"potentialAction\":[{\"@type\":\"ReadAction\",\"target\":[\"https:\\\/\\\/covar.com.co\\\/es\\\/\"]}]},{\"@type\":\"ImageObject\",\"inLanguage\":\"fr-FR\",\"@id\":\"https:\\\/\\\/covar.com.co\\\/es\\\/#primaryimage\",\"url\":\"https:\\\/\\\/covar.com.co\\\/wp-content\\\/uploads\\\/2020\\\/04\\\/foto-edificacion-residencial-681x1024.jpg\",\"contentUrl\":\"https:\\\/\\\/covar.com.co\\\/wp-content\\\/uploads\\\/2020\\\/04\\\/foto-edificacion-residencial-681x1024.jpg\"},{\"@type\":\"BreadcrumbList\",\"@id\":\"https:\\\/\\\/covar.com.co\\\/es\\\/#breadcrumb\",\"itemListElement\":[{\"@type\":\"ListItem\",\"position\":1,\"name\":\"Portada\",\"item\":\"https:\\\/\\\/covar.com.co\\\/es\\\/\"},{\"@type\":\"ListItem\",\"position\":2,\"name\":\"Home\"}]},{\"@type\":\"WebSite\",\"@id\":\"https:\\\/\\\/covar.com.co\\\/es\\\/#website\",\"url\":\"https:\\\/\\\/covar.com.co\\\/es\\\/\",\"name\":\"COVAR LTDA\",\"description\":\"Constructions that make a difference\",\"publisher\":{\"@id\":\"https:\\\/\\\/covar.com.co\\\/es\\\/#organization\"},\"potentialAction\":[{\"@type\":\"SearchAction\",\"target\":{\"@type\":\"EntryPoint\",\"urlTemplate\":\"https:\\\/\\\/covar.com.co\\\/es\\\/?s={search_term_string}\"},\"query-input\":{\"@type\":\"PropertyValueSpecification\",\"valueRequired\":true,\"valueName\":\"search_term_string\"}}],\"inLanguage\":\"fr-FR\"},{\"@type\":\"Organization\",\"@id\":\"https:\\\/\\\/covar.com.co\\\/es\\\/#organization\",\"name\":\"COVAR LTDA\",\"url\":\"https:\\\/\\\/covar.com.co\\\/es\\\/\",\"logo\":{\"@type\":\"ImageObject\",\"inLanguage\":\"fr-FR\",\"@id\":\"https:\\\/\\\/covar.com.co\\\/es\\\/#\\\/schema\\\/logo\\\/image\\\/\",\"url\":\"https:\\\/\\\/covar.com.co\\\/wp-content\\\/uploads\\\/2020\\\/01\\\/12-1.png\",\"contentUrl\":\"https:\\\/\\\/covar.com.co\\\/wp-content\\\/uploads\\\/2020\\\/01\\\/12-1.png\",\"width\":500,\"height\":500,\"caption\":\"COVAR LTDA\"},\"image\":{\"@id\":\"https:\\\/\\\/covar.com.co\\\/es\\\/#\\\/schema\\\/logo\\\/image\\\/\"},\"sameAs\":[\"https:\\\/\\\/www.facebook.com\\\/COVAR-101618024865970\",\"https:\\\/\\\/x.com\\\/covarltda\",\"https:\\\/\\\/www.linkedin.com\\\/in\\\/jaime-corredor-1589641a6\"]}]}<\/script>\n<!-- \/ Yoast SEO plugin. -->","yoast_head_json":{"title":"Home - COVAR LTDA - Constructions that make a difference - Obra Civil","description":"En COVAR LTDA, le ofrecemos una viriedad de servicios de construcci\u00f3n, como dise\u00f1o arquitect\u00f3nico, obra civil y ejecuci\u00f3n de proyectos, en general","robots":{"index":"index","follow":"follow","max-snippet":"max-snippet:-1","max-image-preview":"max-image-preview:large","max-video-preview":"max-video-preview:-1"},"canonical":"https:\/\/covar.com.co\/fr\/","og_locale":"fr_FR","og_type":"article","og_title":"Home - COVAR LTDA - Constructions that make a difference - Obra Civil","og_description":"En COVAR LTDA, le ofrecemos una viriedad de servicios de construcci\u00f3n, como dise\u00f1o arquitect\u00f3nico, obra civil y ejecuci\u00f3n de proyectos, en general","og_url":"https:\/\/covar.com.co\/fr\/","og_site_name":"COVAR LTDA","article_publisher":"https:\/\/www.facebook.com\/COVAR-101618024865970","article_modified_time":"2020-05-07T16:24:11+00:00","og_image":[{"url":"https:\/\/covar.com.co\/wp-content\/uploads\/2020\/04\/foto-edificacion-residencial-681x1024.jpg","type":"","width":"","height":""}],"twitter_card":"summary_large_image","twitter_site":"@covarltda","twitter_misc":{"Dur\u00e9e de lecture estim\u00e9e":"2 minutes"},"schema":{"@context":"https:\/\/schema.org","@graph":[{"@type":"WebPage","@id":"https:\/\/covar.com.co\/es\/","url":"https:\/\/covar.com.co\/es\/","name":"Home - COVAR LTDA - Constructions that make a difference - Obra Civil","isPartOf":{"@id":"https:\/\/covar.com.co\/es\/#website"},"primaryImageOfPage":{"@id":"https:\/\/covar.com.co\/es\/#primaryimage"},"image":{"@id":"https:\/\/covar.com.co\/es\/#primaryimage"},"thumbnailUrl":"https:\/\/covar.com.co\/wp-content\/uploads\/2020\/04\/foto-edificacion-residencial-681x1024.jpg","datePublished":"2020-01-13T16:06:52+00:00","dateModified":"2020-05-07T16:24:11+00:00","description":"En COVAR LTDA, le ofrecemos una viriedad de servicios de construcci\u00f3n, como dise\u00f1o arquitect\u00f3nico, obra civil y ejecuci\u00f3n de proyectos, en general","breadcrumb":{"@id":"https:\/\/covar.com.co\/es\/#breadcrumb"},"inLanguage":"fr-FR","potentialAction":[{"@type":"ReadAction","target":["https:\/\/covar.com.co\/es\/"]}]},{"@type":"ImageObject","inLanguage":"fr-FR","@id":"https:\/\/covar.com.co\/es\/#primaryimage","url":"https:\/\/covar.com.co\/wp-content\/uploads\/2020\/04\/foto-edificacion-residencial-681x1024.jpg","contentUrl":"https:\/\/covar.com.co\/wp-content\/uploads\/2020\/04\/foto-edificacion-residencial-681x1024.jpg"},{"@type":"BreadcrumbList","@id":"https:\/\/covar.com.co\/es\/#breadcrumb","itemListElement":[{"@type":"ListItem","position":1,"name":"Portada","item":"https:\/\/covar.com.co\/es\/"},{"@type":"ListItem","position":2,"name":"Home"}]},{"@type":"WebSite","@id":"https:\/\/covar.com.co\/es\/#website","url":"https:\/\/covar.com.co\/es\/","name":"COVAR LTDA","description":"Constructions that make a difference","publisher":{"@id":"https:\/\/covar.com.co\/es\/#organization"},"potentialAction":[{"@type":"SearchAction","target":{"@type":"EntryPoint","urlTemplate":"https:\/\/covar.com.co\/es\/?s={search_term_string}"},"query-input":{"@type":"PropertyValueSpecification","valueRequired":true,"valueName":"search_term_string"}}],"inLanguage":"fr-FR"},{"@type":"Organization","@id":"https:\/\/covar.com.co\/es\/#organization","name":"COVAR LTDA","url":"https:\/\/covar.com.co\/es\/","logo":{"@type":"ImageObject","inLanguage":"fr-FR","@id":"https:\/\/covar.com.co\/es\/#\/schema\/logo\/image\/","url":"https:\/\/covar.com.co\/wp-content\/uploads\/2020\/01\/12-1.png","contentUrl":"https:\/\/covar.com.co\/wp-content\/uploads\/2020\/01\/12-1.png","width":500,"height":500,"caption":"COVAR LTDA"},"image":{"@id":"https:\/\/covar.com.co\/es\/#\/schema\/logo\/image\/"},"sameAs":["https:\/\/www.facebook.com\/COVAR-101618024865970","https:\/\/x.com\/covarltda","https:\/\/www.linkedin.com\/in\/jaime-corredor-1589641a6"]}]}},"jetpack_sharing_enabled":true,"_links":{"self":[{"href":"https:\/\/covar.com.co\/fr\/wp-json\/wp\/v2\/pages\/6","targetHints":{"allow":["GET"]}}],"collection":[{"href":"https:\/\/covar.com.co\/fr\/wp-json\/wp\/v2\/pages"}],"about":[{"href":"https:\/\/covar.com.co\/fr\/wp-json\/wp\/v2\/types\/page"}],"author":[{"embeddable":true,"href":"https:\/\/covar.com.co\/fr\/wp-json\/wp\/v2\/users\/1"}],"replies":[{"embeddable":true,"href":"https:\/\/covar.com.co\/fr\/wp-json\/wp\/v2\/comments?post=6"}],"version-history":[{"count":7,"href":"https:\/\/covar.com.co\/fr\/wp-json\/wp\/v2\/pages\/6\/revisions"}],"predecessor-version":[{"id":1150,"href":"https:\/\/covar.com.co\/fr\/wp-json\/wp\/v2\/pages\/6\/revisions\/1150"}],"wp:attachment":[{"href":"https:\/\/covar.com.co\/fr\/wp-json\/wp\/v2\/media?parent=6"}],"curies":[{"name":"wp","href":"https:\/\/api.w.org\/{rel}","templated":true}]}}